{"id":27747,"date":"2024-12-02T22:45:10","date_gmt":"2024-12-02T22:45:10","guid":{"rendered":"https:\/\/westestetik.com\/?page_id=27747"},"modified":"2025-11-13T12:52:48","modified_gmt":"2025-11-13T09:52:48","slug":"vaser-liposuktion-2","status":"publish","type":"page","link":"https:\/\/westestetik.com\/de\/vaser-liposuktion-2\/","title":{"rendered":"Vaser-Liposuktion"},"content":{"rendered":"<div data-elementor-type=\"wp-page\" data-elementor-id=\"27747\" class=\"elementor elementor-27747\" data-elementor-post-type=\"page\">\n\t\t\t\t<div class=\"wd-negative-gap elementor-element elementor-element-e150b12 elementor-hidden-desktop elementor-hidden-tablet elementor-hidden-mobile e-flex e-con-boxed e-con e-parent\" data-id=\"e150b12\" data-element_type=\"container\">\n\t\t\t\t\t<div class=\"e-con-inner\">\n\t\t\t\t<div class=\"elementor-element elementor-element-7286009 elementor-widget elementor-widget-image\" data-id=\"7286009\" data-element_type=\"widget\" data-widget_type=\"image.default\">\n\t\t\t\t<div class=\"elementor-widget-container\">\n\t\t\t\t\t\t\t\t\t\t\t\t\t\t\t<img fetchpriority=\"high\" decoding=\"async\" width=\"1300\" height=\"384\" src=\"https:\/\/westestetik.com\/wp-content\/uploads\/2024\/12\/Uygulama-1-1300x384.png\" class=\"attachment-large size-large wp-image-27725\" alt=\"Krankheiten\" srcset=\"https:\/\/westestetik.com\/wp-content\/uploads\/2024\/12\/Uygulama-1-1300x384.png 1300w, https:\/\/westestetik.com\/wp-content\/uploads\/2024\/12\/Uygulama-1-430x127.png 430w, https:\/\/westestetik.com\/wp-content\/uploads\/2024\/12\/Uygulama-1-150x44.png 150w, https:\/\/westestetik.com\/wp-content\/uploads\/2024\/12\/Uygulama-1-700x207.png 700w, https:\/\/westestetik.com\/wp-content\/uploads\/2024\/12\/Uygulama-1-400x118.png 400w, https:\/\/westestetik.com\/wp-content\/uploads\/2024\/12\/Uygulama-1-768x227.png 768w, https:\/\/westestetik.com\/wp-content\/uploads\/2024\/12\/Uygulama-1-1536x453.png 1536w, https:\/\/westestetik.com\/wp-content\/uploads\/2024\/12\/Uygulama-1-2048x604.png 2048w\" sizes=\"(max-width: 1300px) 100vw, 1300px\" \/>\t\t\t\t\t\t\t\t\t\t\t\t\t\t\t<\/div>\n\t\t\t\t<\/div>\n\t\t\t\t\t<\/div>\n\t\t\t\t<\/div>\n\t\t<div class=\"wd-negative-gap elementor-element elementor-element-d12832f e-flex e-con-boxed e-con e-parent\" data-id=\"d12832f\" data-element_type=\"container\">\n\t\t\t\t\t<div class=\"e-con-inner\">\n\t\t\t\t<div class=\"elementor-element elementor-element-4362e0d color-scheme-inherit text-left elementor-widget elementor-widget-text-editor\" data-id=\"4362e0d\" data-element_type=\"widget\" data-widget_type=\"text-editor.default\">\n\t\t\t\t<div class=\"elementor-widget-container\">\n\t\t\t\t\t\t\t\t\t<p><span style=\"font-weight: 400;\">Die Vaser-Liposuktion ist eine moderne Methode zur Fettabsaugung, die sich in den letzten Jahren im Bereich der K\u00f6rperkonturierung durchgesetzt hat. Als minimalinvasive Technik erleichtert dieses Verfahren die Beseitigung von hartn\u00e4ckigem K\u00f6rperfett und bietet gleichzeitig ein nat\u00fcrliches und \u00e4sthetisches Erscheinungsbild. Bei der Vaser-Liposuktion werden die Fettzellen in den Zielregionen mit Hilfe von Ultraschallwellen pr\u00e4zise verfl\u00fcssigt und aus dem K\u00f6rper entfernt. Der schnelle Heilungsprozess, die dauerhaften Ergebnisse und die sichere Anwendung lassen die Zahl derer, die diese Methode bevorzugen, von Tag zu Tag steigen.<\/span><\/p><h2><span style=\"font-weight: 400;\">Vaser-Liposuktion<\/span><span style=\"font-weight: 400;\"> Was ist das und wie macht man es?<\/span><\/h2><p><span style=\"font-weight: 400;\">Die Vaser-Liposuktion ist eine fortschrittliche Methode zur K\u00f6rperkonturierung. Mit diesem Verfahren, bei dem Fettzellen mit Ultraschallwellen angegriffen werden, kann \u00fcbersch\u00fcssiges Fett entfernt werden, ohne das umliegende Gewebe zu besch\u00e4digen. Es wird in der Regel an Bereichen wie Bauch, H\u00fcften, R\u00fccken, Beinen und Armen angewendet. W\u00e4hrend des Eingriffs wird das Fettgewebe mit Ultraschallenergie verfl\u00fcssigt und mit Hilfe eines speziellen Vakuumger\u00e4ts aus dem K\u00f6rper entfernt. Diese Methode bietet dank ihrer minimalen Invasivit\u00e4t eine k\u00fcrzere Erholungszeit.<\/span><\/p><h2><span style=\"font-weight: 400;\">Vaser-Liposuktion<\/span><span style=\"font-weight: 400;\"> F\u00fcr wen ist die Liposuktion geeignet?<\/span><\/h2><p><span style=\"font-weight: 400;\">Die Vaser-Liposuktion ist f\u00fcr gesunde Personen geeignet. Diese Methode dient jedoch nicht der Gewichtsabnahme, sondern ist ein Verfahren, das auf regionale Fettdepots abzielt. Effektivere Ergebnisse werden bei Personen mit einem Body-Mass-Index (BMI) unter 30 und einer elastischen Hautstruktur erzielt. Es ist eine ideale Option f\u00fcr diejenigen, die trotz Di\u00e4t und Sport das Fett an bestimmten Stellen nicht loswerden. Sie kann auch zur Korrektur von Deformierungen nach einer Schwangerschaft eingesetzt werden.<\/span><\/p><h2><span style=\"font-weight: 400;\">Vaser-Liposuktion<\/span><span style=\"font-weight: 400;\"> Wie sieht der Heilungsprozess danach aus?<\/span><\/h2><p><span style=\"font-weight: 400;\">Der Erholungsprozess nach einer Vaser-Liposuktion ist in der Regel schnell. Nach dem Eingriff kann es zu leichten Schwellungen und Bluterg\u00fcssen kommen, die jedoch innerhalb weniger Wochen abklingen. Das Tragen eines speziellen Korsetts in den ersten Tagen hilft, die K\u00f6rperform zu erhalten. Trinken Sie viel Wasser und ruhen Sie sich nach Anweisung Ihres Arztes aus, um den Heilungsprozess zu beschleunigen. Die meisten Menschen k\u00f6nnen innerhalb einer Woche nach dem Eingriff wieder ihren t\u00e4glichen Aktivit\u00e4ten nachgehen.<\/span><\/p><h2><span style=\"font-weight: 400;\">Vaser-Liposuktion<\/span><span style=\"font-weight: 400;\"> Welche Bereiche k\u00f6nnen mit geformt werden?<\/span><\/h2><p><span style=\"font-weight: 400;\">Die Vaser-Liposuktion kann in fast allen K\u00f6rperbereichen angewendet werden. Zu den am meisten bevorzugten Bereichen geh\u00f6ren:<\/span><\/p><ul><li><span style=\"font-weight: 400;\">Unterleib<\/span><\/li><li><span style=\"font-weight: 400;\">Bel<\/span><\/li><li><span style=\"font-weight: 400;\">H\u00fcfte<\/span><\/li><li><span style=\"font-weight: 400;\">Beine<\/span><\/li><li><span style=\"font-weight: 400;\">Waffen<\/span><\/li><li><span style=\"font-weight: 400;\">Zur\u00fcck<\/span><\/li><li><span style=\"font-weight: 400;\">Unter dem Kinn (Doppelkinn)<\/span><\/li><\/ul><p><span style=\"font-weight: 400;\">Dieses Verfahren sorgt f\u00fcr ein ebenm\u00e4\u00dfigeres Aussehen, indem es die nat\u00fcrlichen Konturen des K\u00f6rpers betont.<\/span><\/p><h2><span style=\"font-weight: 400;\">Vaser-Liposuktion<\/span><span style=\"font-weight: 400;\"> Ist es eine sichere Methode?<\/span><\/h2><p><span style=\"font-weight: 400;\">Die Vaser-Liposuktion ist eine \u00e4u\u00dferst sichere Methode, wenn sie unter geeigneten Bedingungen und von erfahrenen Chirurgen durchgef\u00fchrt wird. Da es sich um eine minimalinvasive Technik handelt, ist das Risiko von Komplikationen geringer. Wie jeder chirurgische Eingriff birgt jedoch auch die Vaser-Liposuktion gewisse Risiken. Daher ist es wichtig, dass vor dem Eingriff eine umfassende Gesundheitsuntersuchung durchgef\u00fchrt wird.<\/span><\/p><h2><span style=\"font-weight: 400;\">Vaser-Liposuktion<\/span><span style=\"font-weight: 400;\"> Wie lange dauert das Verfahren?<\/span><\/h2><p><span style=\"font-weight: 400;\">Die Dauer der Vaser-Liposuktion h\u00e4ngt von der Gr\u00f6\u00dfe des Zielbereichs und der Fettmenge ab. Im Allgemeinen kann sie zwischen 1 und 4 Stunden dauern. W\u00e4hrend das Verfahren bei kleinen Bereichen in k\u00fcrzerer Zeit abgeschlossen ist, kann es l\u00e4nger dauern, wenn mehr als ein Bereich betroffen ist.<\/span><\/p><h2><span style=\"font-weight: 400;\">Was sollte nach einer Vaser-Liposuktion beachtet werden?<\/span><\/h2><p><span style=\"font-weight: 400;\">Was nach dem Eingriff zu beachten ist:<\/span><\/p><ul><li><span style=\"font-weight: 400;\">Tragen eines speziellen Korsetts nach \u00e4rztlicher Verordnung<\/span><\/li><li><span style=\"font-weight: 400;\">Vermeidung von \u00fcberm\u00e4\u00dfiger k\u00f6rperlicher Aktivit\u00e4t<\/span><\/li><li><span style=\"font-weight: 400;\">Ausgewogene Ern\u00e4hrung und reichlich Wasserkonsum<\/span><\/li><li><span style=\"font-weight: 400;\">Regelm\u00e4\u00dfige medizinische Vorsorgeuntersuchungen<\/span><\/li><\/ul><p><span style=\"font-weight: 400;\">Wenn diese Empfehlungen befolgt werden, ist der Heilungsprozess angenehmer und die Ergebnisse sind effektiver.<\/span><\/p><h2><span style=\"font-weight: 400;\">Vaser-Liposuktion<\/span><span style=\"font-weight: 400;\"> Liefert es dauerhafte Ergebnisse?<\/span><\/h2><p><span style=\"font-weight: 400;\">Ja, die Vaser-Liposuktion liefert dauerhafte Ergebnisse. Die Fettzellen werden w\u00e4hrend des Eingriffs vollst\u00e4ndig entfernt, und diese Zellen wachsen nicht nach. Wenn Sie jedoch einen ungesunden Lebensstil pflegen, kann es zu einer Verfettung an anderen Stellen kommen. Daher sind eine ausgewogene Ern\u00e4hrung und k\u00f6rperliche Bet\u00e4tigung wichtig, um Ihr Idealgewicht nach dem Eingriff zu halten.<\/span><\/p><h2><span style=\"font-weight: 400;\">Vaser-Liposuktion<\/span><span style=\"font-weight: 400;\"> Was sind die Unterschiede zwischen der klassischen Fettabsaugung?<\/span><\/h2><p><span style=\"font-weight: 400;\">Die Vaser-Liposuktion ist eine schonendere und effektivere Methode als die klassische Fettabsaugung. Da mit Ultraschallwellen gearbeitet wird, wird das umliegende Gewebe nicht gesch\u00e4digt. Dar\u00fcber hinaus ist der Heilungsprozess k\u00fcrzer und schmerzfrei. Die Vaser-Liposuktion bietet erfolgreichere Ergebnisse bei der Formung der K\u00f6rperkonturen.<\/span><\/p><h2><span style=\"font-weight: 400;\">Vaser-Liposuktion Preise variieren je nach dem, was?<\/span><\/h2><p><span style=\"font-weight: 400;\">Die Preise f\u00fcr die Vaser-Liposuktion h\u00e4ngen von der Anzahl der zu behandelnden Bereiche, der Dauer des Eingriffs und der Erfahrung des Chirurgen ab. Auch die Stadt, in der sich die Klinik befindet, und die verwendeten Technologien geh\u00f6ren zu den Faktoren, die die Preise beeinflussen. Es ist wichtig, einen Spezialisten zu konsultieren, um detaillierte Informationen zu erhalten.<\/span><\/p>\t\t\t\t\t\t\t\t<\/div>\n\t\t\t\t<\/div>\n\t\t\t\t\t<\/div>\n\t\t\t\t<\/div>\n\t\t\t\t<\/div>","protected":false},"excerpt":{"rendered":"<p>Vaser liposak\u015f\u0131n, son y\u0131llarda v\u00fccut \u015fekillendirme alan\u0131nda pop\u00fcler hale gelen modern bir ya\u011f alma y\u00f6ntemidir. Minimal invaziv bir teknik olan<\/p>","protected":false},"author":1,"featured_media":0,"parent":0,"menu_order":0,"comment_status":"closed","ping_status":"closed","template":"","meta":{"footnotes":""},"class_list":["post-27747","page","type-page","status-publish","hentry"],"_links":{"self":[{"href":"https:\/\/westestetik.com\/de\/wp-json\/wp\/v2\/pages\/27747","targetHints":{"allow":["GET"]}}],"collection":[{"href":"https:\/\/westestetik.com\/de\/wp-json\/wp\/v2\/pages"}],"about":[{"href":"https:\/\/westestetik.com\/de\/wp-json\/wp\/v2\/types\/page"}],"author":[{"embeddable":true,"href":"https:\/\/westestetik.com\/de\/wp-json\/wp\/v2\/users\/1"}],"replies":[{"embeddable":true,"href":"https:\/\/westestetik.com\/de\/wp-json\/wp\/v2\/comments?post=27747"}],"version-history":[{"count":11,"href":"https:\/\/westestetik.com\/de\/wp-json\/wp\/v2\/pages\/27747\/revisions"}],"predecessor-version":[{"id":31916,"href":"https:\/\/westestetik.com\/de\/wp-json\/wp\/v2\/pages\/27747\/revisions\/31916"}],"wp:attachment":[{"href":"https:\/\/westestetik.com\/de\/wp-json\/wp\/v2\/media?parent=27747"}],"curies":[{"name":"wp","href":"https:\/\/api.w.org\/{rel}","templated":true}]}}