{"id":27745,"date":"2024-12-02T22:43:31","date_gmt":"2024-12-02T22:43:31","guid":{"rendered":"https:\/\/westestetik.com\/?page_id=27745"},"modified":"2025-11-13T12:52:32","modified_gmt":"2025-11-13T09:52:32","slug":"pubic-lift","status":"publish","type":"page","link":"https:\/\/westestetik.com\/de\/pubic-lift\/","title":{"rendered":"Pubic Lift"},"content":{"rendered":"<div data-elementor-type=\"wp-page\" data-elementor-id=\"27745\" class=\"elementor elementor-27745\" data-elementor-post-type=\"page\">\n\t\t\t\t<div class=\"wd-negative-gap elementor-element elementor-element-e150b12 elementor-hidden-desktop elementor-hidden-tablet elementor-hidden-mobile e-flex e-con-boxed e-con e-parent\" data-id=\"e150b12\" data-element_type=\"container\">\n\t\t\t\t\t<div class=\"e-con-inner\">\n\t\t\t\t<div class=\"elementor-element elementor-element-7286009 elementor-widget elementor-widget-image\" data-id=\"7286009\" data-element_type=\"widget\" data-widget_type=\"image.default\">\n\t\t\t\t<div class=\"elementor-widget-container\">\n\t\t\t\t\t\t\t\t\t\t\t\t\t\t\t<img fetchpriority=\"high\" decoding=\"async\" width=\"1300\" height=\"384\" src=\"https:\/\/westestetik.com\/wp-content\/uploads\/2024\/12\/Uygulama-1-1300x384.png\" class=\"attachment-large size-large wp-image-27725\" alt=\"Krankheiten\" srcset=\"https:\/\/westestetik.com\/wp-content\/uploads\/2024\/12\/Uygulama-1-1300x384.png 1300w, https:\/\/westestetik.com\/wp-content\/uploads\/2024\/12\/Uygulama-1-430x127.png 430w, https:\/\/westestetik.com\/wp-content\/uploads\/2024\/12\/Uygulama-1-150x44.png 150w, https:\/\/westestetik.com\/wp-content\/uploads\/2024\/12\/Uygulama-1-700x207.png 700w, https:\/\/westestetik.com\/wp-content\/uploads\/2024\/12\/Uygulama-1-400x118.png 400w, https:\/\/westestetik.com\/wp-content\/uploads\/2024\/12\/Uygulama-1-768x227.png 768w, https:\/\/westestetik.com\/wp-content\/uploads\/2024\/12\/Uygulama-1-1536x453.png 1536w, https:\/\/westestetik.com\/wp-content\/uploads\/2024\/12\/Uygulama-1-2048x604.png 2048w\" sizes=\"(max-width: 1300px) 100vw, 1300px\" \/>\t\t\t\t\t\t\t\t\t\t\t\t\t\t\t<\/div>\n\t\t\t\t<\/div>\n\t\t\t\t\t<\/div>\n\t\t\t\t<\/div>\n\t\t<div class=\"wd-negative-gap elementor-element elementor-element-103fa14 e-flex e-con-boxed e-con e-parent\" data-id=\"103fa14\" data-element_type=\"container\">\n\t\t\t\t\t<div class=\"e-con-inner\">\n\t\t\t\t<div class=\"elementor-element elementor-element-54e72e2 color-scheme-inherit text-left elementor-widget elementor-widget-text-editor\" data-id=\"54e72e2\" data-element_type=\"widget\" data-widget_type=\"text-editor.default\">\n\t\t\t\t<div class=\"elementor-widget-container\">\n\t\t\t\t\t\t\t\t\t<p>Bei der Schamlippenstraffung handelt es sich um einen \u00e4sthetischen chirurgischen Eingriff zur Entfernung \u00fcbersch\u00fcssiger Haut und Erschlaffung im Genitalbereich. Diese Operation ist eine wirksame L\u00f6sung f\u00fcr Menschen, die Verformungen im Genitalbereich korrigieren m\u00f6chten, insbesondere nach einer Geburt, \u00fcberm\u00e4\u00dfigem Gewichtsverlust oder Alterung. Die Schamlippenstraffung bietet sowohl in \u00e4sthetischer als auch in funktioneller Hinsicht erhebliche Vorteile; sie verhilft zu einem strafferen, glatteren und ges\u00fcnderen Aussehen. Dar\u00fcber hinaus kann dieser Eingriff auch eine Erleichterung f\u00fcr die sexuelle Gesundheit und Hygiene bedeuten. Wenn Sie unter Erschlaffung und \u00dcbergewicht in Ihrem Schambereich leiden, kann eine Schamlippenstraffung ein wichtiger Schritt zur Verbesserung Ihrer Lebensqualit\u00e4t sein.<\/p><h2>Was ist eine Schamlippenstraffung?<\/h2><p>Bei der Schamlippenstraffung handelt es sich um die chirurgische Entfernung von schlaffer Haut und Fettgewebe im Genitalbereich. In der Regel sind schlaffe und \u00fcbersch\u00fcssige Haut im Genitalbereich aufgrund von Alterung, Gewichtsver\u00e4nderungen, postpartalen oder genetischen Faktoren zu beobachten. Dies kann zu Unbehagen und k\u00f6rperlichen Problemen sowie zu \u00e4sthetischen Bedenken f\u00fchren. Eine Schamlippenstraffung sorgt f\u00fcr ein j\u00fcngeres Aussehen, indem sie den Genitalbereich strafft. Dar\u00fcber hinaus kann dieser chirurgische Eingriff die Beschwerden in diesem Bereich beseitigen, indem er f\u00fcr physiologischen Komfort sorgt.<\/p><h2>Was sind die Vorteile einer Schamlippenstraffung?<\/h2><p>Die Schamlippenstraffung bietet nicht nur \u00e4sthetische, sondern auch funktionelle Vorteile. Hier sind die wichtigsten Vorteile dieser Operation:<\/p><ol><li>Verbesserung der Genital\u00e4sthetik: Die Entfernung von \u00fcbersch\u00fcssigem Haut- und Fettgewebe im Schambereich sorgt f\u00fcr ein strafferes und j\u00fcngeres Aussehen. Dies ist eine wichtige \u00e4sthetische L\u00f6sung, insbesondere f\u00fcr Frauen, die nach der Geburt eine Erschlaffung im Genitalbereich erleben.<\/li><li>K\u00f6rperlicher Komfort: \u00dcbersch\u00fcssige Haut kann bei hei\u00dfem Wetter oder beim Sport zu Reibungen im Genitalbereich f\u00fchren. Eine Schamlippenstraffung erh\u00f6ht den k\u00f6rperlichen Komfort der Menschen, indem sie diese Beschwerden beseitigt. Dar\u00fcber hinaus k\u00f6nnen Feuchtigkeit und Schwei\u00df, die sich im Genitalbereich ansammeln, zu bakteriellen Infektionen f\u00fchren. Eine Operation kann das Risiko solcher Infektionen verringern.<\/li><li>Gesteigertes Selbstvertrauen: \u00c4sthetische Probleme im Genitalbereich k\u00f6nnen sich negativ auf das Selbstvertrauen der Menschen in ihren K\u00f6rper auswirken. Eine Schamlippenstraffung st\u00e4rkt das Selbstvertrauen der Betroffenen und erm\u00f6glicht ihnen ein angenehmeres Leben. Auch beim Geschlechtsverkehr kann sie ein Gef\u00fchl von mehr Selbstvertrauen vermitteln.<\/li><li>Verbesserung des Sexuallebens: \u00dcbersch\u00fcssige Haut im Genitalbereich kann beim Geschlechtsverkehr manchmal Unbehagen verursachen. Nach einer Schamhaarstraffung kann ein angenehmeres und \u00e4sthetisch befriedigendes Aussehen das Sexualleben verbessern.<\/li><\/ol><h2>F\u00fcr wen ist eine Schamlippenstraffung geeignet?<\/h2><p>Eine Schamlippenstraffung ist f\u00fcr Menschen mit den folgenden Erkrankungen geeignet:<\/p><ul><li>Altersbedingte Erschlaffung: Mit zunehmendem Alter verliert die Haut ihre Elastizit\u00e4t, was zu einer Erschlaffung im Genitalbereich f\u00fchren kann. Auch genetische Faktoren k\u00f6nnen diesen Prozess beschleunigen.<\/li><li>Ver\u00e4nderungen nach der Entbindung: Schwangerschaft und Geburt k\u00f6nnen zu gravierenden Ver\u00e4nderungen in der Schamgegend f\u00fchren. Erschlaffung und Lockerung in diesem Bereich k\u00f6nnen \u00e4sthetische Probleme verursachen.<\/li><li>\u00dcberm\u00e4\u00dfiger Gewichtsverlust: Ein rascher Gewichtsverlust kann dazu f\u00fchren, dass sich \u00fcbersch\u00fcssige Haut am K\u00f6rper bildet. Eine Schamlippenstraffung sorgt f\u00fcr ein strafferes und flacheres Aussehen, indem diese \u00dcbersch\u00fcsse entfernt werden.<\/li><li>Genetische Faktoren: Manche Menschen werden mit einer nat\u00fcrlichen Ansammlung von \u00fcbersch\u00fcssigem Fett und Haut geboren. Auch diese Menschen k\u00f6nnen von einer Schamlippenstraffung profitieren.<\/li><\/ul><h2>Wie wird die Schamlippenstraffung durchgef\u00fchrt?<\/h2><p>Die Schamlippenstraffung kann unter Vollnarkose oder \u00f6rtlicher Bet\u00e4ubung durchgef\u00fchrt werden, wobei die \u00f6rtliche Bet\u00e4ubung in der Regel bevorzugt wird. W\u00e4hrend des Eingriffs entfernt der Chirurg chirurgisch \u00fcbersch\u00fcssiges Haut- und Fettgewebe im Genitalbereich. Die Entfernung erfolgt in der Regel durch einen d\u00fcnnen, in der Bikinizone versteckten Schnitt. Die Dauer der Operation kann je nach Zustand der Person und Umfang des Eingriffs 1-2 Stunden betragen.<\/p><p>Der Chirurg sorgt f\u00fcr ein nat\u00fcrliches Aussehen durch Straffung des Gewebes unter der Haut. Nach der Operation k\u00f6nnen die Patienten in der Regel innerhalb weniger Tage zu ihren normalen Aktivit\u00e4ten zur\u00fcckkehren, die vollst\u00e4ndige Genesung kann jedoch 4-6 Wochen dauern. Die Narben werden so behandelt, dass sie im Laufe der Zeit verblassen und keine gro\u00dfe Aufmerksamkeit erregen, da sie in der Regel in der N\u00e4he des Genitalbereichs bleiben.<\/p><h2>Was sollte vor und nach einer Schamlippenstraffung beachtet werden?<\/h2><p>Pr\u00e4operative \u00dcberlegungen:<\/p><ul><li>Beurteilung des Gesundheitszustands: Vor der Schamhaarstraffung wird Ihr Arzt Ihren allgemeinen Gesundheitszustand beurteilen und eventuelle Allergien oder chronische Krankheiten \u00fcberpr\u00fcfen.<\/li><li>Nicht rauchen: Rauchen kann sich negativ auf den Heilungsprozess auswirken. Vor der Operation sollte nicht geraucht werden.<\/li><li>Einnahme von Medikamenten: Einige Medikamente k\u00f6nnen sich negativ auf den Heilungsprozess auswirken. Sie sollten Ihren Arzt vor der Operation \u00fcber alle Ihre Medikamente informieren.<\/li><\/ul><h2>Dinge, die nach der Operation zu beachten sind:<\/h2><ul><li>Wundversorgung Nach einer Operation ist es sehr wichtig, auf die Wundpflege zu achten. Die Hygieneregeln sollten eingehalten und die vom Arzt empfohlenen Pflegema\u00dfnahmen durchgef\u00fchrt werden.<\/li><li>Vermeiden von Sport und k\u00f6rperlichen Aktivit\u00e4ten: Schwere k\u00f6rperliche Anstrengungen sollten in den ersten 4-6 Wochen vermieden werden. Die R\u00fcckkehr zu t\u00e4glichen Aktivit\u00e4ten sollte langsam erfolgen.<\/li><li>Geschlechtsverkehr: Geschlechtsverkehr sollte vermieden werden, bevor der Heilungsprozess im Genitalbereich abgeschlossen ist. Dieser Prozess kann in der Regel 6 Wochen dauern.<\/li><\/ul><h2>Was sind die Risiken und Nebenwirkungen einer Schamlippenstraffung?<\/h2><p>Die Schamlippenstraffung ist im Allgemeinen ein sicherer Eingriff, aber wie bei jedem chirurgischen Eingriff gibt es auch hier einige Risiken. Dazu geh\u00f6ren:<\/p><ul><li>Infektion Nach einem chirurgischen Eingriff kann das Risiko einer Infektion bestehen. Daher sollten w\u00e4hrend des Heilungsprozesses die Hygieneregeln beachtet werden.<\/li><li>Blutungen W\u00e4hrend oder nach der Operation kann es zu Blutungen kommen. In diesem Fall ist es sehr wichtig, dass Sie die Anweisungen Ihres Chirurgen befolgen.<\/li><li>Verz\u00f6gerte Wundheilung: Der Heilungsprozess ist bei jedem Menschen anders. Die Wundheilung kann einige Zeit in Anspruch nehmen, aber wenn Sie geduldig sind und die Empfehlungen des Arztes befolgen, kann dieser Prozess beschleunigt werden.<\/li><li>Narbenbildung (Narbenbildung): Bei jedem chirurgischen Eingriff k\u00f6nnen Narben zur\u00fcckbleiben. Bei einer Schamhaarstraffung fallen die Narben jedoch nicht auf, da die Schnitte in der Regel in der Bikinizone verborgen sind.<\/li><\/ul><h2>Wie lange dauert die Genesung bei einer Schamlippenstraffung?<\/h2><p>Der Heilungsprozess kann individuell unterschiedlich verlaufen. Im Allgemeinen k\u00f6nnen die Patienten innerhalb der ersten 1-2 Wochen nach der Schamlippenstraffung ihre t\u00e4glichen Aktivit\u00e4ten wieder aufnehmen. K\u00f6rperliche Aktivit\u00e4ten und schwere \u00dcbungen sollten jedoch vermieden werden. Der vollst\u00e4ndige Heilungsprozess kann etwa 6-8 Wochen dauern. In dieser Zeit werden die Narben verblassen und die Haut wird sich wieder normalisieren.<\/p><h2>Gibt es Narben nach einer Schamlippenstraffung?<\/h2><p>Nach einer Schamlippenstraffung kann es zu Narbenbildung kommen. Diese Narben sind jedoch normalerweise in den nat\u00fcrlichen Konturen des Genitalbereichs verborgen und verblassen mit der Zeit. Die postoperative Pflege und die Empfehlungen des Arztes minimieren die Sichtbarkeit der Narben. Au\u00dferdem kann es mehrere Monate dauern, bis die Narben verblassen und verschwinden.<\/p><h2>Unterschiede zwischen Schamlippenstraffung und anderen \u00e4sthetischen Eingriffen<\/h2><p>Bei der Schamstraffung wird \u00fcbersch\u00fcssige Haut im Genitalbereich entfernt, w\u00e4hrend sich andere kosmetische Operationen in der Regel auf andere K\u00f6rperregionen konzentrieren. Bei einer Bauchdeckenstraffung werden beispielsweise Erschlaffungen im Bauchbereich beseitigt, w\u00e4hrend bei einer Schamlippenstraffung nur der Genitalbereich behandelt wird. Es gibt technische Unterschiede zwischen diesen beiden Operationen, aber das Ziel ist dasselbe: eine \u00e4sthetische und funktionelle Verbesserung des K\u00f6rpers zu erreichen.<\/p><h2>Was sind die Preise f\u00fcr eine Schamlippenstraffung?<\/h2><p>Der Preis f\u00fcr eine Schamlippenstraffung h\u00e4ngt von dem durchzuf\u00fchrenden Verfahren, der Erfahrung des Chirurgen und dem Zustand des Patienten ab. Im Durchschnitt k\u00f6nnen die Preise zwischen 5.000 TL und 15.000 TL variieren. Um den Preis genau zu bestimmen, sollte sich der Chirurg mit der Patientin treffen und eine Bewertung vornehmen.<\/p><h2>Wer ist ein geeigneter Kandidat f\u00fcr eine Schamlippenstraffung?<\/h2><p>Ideale Kandidaten f\u00fcr eine Schamhaarstraffung sind Personen, die unter \u00fcbersch\u00fcssiger Haut und Erschlaffung im Genitalbereich leiden, einen gesunden Lebensstil haben und alt genug sind, um die Risiken einer Operation zu verstehen. Dar\u00fcber hinaus kommen in der Regel Personen in Frage, die die folgenden Kriterien erf\u00fcllen:<\/p><ul><li>Angemessener Gesundheitszustand: Personen, die gesund genug sind, um die Risiken der Operation zu tragen, sind geeignete Kandidaten f\u00fcr diese Art von chirurgischem Eingriff. Zum Beispiel k\u00f6nnen Erkrankungen wie schwere Herzkrankheiten oder Krebs eine Schamlippenoperation riskant machen.<\/li><li>\u00c4sthetische Bedenken und k\u00f6rperliches Unbehagen: Menschen, die \u00e4sthetische Bedenken und k\u00f6rperliche Beschwerden aufgrund von \u00fcbersch\u00fcssiger Haut und Fettansammlungen im Genitalbereich haben, k\u00f6nnen mit diesem Eingriff Linderung erfahren.<\/li><li>Postnatale K\u00f6rperver\u00e4nderungen: Die chirurgische Schamlippenstraffung ist eine wirksame L\u00f6sung, um die Erschlaffung und Absenkung des Genitalbereichs nach der Geburt zu korrigieren.<\/li><li>\u00dcbersch\u00fcssige Haut nach einer Gewichtsabnahme: Nach einer \u00fcberm\u00e4\u00dfigen Gewichtsabnahme kann es zu Haut\u00fcberschuss am K\u00f6rper kommen. In diesem Fall kann die \u00fcbersch\u00fcssige Haut in diesem Bereich mit einer Schamlippenoperation entfernt werden.<\/li><\/ul><h2>Schamlippenstraffung und ihre Auswirkungen auf die sexuelle Gesundheit<\/h2><p>Eine Schamlippenstraffung kann positive Auswirkungen auf die sexuelle Gesundheit haben. \u00dcbersch\u00fcssige Haut und Gewebe im Genitalbereich k\u00f6nnen Reibung und Unbehagen beim Geschlechtsverkehr verursachen. Dies kann sich negativ auf das Sexualleben auswirken. Das straffere und \u00e4sthetischere Aussehen des Genitalbereichs nach der Operation kann das Selbstvertrauen der Person st\u00e4rken und den Komfort beim Geschlechtsverkehr erh\u00f6hen.<\/p><p>Dar\u00fcber hinaus kann auch das Infektionsrisiko durch \u00fcbersch\u00fcssige Haut und Erschlaffung im Genitalbereich verringert werden. Die Hygiene wird nach einer Schamlippenstraffung viel einfacher, was das Infektionsrisiko verringert und sich positiv auf die sexuelle Gesundheit auswirkt.<\/p><h2>Wie lange dauert eine Operation zur Schamlippenstraffung?<\/h2><p>Eine Schamlippenstraffung dauert in der Regel 1-2 Stunden. Der Chirurg schlie\u00dft den Eingriff ab, indem er sorgf\u00e4ltig \u00fcbersch\u00fcssige Haut und Fettgewebe in diesem Bereich entfernt. Die Dauer kann je nach Art der An\u00e4sthesie und der pers\u00f6nlichen Situation variieren.<\/p><h2>Ist eine Schamlippenstraffung ein schmerzhafter Eingriff?<\/h2><p>Da die Schamhaarstraffung unter \u00f6rtlicher Bet\u00e4ubung durchgef\u00fchrt werden kann, sind w\u00e4hrend des Eingriffs keine Schmerzen zu sp\u00fcren. Allerdings kann es w\u00e4hrend des Heilungsprozesses zu leichten Schmerzen und Unwohlsein kommen. Diese Schmerzen k\u00f6nnen mit den vom Arzt empfohlenen Schmerzmitteln unter Kontrolle gebracht werden.<\/p><h2>Wann vergeht die Narbe nach einer Schamlippenstraffung?<\/h2><p>Die nach einer Schamhaarstraffung entstandenen Narben verblassen mit der Zeit. Im Allgemeinen k\u00f6nnen die Narben innerhalb von 6 Monaten bis 1 Jahr deutlich verblassen. Es ist wichtig, dass Sie die von Ihrem Arzt empfohlenen Pflege- und Behandlungsmethoden befolgen, um das Aussehen der Narben zu verbessern.<\/p><h2>Ist eine Schamlippenstraffung dauerhaft?<\/h2><p>Eine Schamlippenstraffung sorgt f\u00fcr dauerhafte Ver\u00e4nderungen im Genitalbereich. Allerdings k\u00f6nnen sich Faktoren wie der Alterungsprozess, Gewichtsver\u00e4nderungen und Schwangerschaften im Laufe der Zeit auswirken, und es kann zu erneuten Lockerungen in diesem Bereich kommen. Daher k\u00f6nnen eine gesunde Lebensweise und regelm\u00e4\u00dfige Pflege dazu beitragen, das Ergebnis zu erhalten.<\/p><p>Daher bietet die Schamlippenstraffung erhebliche \u00e4sthetische und funktionelle Vorteile. Sie sorgt f\u00fcr ein j\u00fcngeres, strafferes und angenehmeres Aussehen, indem \u00fcbersch\u00fcssiges Haut- und Fettgewebe im Genitalbereich entfernt wird. Sie kann eine wirksame L\u00f6sung sowohl f\u00fcr \u00e4sthetische Bedenken als auch f\u00fcr k\u00f6rperliche Beschwerden sein. Wie jeder chirurgische Eingriff birgt jedoch auch diese Operation einige Risiken, und es ist wichtig, geeignete Kandidaten zu ermitteln. Wenn Sie eine Schamlippenstraffung in Erw\u00e4gung ziehen, k\u00f6nnen Sie daher die beste Entscheidung treffen, indem Sie ein ausf\u00fchrliches Gespr\u00e4ch mit einem erfahrenen Chirurgen f\u00fchren.<\/p>\t\t\t\t\t\t\t\t<\/div>\n\t\t\t\t<\/div>\n\t\t\t\t\t<\/div>\n\t\t\t\t<\/div>\n\t\t\t\t<\/div>","protected":false},"excerpt":{"rendered":"<p>Pubik kald\u0131rma ameliyat\u0131, genital b\u00f6lgedeki fazla deri ve sarkmalar\u0131n giderilmesi amac\u0131yla yap\u0131lan estetik bir cerrahi i\u015flemdir. Bu operasyon, \u00f6zellikle do\u011fum<\/p>","protected":false},"author":1,"featured_media":0,"parent":0,"menu_order":0,"comment_status":"closed","ping_status":"closed","template":"","meta":{"footnotes":""},"class_list":["post-27745","page","type-page","status-publish","hentry"],"_links":{"self":[{"href":"https:\/\/westestetik.com\/de\/wp-json\/wp\/v2\/pages\/27745","targetHints":{"allow":["GET"]}}],"collection":[{"href":"https:\/\/westestetik.com\/de\/wp-json\/wp\/v2\/pages"}],"about":[{"href":"https:\/\/westestetik.com\/de\/wp-json\/wp\/v2\/types\/page"}],"author":[{"embeddable":true,"href":"https:\/\/westestetik.com\/de\/wp-json\/wp\/v2\/users\/1"}],"replies":[{"embeddable":true,"href":"https:\/\/westestetik.com\/de\/wp-json\/wp\/v2\/comments?post=27745"}],"version-history":[{"count":10,"href":"https:\/\/westestetik.com\/de\/wp-json\/wp\/v2\/pages\/27745\/revisions"}],"predecessor-version":[{"id":31912,"href":"https:\/\/westestetik.com\/de\/wp-json\/wp\/v2\/pages\/27745\/revisions\/31912"}],"wp:attachment":[{"href":"https:\/\/westestetik.com\/de\/wp-json\/wp\/v2\/media?parent=27745"}],"curies":[{"name":"wp","href":"https:\/\/api.w.org\/{rel}","templated":true}]}}