{"id":27743,"date":"2024-12-02T22:42:54","date_gmt":"2024-12-02T22:42:54","guid":{"rendered":"https:\/\/westestetik.com\/?page_id=27743"},"modified":"2025-11-13T12:52:19","modified_gmt":"2025-11-13T09:52:19","slug":"aesthetik-der-bauchmuskeln","status":"publish","type":"page","link":"https:\/\/westestetik.com\/de\/aesthetik-der-bauchmuskeln\/","title":{"rendered":"\u00c4sthetik der Bauchmuskeln"},"content":{"rendered":"<div data-elementor-type=\"wp-page\" data-elementor-id=\"27743\" class=\"elementor elementor-27743\" data-elementor-post-type=\"page\">\n\t\t\t\t<div class=\"wd-negative-gap elementor-element elementor-element-e150b12 elementor-hidden-desktop elementor-hidden-tablet elementor-hidden-mobile e-flex e-con-boxed e-con e-parent\" data-id=\"e150b12\" data-element_type=\"container\">\n\t\t\t\t\t<div class=\"e-con-inner\">\n\t\t\t\t<div class=\"elementor-element elementor-element-7286009 elementor-widget elementor-widget-image\" data-id=\"7286009\" data-element_type=\"widget\" data-widget_type=\"image.default\">\n\t\t\t\t<div class=\"elementor-widget-container\">\n\t\t\t\t\t\t\t\t\t\t\t\t\t\t\t<img fetchpriority=\"high\" decoding=\"async\" width=\"1300\" height=\"384\" src=\"https:\/\/westestetik.com\/wp-content\/uploads\/2024\/12\/Uygulama-1-1300x384.png\" class=\"attachment-large size-large wp-image-27725\" alt=\"Krankheiten\" srcset=\"https:\/\/westestetik.com\/wp-content\/uploads\/2024\/12\/Uygulama-1-1300x384.png 1300w, https:\/\/westestetik.com\/wp-content\/uploads\/2024\/12\/Uygulama-1-430x127.png 430w, https:\/\/westestetik.com\/wp-content\/uploads\/2024\/12\/Uygulama-1-150x44.png 150w, https:\/\/westestetik.com\/wp-content\/uploads\/2024\/12\/Uygulama-1-700x207.png 700w, https:\/\/westestetik.com\/wp-content\/uploads\/2024\/12\/Uygulama-1-400x118.png 400w, https:\/\/westestetik.com\/wp-content\/uploads\/2024\/12\/Uygulama-1-768x227.png 768w, https:\/\/westestetik.com\/wp-content\/uploads\/2024\/12\/Uygulama-1-1536x453.png 1536w, https:\/\/westestetik.com\/wp-content\/uploads\/2024\/12\/Uygulama-1-2048x604.png 2048w\" sizes=\"(max-width: 1300px) 100vw, 1300px\" \/>\t\t\t\t\t\t\t\t\t\t\t\t\t\t\t<\/div>\n\t\t\t\t<\/div>\n\t\t\t\t\t<\/div>\n\t\t\t\t<\/div>\n\t\t<div class=\"wd-negative-gap elementor-element elementor-element-802a8c8 e-flex e-con-boxed e-con e-parent\" data-id=\"802a8c8\" data-element_type=\"container\">\n\t\t\t\t\t<div class=\"e-con-inner\">\n\t\t\t\t<div class=\"elementor-element elementor-element-cfc42a6 color-scheme-inherit text-left elementor-widget elementor-widget-text-editor\" data-id=\"cfc42a6\" data-element_type=\"widget\" data-widget_type=\"text-editor.default\">\n\t\t\t\t<div class=\"elementor-widget-container\">\n\t\t\t\t\t\t\t\t\t<p><span style=\"font-weight: 400;\">Die Bauchmuskelchirurgie ist ein chirurgischer Eingriff, der von Personen bevorzugt wird, die durch eine st\u00e4rkere Betonung ihrer Bauchmuskeln ein \u00e4sthetischeres Aussehen erreichen wollen. Diese Muskelstruktur, die mit Di\u00e4t und Sport nur schwer zu erreichen ist, ist eine ideale L\u00f6sung f\u00fcr Menschen, die ihre K\u00f6rperkonturen formen und ein fitteres Aussehen erreichen m\u00f6chten. Diese Operation, die sowohl bei M\u00e4nnern als auch bei Frauen angewandt werden kann, f\u00fchrt zu \u00e4sthetisch befriedigenden Ergebnissen, indem \u00fcbersch\u00fcssiges Fett im Bauchbereich entfernt und die Muskelkonturen verdeutlicht werden.<\/span><\/p><h2><span style=\"font-weight: 400;\">Was ist eine Bauchmuskeloperation?<\/span><\/h2><p><span style=\"font-weight: 400;\">Die Bauchmuskelchirurgie ist ein chirurgischer Eingriff, der durchgef\u00fchrt wird, um die Bauchmuskeln hervorzuheben und dem K\u00f6rper eine \u00e4sthetische Form zu geben. Sie wird im Allgemeinen von Personen bevorzugt, die die Sichtbarkeit ihrer Bauchmuskeln erh\u00f6hen m\u00f6chten. Dieses Verfahren wird angewandt, um ein Sixpack zu schaffen, das mit Di\u00e4t und Sport nicht erreicht werden kann. Dieser Eingriff, der sowohl f\u00fcr M\u00e4nner als auch f\u00fcr Frauen geeignet ist, beseitigt \u00fcbersch\u00fcssiges Fett im Bauchbereich und verdeutlicht die Muskelkonturen und formt die K\u00f6rperkonturen.<\/span><\/p><h2><span style=\"font-weight: 400;\">Wie wird eine Bauchmuskeloperation durchgef\u00fchrt?<\/span><\/h2><p><span style=\"font-weight: 400;\">Die Bauchdeckenstraffung wird in der Regel mit einer Kombination von Techniken wie Fettabsaugung (Fettentfernung) und Bauchdeckenstraffung (Tummy Tuck) durchgef\u00fchrt. W\u00e4hrend des Eingriffs werden nach der Entfernung des \u00fcbersch\u00fcssigen Fetts im Bauchbereich entsprechende Schnitte gesetzt, damit die Muskelkonturen deutlicher hervortreten. Auf diese Weise wird das Aussehen eines Sixpacks erreicht. Der Eingriff wird in der Regel unter Vollnarkose durchgef\u00fchrt und dauert in der Regel zwischen 2-4 Stunden. Die Ergebnisse sind sofort sichtbar, aber der Heilungsprozess kann einige Zeit in Anspruch nehmen.<\/span><\/p><h2><span style=\"font-weight: 400;\">Ist ein nat\u00fcrliches Aussehen mit einer Bauchmuskeloperation m\u00f6glich?<\/span><\/h2><p><span style=\"font-weight: 400;\">Es ist m\u00f6glich, mit einer Bauchmuskeloperation ein nat\u00fcrliches Aussehen zu erzielen. Allerdings k\u00f6nnen die Erfahrung des Chirurgen und die verwendeten Techniken die Nat\u00fcrlichkeit des Ergebnisses direkt beeinflussen. Ein erfahrener plastischer Chirurg formt die Muskelkonturen in \u00dcbereinstimmung mit den nat\u00fcrlichen Konturen des K\u00f6rpers, so dass das Ergebnis \u00e4sthetisch nat\u00fcrlicher wirkt. Im Idealfall ist es das Ziel, die Muskeln zu betonen und gleichzeitig dem K\u00f6rper eine nat\u00fcrliche Form zu geben, so dass die erzielten Ergebnisse \u00e4sthetisch zufriedenstellend sind und ein nat\u00fcrliches Aussehen haben.<\/span><\/p><h2><span style=\"font-weight: 400;\">F\u00fcr wen ist eine Bauchmuskeloperation geeignet?<\/span><\/h2><p><span style=\"font-weight: 400;\">Eine Bauchmuskeloperation ist eine geeignete Option f\u00fcr Personen, die eine gesunde K\u00f6rperstruktur haben und ihre Bauchmuskeln definieren m\u00f6chten. Im Allgemeinen bevorzugen Menschen, die mit Sport und Di\u00e4t nicht das gew\u00fcnschte Ergebnis erzielen k\u00f6nnen, diese Operation. Sie kann auch f\u00fcr Menschen mit einem Body-Mass-Index (BMI) unter 30 und Fettablagerungen im Bauchbereich eine geeignete L\u00f6sung sein. Vor der Operation werden der allgemeine Gesundheitszustand und die K\u00f6rperstruktur der Person ber\u00fccksichtigt.<\/span><\/p><h2><span style=\"font-weight: 400;\">Kad\u0131nlarda Kar\u0131n Kas\u0131 Ameliyat\u0131 Avantajlar\u0131 Nelerdir?<\/span><\/h2><p><span style=\"font-weight: 400;\">Die Bauchmuskelchirurgie f\u00fcr Frauen sorgt f\u00fcr ein strafferes Aussehen und verdeutlicht die K\u00f6rperkonturen. Sie kann insbesondere zur Wiederherstellung der nach der Schwangerschaft erschlafften Bauchmuskeln und zur Beseitigung von \u00fcbersch\u00fcssigem Fett im Bauchbereich bevorzugt werden. Neben den \u00e4sthetischen Vorteilen ist die St\u00e4rkung des Selbstbewusstseins und die Verbesserung des allgemeinen Erscheinungsbildes eine wichtige Motivationsquelle f\u00fcr Frauen. Au\u00dferdem werden die Konturen des weiblichen K\u00f6rpers st\u00e4rker betont und die Bauchmuskeln sichtbar gemacht, was ein \u00e4sthetisches Gleichgewicht schafft.<\/span><\/p><h2><span style=\"font-weight: 400;\">Genesungsprozess nach einer Bauchmuskeloperation<\/span><\/h2><p><span style=\"font-weight: 400;\">Der Erholungsprozess nach einer Bauchmuskeloperation kann von Person zu Person unterschiedlich sein. Nach der Operation k\u00f6nnen die Patienten einige Tage lang Schmerzen, Schwellungen und Bluterg\u00fcsse haben. Diese Symptome gehen in der Regel mit der Zeit zur\u00fcck. Um den Heilungsprozess zu beschleunigen, empfehlen \u00c4rzte die Verwendung eines speziellen Korsetts. Die Patienten k\u00f6nnen nach etwa 2 bis 3 Wochen zu ihren normalen t\u00e4glichen Aktivit\u00e4ten zur\u00fcckkehren, w\u00e4hrend schwere \u00dcbungen und k\u00f6rperliche Aktivit\u00e4ten erst nach 6 Wochen m\u00f6glich sind. Der vollst\u00e4ndige Heilungsprozess ist nach 3-6 Monaten abgeschlossen.<\/span><\/p><h2><span style=\"font-weight: 400;\">Gibt es eine Altersgrenze f\u00fcr Bauchmuskeloperationen?<\/span><\/h2><p><span style=\"font-weight: 400;\">Es gibt keine bestimmte Altersgrenze f\u00fcr Bauchmuskeloperationen, aber diese Operation wird im Allgemeinen nicht f\u00fcr Personen unter 18 Jahren empfohlen. Lebensjahr nicht empfohlen, da die unvollst\u00e4ndige Entwicklung des K\u00f6rpers dazu f\u00fchren kann, dass das Ergebnis nicht auf gesunde Weise erzielt wird. Da die Elastizit\u00e4t der Haut mit zunehmendem Alter abnimmt, k\u00f6nnen der Heilungsprozess und das Ergebnis bei \u00e4lteren Personen l\u00e4nger dauern. Die Eignung dieser Operation kann vom Chirurgen anhand des allgemeinen Gesundheitszustands der Personen beurteilt werden.<\/span><\/p><h2><span style=\"font-weight: 400;\">Wann wird eine Bauchmuskeloperation wirksam?<\/span><\/h2><p><span style=\"font-weight: 400;\">Eine Bauchmuskeloperation hat in der Regel eine sofortige Wirkung. Es kann jedoch erforderlich sein, einige Wochen auf das endg\u00fcltige Ergebnis zu warten. Wenn die Schwellungen und Bluterg\u00fcsse abklingen, werden die Muskelkonturen deutlicher. Das vollst\u00e4ndige Ergebnis ist innerhalb von 3-6 Monaten nach Abschluss des Heilungsprozesses zu sehen. In dieser Zeit werden die Muskeln \u00e4sthetischer und markanter.<\/span><\/p><h2><span style=\"font-weight: 400;\">Ist eine Bauchmuskeloperation dauerhaft?<\/span><\/h2><p><span style=\"font-weight: 400;\">Die Ergebnisse einer Bauchmuskeloperation sind in der Regel dauerhaft. Ein gesunder Lebensstil, regelm\u00e4\u00dfiger Sport und eine ausgewogene Ern\u00e4hrung tragen jedoch dazu bei, die erzielten Ergebnisse zu erhalten. Nach der Operation k\u00f6nnen eine \u00fcberm\u00e4\u00dfige Gewichtszunahme oder gr\u00f6\u00dfere k\u00f6rperliche Ver\u00e4nderungen das Aussehen des Sixpacks beeintr\u00e4chtigen. Eine sorgf\u00e4ltige Pflege und eine Anpassung des Lebensstils nach der Operation erh\u00f6hen daher die Dauerhaftigkeit des Ergebnisses.<\/span><\/p><h2><span style=\"font-weight: 400;\">Ist eine Operation am Bauchmuskel schmerzhaft?<\/span><\/h2><p><span style=\"font-weight: 400;\">Die Schmerzen nach einer Bauchmuskeloperation sind in der Regel leicht bis m\u00e4\u00dfig. Diese Schmerzen vergehen innerhalb weniger Tage und k\u00f6nnen mit den vom Arzt empfohlenen Schmerzmitteln gelindert werden. Dar\u00fcber hinaus kann die Verwendung eines vom Arzt empfohlenen Korsetts w\u00e4hrend des Heilungsprozesses Schmerzen und Schwellungen wirksam reduzieren.<\/span><\/p><h2><span style=\"font-weight: 400;\">Bauchmuskelchirurgie Preise<\/span><\/h2><p><span style=\"font-weight: 400;\">Die Preise f\u00fcr Bauchmuskeloperationen k\u00f6nnen von vielen Faktoren abh\u00e4ngen, z. B. von der Erfahrung des Chirurgen, dem Standort der Klinik, den angewandten Techniken und den spezifischen Bed\u00fcrfnissen des Patienten. Um klare Informationen \u00fcber die Preise zu erhalten, empfiehlt es sich, ein ausf\u00fchrliches Gespr\u00e4ch mit einem spezialisierten plastischen Chirurgen zu f\u00fchren. Die f\u00fcr jeden Einzelnen am besten geeignete L\u00f6sung wird anhand der pers\u00f6nlichen Bed\u00fcrfnisse und Erwartungen ermittelt.<\/span><\/p><p><span style=\"font-weight: 400;\">Die Bauchmuskelchirurgie verbessert das k\u00f6rperliche Erscheinungsbild von Menschen, indem sie eine \u00e4sthetisch bedeutsame Ver\u00e4nderung bewirkt. Wenn Sie mit einem erfahrenen Chirurgen zusammenarbeiten, k\u00f6nnen Sie die besten Ergebnisse erzielen, die Ihren Erwartungen entsprechen.<\/span><\/p>\t\t\t\t\t\t\t\t<\/div>\n\t\t\t\t<\/div>\n\t\t\t\t\t<\/div>\n\t\t\t\t<\/div>\n\t\t\t\t<\/div>","protected":false},"excerpt":{"rendered":"<p>Kar\u0131n kas\u0131 ameliyat\u0131, kar\u0131n kaslar\u0131n\u0131 belirginle\u015ftirerek daha estetik bir g\u00f6r\u00fcn\u00fcm elde etmek isteyen bireyler i\u00e7in tercih edilen cerrahi bir m\u00fcdahaledir.<\/p>","protected":false},"author":1,"featured_media":0,"parent":0,"menu_order":0,"comment_status":"closed","ping_status":"closed","template":"","meta":{"footnotes":""},"class_list":["post-27743","page","type-page","status-publish","hentry"],"_links":{"self":[{"href":"https:\/\/westestetik.com\/de\/wp-json\/wp\/v2\/pages\/27743","targetHints":{"allow":["GET"]}}],"collection":[{"href":"https:\/\/westestetik.com\/de\/wp-json\/wp\/v2\/pages"}],"about":[{"href":"https:\/\/westestetik.com\/de\/wp-json\/wp\/v2\/types\/page"}],"author":[{"embeddable":true,"href":"https:\/\/westestetik.com\/de\/wp-json\/wp\/v2\/users\/1"}],"replies":[{"embeddable":true,"href":"https:\/\/westestetik.com\/de\/wp-json\/wp\/v2\/comments?post=27743"}],"version-history":[{"count":14,"href":"https:\/\/westestetik.com\/de\/wp-json\/wp\/v2\/pages\/27743\/revisions"}],"predecessor-version":[{"id":31909,"href":"https:\/\/westestetik.com\/de\/wp-json\/wp\/v2\/pages\/27743\/revisions\/31909"}],"wp:attachment":[{"href":"https:\/\/westestetik.com\/de\/wp-json\/wp\/v2\/media?parent=27743"}],"curies":[{"name":"wp","href":"https:\/\/api.w.org\/{rel}","templated":true}]}}