{"id":27741,"date":"2024-12-02T22:41:45","date_gmt":"2024-12-02T22:41:45","guid":{"rendered":"https:\/\/westestetik.com\/?page_id=27741"},"modified":"2025-11-13T12:52:02","modified_gmt":"2025-11-13T09:52:02","slug":"huftimplantat","status":"publish","type":"page","link":"https:\/\/westestetik.com\/de\/huftimplantat\/","title":{"rendered":"H\u00fcftimplantat"},"content":{"rendered":"<div data-elementor-type=\"wp-page\" data-elementor-id=\"27741\" class=\"elementor elementor-27741\" data-elementor-post-type=\"page\">\n\t\t\t\t<div class=\"wd-negative-gap elementor-element elementor-element-e150b12 elementor-hidden-desktop elementor-hidden-tablet elementor-hidden-mobile e-flex e-con-boxed e-con e-parent\" data-id=\"e150b12\" data-element_type=\"container\">\n\t\t\t\t\t<div class=\"e-con-inner\">\n\t\t\t\t<div class=\"elementor-element elementor-element-7286009 elementor-widget elementor-widget-image\" data-id=\"7286009\" data-element_type=\"widget\" data-widget_type=\"image.default\">\n\t\t\t\t<div class=\"elementor-widget-container\">\n\t\t\t\t\t\t\t\t\t\t\t\t\t\t\t<img fetchpriority=\"high\" decoding=\"async\" width=\"1300\" height=\"384\" src=\"https:\/\/westestetik.com\/wp-content\/uploads\/2024\/12\/Uygulama-1-1300x384.png\" class=\"attachment-large size-large wp-image-27725\" alt=\"Krankheiten\" srcset=\"https:\/\/westestetik.com\/wp-content\/uploads\/2024\/12\/Uygulama-1-1300x384.png 1300w, https:\/\/westestetik.com\/wp-content\/uploads\/2024\/12\/Uygulama-1-430x127.png 430w, https:\/\/westestetik.com\/wp-content\/uploads\/2024\/12\/Uygulama-1-150x44.png 150w, https:\/\/westestetik.com\/wp-content\/uploads\/2024\/12\/Uygulama-1-700x207.png 700w, https:\/\/westestetik.com\/wp-content\/uploads\/2024\/12\/Uygulama-1-400x118.png 400w, https:\/\/westestetik.com\/wp-content\/uploads\/2024\/12\/Uygulama-1-768x227.png 768w, https:\/\/westestetik.com\/wp-content\/uploads\/2024\/12\/Uygulama-1-1536x453.png 1536w, https:\/\/westestetik.com\/wp-content\/uploads\/2024\/12\/Uygulama-1-2048x604.png 2048w\" sizes=\"(max-width: 1300px) 100vw, 1300px\" \/>\t\t\t\t\t\t\t\t\t\t\t\t\t\t\t<\/div>\n\t\t\t\t<\/div>\n\t\t\t\t\t<\/div>\n\t\t\t\t<\/div>\n\t\t<div class=\"wd-negative-gap elementor-element elementor-element-65407f0 e-flex e-con-boxed e-con e-parent\" data-id=\"65407f0\" data-element_type=\"container\">\n\t\t\t\t\t<div class=\"e-con-inner\">\n\t\t\t\t<div class=\"elementor-element elementor-element-896df31 color-scheme-inherit text-left elementor-widget elementor-widget-text-editor\" data-id=\"896df31\" data-element_type=\"widget\" data-widget_type=\"text-editor.default\">\n\t\t\t\t<div class=\"elementor-widget-container\">\n\t\t\t\t\t\t\t\t\t<p><span style=\"font-weight: 400;\">Ein H\u00fcftimplantat ist eine chirurgische L\u00f6sung, die aufgrund einer \u00fcberm\u00e4\u00dfigen Sch\u00e4digung oder Degeneration des H\u00fcftgelenks eingesetzt wird. Es ist eine wirksame Behandlungsm\u00f6glichkeit insbesondere f\u00fcr Personen, die aufgrund von Arthrose, Unfalltraumata oder altersbedingten Gelenkerkrankungen Schmerzen und Bewegungseinschr\u00e4nkungen im H\u00fcftgelenk haben. Bei der H\u00fcftimplantation wird der gesch\u00e4digte Bereich des Gelenks durch eine haltbare und langlebige Prothese ersetzt.\u00a0<\/span><\/p><h2><span style=\"font-weight: 400;\">Was ist ein H\u00fcftimplantat und wie wird es eingesetzt?<\/span><\/h2><p><span style=\"font-weight: 400;\">Ein H\u00fcftimplantat ist eine chirurgische Behandlung f\u00fcr \u00fcberm\u00e4\u00dfige Sch\u00e4den oder Degenerationen des H\u00fcftgelenks. Das H\u00fcftgelenk ist ein gro\u00dfes Gelenk, das die Bewegung zwischen dem Oberschenkelknochen (Femur) und dem Becken erm\u00f6glicht. Im Laufe der Zeit kann es durch Alterung, Unf\u00e4lle oder Krankheiten zu Sch\u00e4den an diesem Gelenk kommen. Ein H\u00fcftimplantat lindert die Schmerzen und erm\u00f6glicht es den Patienten, ihre Mobilit\u00e4t durch eine Gelenkprothese wiederzuerlangen, die anstelle des besch\u00e4digten Gelenks eingesetzt wird.<\/span><\/p><h2><span style=\"font-weight: 400;\">F\u00fcr wen ist eine H\u00fcftimplantatoperation geeignet?<\/span><\/h2><p><span style=\"font-weight: 400;\">Eine H\u00fcftimplantat-Operation ist in der Regel f\u00fcr Patienten mit starken Schmerzen und Funktionseinbu\u00dfen im H\u00fcftgelenk geeignet. Personen mit Sch\u00e4den am H\u00fcftgelenk infolge von Erkrankungen wie Arthrose, Trauma oder Knorpelsch\u00e4den k\u00f6nnen diese Operation vorziehen. Dar\u00fcber hinaus sind auch Patienten, deren Schmerzen mit konservativen Behandlungsmethoden nicht in den Griff zu bekommen sind, geeignete Kandidaten f\u00fcr eine H\u00fcftimplantatoperation.<\/span><\/p><h2><span style=\"font-weight: 400;\">Vorbereitungsprozess vor der H\u00fcftimplantatoperation<\/span><\/h2><p><span style=\"font-weight: 400;\">Vor der H\u00fcftimplantatoperation werden die Patienten eingehend untersucht und getestet. Diese Tests dienen dazu, den allgemeinen Gesundheitszustand des Patienten zu beurteilen und seine Eignung f\u00fcr die Operation zu ermitteln. In der Regel werden Blutuntersuchungen, ein EKG und R\u00f6ntgenaufnahmen des H\u00fcftgelenks durchgef\u00fchrt. Au\u00dferdem wird der Patient \u00fcber die An\u00e4sthesie aufgekl\u00e4rt und \u00fcber den postoperativen Genesungsprozess informiert.<\/span><\/p><h2><span style=\"font-weight: 400;\">H\u00fcftimplantat<\/span><span style=\"font-weight: 400;\"> Wie lange dauert die Operation?<\/span><\/h2><p><span style=\"font-weight: 400;\">Die Operation eines H\u00fcftimplantats dauert in der Regel zwischen 1,5 und 3 Stunden. Diese Zeit kann jedoch je nach Erfahrung des Chirurgen, dem Zustand des Patienten und den verwendeten Prothesenmaterialien variieren. Die Operation wird unter Vollnarkose durchgef\u00fchrt, und die Patienten versp\u00fcren w\u00e4hrend des Eingriffs keine Schmerzen. Je nach Genesungsprozess und Zustand des Patienten k\u00f6nnen die Patienten mehrere Tage im Krankenhaus bleiben.<\/span><\/p><h2><span style=\"font-weight: 400;\">H\u00fcftimplantat<\/span><span style=\"font-weight: 400;\"> Wie hoch sind die Preise?<\/span><\/h2><p><span style=\"font-weight: 400;\">Die Preise f\u00fcr H\u00fcftimplantate variieren je nach Art der verwendeten Prothese, der Erfahrung des Chirurgen und des Krankenhauses. Die meisten H\u00fcftprothesen werden aus langlebigen und haltbaren Materialien hergestellt, was sich ebenfalls auf die Preise auswirkt. Die Preise richten sich nach der Art des verwendeten Implantats und den spezifischen Anforderungen des Patienten. Es ist wichtig, einen spezialisierten orthop\u00e4dischen Chirurgen zu konsultieren, um einen genauen Preis zu erhalten.<\/span><\/p><h2><span style=\"font-weight: 400;\">H\u00fcftimplantat<\/span><span style=\"font-weight: 400;\"> Dauer der Anwendung und Arten der An\u00e4sthesie<\/span><\/h2><p><span style=\"font-weight: 400;\">Eine H\u00fcftimplantatoperation dauert in der Regel 1,5 bis 3 Stunden. W\u00e4hrend des Eingriffs befinden sich die Patienten in Vollnarkose, was bedeutet, dass sie w\u00e4hrend des Eingriffs keine Schmerzen versp\u00fcren. Die Art der An\u00e4sthesie kann je nach dem allgemeinen Gesundheitszustand des Patienten und der Pr\u00e4ferenz des Chirurgen variieren. In der Regel wird eine Spinalan\u00e4sthesie oder eine Vollnarkose bevorzugt.<\/span><\/p><h2><span style=\"font-weight: 400;\">H\u00fcftimplantat<\/span><span style=\"font-weight: 400;\"> Erholungsprozess nach<\/span><\/h2><p><span style=\"font-weight: 400;\">Der Genesungsprozess nach einer H\u00fcftimplantatoperation kann je nach Alter des Patienten, Gesundheitszustand und der vom Chirurgen angewandten Technik variieren. In den ersten Tagen nach der Operation sollten die Patienten die Empfehlungen ihres Arztes zur Schmerzbehandlung und Physiotherapie befolgen. Physikalische Therapie beschleunigt die Wiederherstellung der H\u00fcftgelenkfunktion. In der Regel k\u00f6nnen die Patienten innerhalb von 6 bis 8 Wochen zu ihren normalen Aktivit\u00e4ten zur\u00fcckkehren.<\/span><\/p><h2><span style=\"font-weight: 400;\">H\u00fcftimplantat<\/span><span style=\"font-weight: 400;\"> Was sind die Vorteile der Anwendung?<\/span><\/h2><p><span style=\"font-weight: 400;\">Der Einsatz eines H\u00fcftimplantats ist eine hervorragende L\u00f6sung f\u00fcr Patienten, die unter starken Schmerzen und Bewegungseinschr\u00e4nkungen im H\u00fcftgelenk leiden. Der wichtigste Vorteil dieser Operation besteht darin, dass sie die Schmerzen beseitigt und es den Patienten erm\u00f6glicht, in ihren Alltag zur\u00fcckzukehren. Au\u00dferdem wird der Funktionsverlust des H\u00fcftgelenks kompensiert und die Beweglichkeit der Patienten erh\u00f6ht. Nach der Operation sind die meisten Patienten in der Lage, einen aktiveren Lebensstil zu f\u00fchren.<\/span><\/p><h2><span style=\"font-weight: 400;\">H\u00fcftimplantat <\/span><span style=\"font-weight: 400;\">Wie haltbar ist es?<\/span><\/h2><p><span style=\"font-weight: 400;\">H\u00fcftimplantatprothesen werden aus langlebigen Materialien hergestellt und k\u00f6nnen in der Regel 15-20 Jahre halten. Die Haltbarkeit des Implantats kann jedoch je nach Alter, Aktivit\u00e4tsniveau und K\u00f6rpergewicht des Patienten variieren. Obwohl es unwahrscheinlich ist, dass sich Prothesen in der Anfangsphase lockern oder besch\u00e4digt werden, kann es sein, dass einige Patienten im Laufe der Zeit einen Prothesenersatz ben\u00f6tigen.<\/span><\/p><h2><span style=\"font-weight: 400;\">H\u00fcftimplantat<\/span><span style=\"font-weight: 400;\"> Dinge, die Patienten nach einer Operation beachten sollten<\/span><\/h2><p><span style=\"font-weight: 400;\">Nach einer H\u00fcftimplantatoperation gibt es einige wichtige Punkte, die Patienten beachten sollten. Erstens sollten die Empfehlungen des Arztes w\u00e4hrend des Genesungsprozesses befolgt werden. Physikalische Therapie und \u00dcbungen beschleunigen den Heilungsprozess. Au\u00dferdem sollte das H\u00fcftgelenk nicht \u00fcberlastet werden und pl\u00f6tzliche Bewegungen sollten vermieden werden. Die Patienten sollten w\u00e4hrend des Heilungsprozesses eine gesunde Lebensweise beibehalten.<\/span><\/p><h2><span style=\"font-weight: 400;\">H\u00fcftimplantat<\/span><span style=\"font-weight: 400;\"> Die h\u00e4ufigsten Arten von Prothesen f\u00fcr<\/span><\/h2><p><span style=\"font-weight: 400;\">Bei H\u00fcftimplantationen k\u00f6nnen verschiedene Arten von Prothesen verwendet werden. Dazu geh\u00f6ren Prothesen aus Metall, Keramik und Kunststoff. Metallprothesen sind haltbar und langlebig, w\u00e4hrend Keramikprothesen eine nat\u00fcrlichere Bewegung erm\u00f6glichen. Die Art der Prothese wird je nach Alter, Lebensstil und Gelenkzustand des Patienten ausgew\u00e4hlt.<\/span><\/p><h2><span style=\"font-weight: 400;\">Missverst\u00e4ndnisse und Fakten \u00fcber H\u00fcftimplantate<\/span><\/h2><p><span style=\"font-weight: 400;\">Es gibt einige Missverst\u00e4ndnisse \u00fcber H\u00fcftimplantate. Dazu geh\u00f6rt die Bef\u00fcrchtung, dass Prothesen nur eine sehr kurze Lebensdauer haben oder dass die Patienten nicht in der Lage sein werden, ihr Leben wieder vollst\u00e4ndig zu normalisieren. Moderne H\u00fcftimplantate sind jedoch sehr langlebig, und mit dem richtigen Heilungsprozess k\u00f6nnen die Patienten wieder in ihr t\u00e4gliches Leben zur\u00fcckkehren. Dar\u00fcber hinaus ist die postoperative Schmerzbehandlung sehr effektiv.<\/span><\/p><h2><span style=\"font-weight: 400;\">Wie viele Stunden dauert die Operation und ist sie schmerzhaft?<\/span><\/h2><p><span style=\"font-weight: 400;\">Die Operation eines H\u00fcftimplantats dauert in der Regel zwischen 1,5 und 3 Stunden. Diese Zeit kann je nach Zustand des Patienten und der Art der Prothese variieren. W\u00e4hrend der Operation versp\u00fcren die Patienten keine Schmerzen, da sie unter Vollnarkose stehen. Nach der Operation kann es zu Schmerzen kommen, die sich jedoch in der Regel mit Medikamenten unter Kontrolle bringen lassen.<\/span><\/p>\t\t\t\t\t\t\t\t<\/div>\n\t\t\t\t<\/div>\n\t\t\t\t\t<\/div>\n\t\t\t\t<\/div>\n\t\t\t\t<\/div>","protected":false},"excerpt":{"rendered":"<p>Kal\u00e7a implant\u0131, kal\u00e7a ekleminde a\u015f\u0131r\u0131 hasar veya dejenerasyon nedeniyle uygulanan cerrahi bir \u00e7\u00f6z\u00fcmd\u00fcr. \u00d6zellikle osteoartrit, kaza sonucu olu\u015fan travmalar veya<\/p>","protected":false},"author":1,"featured_media":0,"parent":0,"menu_order":0,"comment_status":"closed","ping_status":"closed","template":"","meta":{"footnotes":""},"class_list":["post-27741","page","type-page","status-publish","hentry"],"_links":{"self":[{"href":"https:\/\/westestetik.com\/de\/wp-json\/wp\/v2\/pages\/27741","targetHints":{"allow":["GET"]}}],"collection":[{"href":"https:\/\/westestetik.com\/de\/wp-json\/wp\/v2\/pages"}],"about":[{"href":"https:\/\/westestetik.com\/de\/wp-json\/wp\/v2\/types\/page"}],"author":[{"embeddable":true,"href":"https:\/\/westestetik.com\/de\/wp-json\/wp\/v2\/users\/1"}],"replies":[{"embeddable":true,"href":"https:\/\/westestetik.com\/de\/wp-json\/wp\/v2\/comments?post=27741"}],"version-history":[{"count":19,"href":"https:\/\/westestetik.com\/de\/wp-json\/wp\/v2\/pages\/27741\/revisions"}],"predecessor-version":[{"id":31906,"href":"https:\/\/westestetik.com\/de\/wp-json\/wp\/v2\/pages\/27741\/revisions\/31906"}],"wp:attachment":[{"href":"https:\/\/westestetik.com\/de\/wp-json\/wp\/v2\/media?parent=27741"}],"curies":[{"name":"wp","href":"https:\/\/api.w.org\/{rel}","templated":true}]}}