{"id":27739,"date":"2024-12-02T22:40:26","date_gmt":"2024-12-02T22:40:26","guid":{"rendered":"https:\/\/westestetik.com\/?page_id=27739"},"modified":"2025-11-13T12:51:45","modified_gmt":"2025-11-13T09:51:45","slug":"oberschenkelstraffung","status":"publish","type":"page","link":"https:\/\/westestetik.com\/de\/oberschenkelstraffung\/","title":{"rendered":"Oberschenkelstraffung"},"content":{"rendered":"<div data-elementor-type=\"wp-page\" data-elementor-id=\"27739\" class=\"elementor elementor-27739\" data-elementor-post-type=\"page\">\n\t\t\t\t<div class=\"elementor-element elementor-element-479676e1 e-con-full elementor-hidden-desktop elementor-hidden-tablet elementor-hidden-mobile e-flex e-con e-parent\" data-id=\"479676e1\" data-element_type=\"container\">\n\t\t<div class=\"elementor-element elementor-element-4a2b21a6 e-con-full e-flex e-con e-child\" data-id=\"4a2b21a6\" data-element_type=\"container\">\n\t\t\t\t<div class=\"elementor-element elementor-element-178ea743 elementor-widget elementor-widget-image\" data-id=\"178ea743\" data-element_type=\"widget\" data-widget_type=\"image.default\">\n\t\t\t\t<div class=\"elementor-widget-container\">\n\t\t\t\t\t\t\t\t\t\t\t\t\t\t\t<img decoding=\"async\" width=\"100\" height=\"100\" src=\"https:\/\/westestetik.com\/wp-content\/uploads\/2024\/12\/1-4.png\" class=\"attachment-large size-large wp-image-28814\" alt=\"\" srcset=\"https:\/\/westestetik.com\/wp-content\/uploads\/2024\/12\/1-4.png 100w, https:\/\/westestetik.com\/wp-content\/uploads\/2024\/12\/1-4-12x12.png 12w\" sizes=\"(max-width: 100px) 100vw, 100px\" \/>\t\t\t\t\t\t\t\t\t\t\t\t\t\t\t<\/div>\n\t\t\t\t<\/div>\n\t\t\t\t<\/div>\n\t\t<div class=\"elementor-element elementor-element-399b4441 e-con-full e-flex e-con e-child\" data-id=\"399b4441\" data-element_type=\"container\">\n\t\t\t\t<div class=\"elementor-element elementor-element-69a5e4c5 elementor-widget elementor-widget-image\" data-id=\"69a5e4c5\" data-element_type=\"widget\" data-widget_type=\"image.default\">\n\t\t\t\t<div class=\"elementor-widget-container\">\n\t\t\t\t\t\t\t\t\t\t\t\t\t\t\t<img decoding=\"async\" width=\"100\" height=\"100\" src=\"https:\/\/westestetik.com\/wp-content\/uploads\/2024\/12\/2-5.png\" class=\"attachment-large size-large wp-image-28815\" alt=\"\" srcset=\"https:\/\/westestetik.com\/wp-content\/uploads\/2024\/12\/2-5.png 100w, https:\/\/westestetik.com\/wp-content\/uploads\/2024\/12\/2-5-12x12.png 12w\" sizes=\"(max-width: 100px) 100vw, 100px\" \/>\t\t\t\t\t\t\t\t\t\t\t\t\t\t\t<\/div>\n\t\t\t\t<\/div>\n\t\t\t\t<\/div>\n\t\t<div class=\"elementor-element elementor-element-7400db17 e-con-full e-flex e-con e-child\" data-id=\"7400db17\" data-element_type=\"container\">\n\t\t\t\t<div class=\"elementor-element elementor-element-5edf8749 elementor-widget elementor-widget-image\" data-id=\"5edf8749\" data-element_type=\"widget\" data-widget_type=\"image.default\">\n\t\t\t\t<div class=\"elementor-widget-container\">\n\t\t\t\t\t\t\t\t\t\t\t\t\t\t\t<img decoding=\"async\" width=\"100\" height=\"100\" src=\"https:\/\/westestetik.com\/wp-content\/uploads\/2024\/12\/3-1.png\" class=\"attachment-large size-large wp-image-28816\" alt=\"\" srcset=\"https:\/\/westestetik.com\/wp-content\/uploads\/2024\/12\/3-1.png 100w, https:\/\/westestetik.com\/wp-content\/uploads\/2024\/12\/3-1-12x12.png 12w\" sizes=\"(max-width: 100px) 100vw, 100px\" \/>\t\t\t\t\t\t\t\t\t\t\t\t\t\t\t<\/div>\n\t\t\t\t<\/div>\n\t\t\t\t<\/div>\n\t\t<div class=\"elementor-element elementor-element-7d5fb57c e-con-full e-flex e-con e-child\" data-id=\"7d5fb57c\" data-element_type=\"container\">\n\t\t\t\t<div class=\"elementor-element elementor-element-674b1a4e elementor-widget elementor-widget-image\" data-id=\"674b1a4e\" data-element_type=\"widget\" data-widget_type=\"image.default\">\n\t\t\t\t<div class=\"elementor-widget-container\">\n\t\t\t\t\t\t\t\t\t\t\t\t\t\t\t<img loading=\"lazy\" decoding=\"async\" width=\"100\" height=\"100\" src=\"https:\/\/westestetik.com\/wp-content\/uploads\/2024\/12\/4-1.png\" class=\"attachment-large size-large wp-image-28817\" alt=\"\" srcset=\"https:\/\/westestetik.com\/wp-content\/uploads\/2024\/12\/4-1.png 100w, https:\/\/westestetik.com\/wp-content\/uploads\/2024\/12\/4-1-12x12.png 12w\" sizes=\"(max-width: 100px) 100vw, 100px\" \/>\t\t\t\t\t\t\t\t\t\t\t\t\t\t\t<\/div>\n\t\t\t\t<\/div>\n\t\t\t\t<\/div>\n\t\t<div class=\"elementor-element elementor-element-48968e11 e-con-full e-flex e-con e-child\" data-id=\"48968e11\" data-element_type=\"container\">\n\t\t\t\t<div class=\"elementor-element elementor-element-3e211bf1 elementor-widget elementor-widget-image\" data-id=\"3e211bf1\" data-element_type=\"widget\" data-widget_type=\"image.default\">\n\t\t\t\t<div class=\"elementor-widget-container\">\n\t\t\t\t\t\t\t\t\t\t\t\t\t\t\t<img loading=\"lazy\" decoding=\"async\" width=\"100\" height=\"100\" src=\"https:\/\/westestetik.com\/wp-content\/uploads\/2024\/12\/5-1.png\" class=\"attachment-large size-large wp-image-28818\" alt=\"\" srcset=\"https:\/\/westestetik.com\/wp-content\/uploads\/2024\/12\/5-1.png 100w, https:\/\/westestetik.com\/wp-content\/uploads\/2024\/12\/5-1-12x12.png 12w\" sizes=\"(max-width: 100px) 100vw, 100px\" \/>\t\t\t\t\t\t\t\t\t\t\t\t\t\t\t<\/div>\n\t\t\t\t<\/div>\n\t\t\t\t<\/div>\n\t\t\t\t<\/div>\n\t\t<div class=\"wd-negative-gap elementor-element elementor-element-45e7fdf9 elementor-hidden-desktop elementor-hidden-tablet elementor-hidden-mobile e-flex e-con-boxed e-con e-parent\" data-id=\"45e7fdf9\" data-element_type=\"container\">\n\t\t\t\t\t<div class=\"e-con-inner\">\n\t\t<div class=\"elementor-element elementor-element-65cd15ab e-con-full e-flex e-con e-child\" data-id=\"65cd15ab\" data-element_type=\"container\">\n\t\t\t\t<div class=\"elementor-element elementor-element-121012e9 wd-width-100 elementor-widget elementor-widget-wd_title\" data-id=\"121012e9\" data-element_type=\"widget\" data-widget_type=\"wd_title.default\">\n\t\t\t\t<div class=\"elementor-widget-container\">\n\t\t\t\t\t\t\t<div class=\"title-wrapper set-mb-s reset-last-child wd-title-color-default wd-title-style-default wd-title-size-default text-center\">\n\n\t\t\t\t\t\t\t<div class=\"title-subtitle subtitle-color-default subtitle-style-default wd-fontsize-xs\">\n\t\t\t\t\tDurchschnittliche Dauer des Aufenthalts\t\t\t\t<\/div>\n\t\t\t\n\t\t\t<div class=\"liner-continer\">\n\t\t\t\t<p class=\"woodmart-title-container title wd-fontsize-l\">7 Tage<\/p> \n\t\t\t\t\t\t\t<\/div>\n\n\t\t\t\t\t<\/div>\n\t\t\t\t\t\t<\/div>\n\t\t\t\t<\/div>\n\t\t\t\t<\/div>\n\t\t<div class=\"elementor-element elementor-element-2cf0f2cb e-con-full e-flex e-con e-child\" data-id=\"2cf0f2cb\" data-element_type=\"container\">\n\t\t\t\t<div class=\"elementor-element elementor-element-142bcdfd wd-width-100 elementor-widget elementor-widget-wd_title\" data-id=\"142bcdfd\" data-element_type=\"widget\" data-widget_type=\"wd_title.default\">\n\t\t\t\t<div class=\"elementor-widget-container\">\n\t\t\t\t\t\t\t<div class=\"title-wrapper set-mb-s reset-last-child wd-title-color-default wd-title-style-default wd-title-size-default text-center\">\n\n\t\t\t\t\t\t\t<div class=\"title-subtitle subtitle-color-default subtitle-style-default wd-fontsize-xs\">\n\t\t\t\t\tDauer des Krankenhausaufenthalts\t\t\t\t<\/div>\n\t\t\t\n\t\t\t<div class=\"liner-continer\">\n\t\t\t\t<p class=\"woodmart-title-container title wd-fontsize-l\">1 Tag<\/p> \n\t\t\t\t\t\t\t<\/div>\n\n\t\t\t\t\t<\/div>\n\t\t\t\t\t\t<\/div>\n\t\t\t\t<\/div>\n\t\t\t\t<\/div>\n\t\t<div class=\"elementor-element elementor-element-52bc427c e-con-full e-flex e-con e-child\" data-id=\"52bc427c\" data-element_type=\"container\">\n\t\t\t\t<div class=\"elementor-element elementor-element-15e85ab6 wd-width-100 elementor-widget elementor-widget-wd_title\" data-id=\"15e85ab6\" data-element_type=\"widget\" data-widget_type=\"wd_title.default\">\n\t\t\t\t<div class=\"elementor-widget-container\">\n\t\t\t\t\t\t\t<div class=\"title-wrapper set-mb-s reset-last-child wd-title-color-default wd-title-style-default wd-title-size-default text-center\">\n\n\t\t\t\t\t\t\t<div class=\"title-subtitle subtitle-color-default subtitle-style-default wd-fontsize-xs\">\n\t\t\t\t\tOperation Dauer\t\t\t\t<\/div>\n\t\t\t\n\t\t\t<div class=\"liner-continer\">\n\t\t\t\t<p class=\"woodmart-title-container title wd-fontsize-l\">2-4 Stunden<\/p> \n\t\t\t\t\t\t\t<\/div>\n\n\t\t\t\t\t<\/div>\n\t\t\t\t\t\t<\/div>\n\t\t\t\t<\/div>\n\t\t\t\t<\/div>\n\t\t<div class=\"elementor-element elementor-element-499a58e3 e-con-full e-flex e-con e-child\" data-id=\"499a58e3\" data-element_type=\"container\">\n\t\t\t\t<div class=\"elementor-element elementor-element-4b2ae6d wd-width-100 elementor-widget elementor-widget-wd_title\" data-id=\"4b2ae6d\" data-element_type=\"widget\" data-widget_type=\"wd_title.default\">\n\t\t\t\t<div class=\"elementor-widget-container\">\n\t\t\t\t\t\t\t<div class=\"title-wrapper set-mb-s reset-last-child wd-title-color-default wd-title-style-default wd-title-size-default text-center\">\n\n\t\t\t\t\t\t\t<div class=\"title-subtitle subtitle-color-default subtitle-style-default wd-fontsize-xs\">\n\t\t\t\t\tAn\u00e4sthesie Typ\t\t\t\t<\/div>\n\t\t\t\n\t\t\t<div class=\"liner-continer\">\n\t\t\t\t<p class=\"woodmart-title-container title wd-fontsize-l\">Allgemeine An\u00e4sthesie<\/p> \n\t\t\t\t\t\t\t<\/div>\n\n\t\t\t\t\t<\/div>\n\t\t\t\t\t\t<\/div>\n\t\t\t\t<\/div>\n\t\t\t\t<\/div>\n\t\t<div class=\"elementor-element elementor-element-11ed7d e-con-full e-flex e-con e-child\" data-id=\"11ed7d\" data-element_type=\"container\">\n\t\t\t\t<div class=\"elementor-element elementor-element-55908bb3 wd-width-100 elementor-widget elementor-widget-wd_title\" data-id=\"55908bb3\" data-element_type=\"widget\" data-widget_type=\"wd_title.default\">\n\t\t\t\t<div class=\"elementor-widget-container\">\n\t\t\t\t\t\t\t<div class=\"title-wrapper set-mb-s reset-last-child wd-title-color-default wd-title-style-default wd-title-size-default text-center\">\n\n\t\t\t\t\t\t\t<div class=\"title-subtitle subtitle-color-default subtitle-style-default wd-fontsize-xs\">\n\t\t\t\t\tErholungszeit\t\t\t\t<\/div>\n\t\t\t\n\t\t\t<div class=\"liner-continer\">\n\t\t\t\t<p class=\"woodmart-title-container title wd-fontsize-l\">1-2 Wochen<\/p> \n\t\t\t\t\t\t\t<\/div>\n\n\t\t\t\t\t<\/div>\n\t\t\t\t\t\t<\/div>\n\t\t\t\t<\/div>\n\t\t\t\t<\/div>\n\t\t\t\t\t<\/div>\n\t\t\t\t<\/div>\n\t\t<div class=\"wd-negative-gap elementor-element elementor-element-f8994c3 e-flex e-con-boxed e-con e-parent\" data-id=\"f8994c3\" data-element_type=\"container\">\n\t\t\t\t\t<div class=\"e-con-inner\">\n\t\t\t\t<div class=\"elementor-element elementor-element-0a8c510 color-scheme-inherit text-left elementor-widget elementor-widget-text-editor\" data-id=\"0a8c510\" data-element_type=\"widget\" data-widget_type=\"text-editor.default\">\n\t\t\t\t<div class=\"elementor-widget-container\">\n\t\t\t\t\t\t\t\t\t<p>Die Oberschenkelstraffung ist ein wirksamer \u00e4sthetischer Eingriff, der bevorzugt zur Behebung von Hauterschlaffungen und -erschlaffungen eingesetzt wird. Erschlaffte Haut im Oberschenkelbereich, insbesondere aufgrund von Gewichtsverlust, Alterung oder genetischen Faktoren, kann sich negativ auf das Erscheinungsbild von Menschen auswirken.\u00a0<\/p><h2>Was ist eine Operation zur Oberschenkelstraffung?<\/h2><p>Bei der Oberschenkelstraffung wird \u00fcbersch\u00fcssiges Haut- und Fettgewebe im Oberschenkelbereich entfernt. Dieser Eingriff wird durchgef\u00fchrt, um schlaffe Haut zu korrigieren und die Haut im Oberschenkelbereich zu straffen. Die Operation wird im Allgemeinen von Menschen bevorzugt, die Verformungen korrigieren m\u00f6chten, die nach Gewichtsverlust, Alterung oder Geburt auftreten. Die Oberschenkelstraffung zielt darauf ab, das Selbstvertrauen der Person und das \u00e4sthetische Erscheinungsbild zu verbessern.<\/p><h2>Was sind die Vorteile einer Oberschenkelstraffung?<\/h2><p>Die Operation zur Oberschenkelstraffung bietet viele Vorteile. Zu diesen Vorteilen geh\u00f6ren:<\/p><ul><li>Hautstraffung: Erschlaffte und schlaffe Haut wird gestrafft.<\/li><li>\u00c4sthetisches Erscheinungsbild: Die Entfernung von \u00fcbersch\u00fcssiger Haut und Fett im Oberschenkelbereich sorgt f\u00fcr eine glattere K\u00f6rperkontur.<\/li><li>Gesteigertes Selbstvertrauen: Die Beseitigung unerw\u00fcnschter Hauterscheinungen tr\u00e4gt zu einem besseren Selbstwertgef\u00fchl bei.<\/li><li>K\u00f6rperlicher Komfort: Die k\u00f6rperlichen Beschwerden, die durch die schlaffe Haut verursacht werden, nehmen nach dem Eingriff ab.<\/li><\/ul><h2>F\u00fcr wen kann eine Oberschenkelstraffung durchgef\u00fchrt werden?<\/h2><p>Die Oberschenkelstraffung eignet sich f\u00fcr Menschen, die unter \u00fcberm\u00e4\u00dfiger Erschlaffung ihres K\u00f6rpers leiden, deren Haut an Elastizit\u00e4t verloren hat und die \u00e4sthetisch unzufrieden sind. Dar\u00fcber hinaus k\u00f6nnen Personen, die nach einer Gewichtsabnahme eine Erschlaffung des K\u00f6rpers aufweisen, mit der Oberschenkelstraffung ein \u00e4sthetischeres Aussehen erreichen. Ideale Kandidaten f\u00fcr die Operation:<\/p><ul><li>Menschen mit schlaffer Haut nach Gewichtsverlust,<\/li><li>Personen, die aufgrund der Alterung der Haut an Elastizit\u00e4t verloren haben,<\/li><li>Frauen mit postpartalen Verformungen im Bereich des Bauches und der Oberschenkel,<\/li><li>Gesunde Personen, die nahe am Idealgewicht sind, aber eine Straffung im Oberschenkelbereich w\u00fcnschen.<\/li><\/ul><h2>Wie wird die Operation zur Oberschenkelstraffung durchgef\u00fchrt?<\/h2><p>Die Oberschenkelstraffung wird in der Regel unter Vollnarkose durchgef\u00fchrt. Der Chirurg setzt kleine Schnitte an der Innenseite des Oberschenkels, in der Leistengegend oder am Unterschenkel an versteckten Stellen. Durch diese Einschnitte werden \u00fcbersch\u00fcssige Haut und Fett entfernt und die Haut gestrafft. Die Dauer der Operation kann je nach Umfang des Eingriffs variieren und dauert in der Regel zwischen 2 und 4 Stunden. Nach dem Eingriff werden die Patienten noch eine Weile im Krankenhaus beobachtet, und der Erholungsprozess beginnt.<\/p><h2>Genesungsprozess nach einer Oberschenkelstraffung<\/h2><p>Der Erholungsprozess nach einer Oberschenkelstraffung ist von Person zu Person unterschiedlich. Im Allgemeinen k\u00f6nnen die Patienten einige Tage nach dem Eingriff leichte Schmerzen versp\u00fcren. Schwellungen und Bluterg\u00fcsse sind ebenfalls h\u00e4ufige Nebenwirkungen. Der Heilungsprozess beginnt innerhalb von 1 bis 2 Wochen, und der Patient kann nach 4 bis 6 Wochen zu seinen normalen t\u00e4glichen Aktivit\u00e4ten zur\u00fcckkehren. Die vollst\u00e4ndige Genesung kann mehrere Monate dauern.<\/p><h2>Risiken und Nebenwirkungen einer Operation zur Oberschenkelstraffung<\/h2><p>Wie jeder chirurgische Eingriff birgt auch die Oberschenkelstraffung einige Risiken. Dazu geh\u00f6ren Infektionen, Blutungen, Narbenbildung und allergische Reaktionen auf die An\u00e4sthesie. Auch Komplikationen, die w\u00e4hrend des Heilungsprozesses auftreten k\u00f6nnen, geh\u00f6ren zu den Risiken. Bei Operationen, die von einem erfahrenen Chirurgen durchgef\u00fchrt werden, k\u00f6nnen diese Risiken jedoch minimiert werden.<\/p><h2>Was sollte nach einer Oberschenkelstraffung beachtet werden?<\/h2><p>Nach der Operation gibt es einige wichtige Punkte, auf die die Patienten achten sollten. Diese sind<\/p><ul><li>Pflege der Wunde: Es ist notwendig, den Bereich der Operationsnarbe sauber zu halten und regelm\u00e4\u00dfig mit den vom Arzt empfohlenen Cremes zu pflegen.<\/li><li>Einschr\u00e4nkung der Bewegungsfreiheit: Schwere k\u00f6rperliche Arbeit und \u00fcberm\u00e4\u00dfige Bewegung sollten in den ersten Wochen vermieden werden.<\/li><li>Rauchen Rauchen kann sich negativ auf den Heilungsprozess auswirken, daher sollte man auf das Rauchen verzichten.<\/li><\/ul><h2>Oberschenkelstraffung Preise<\/h2><p>Die Preise f\u00fcr eine Oberschenkelstraffung k\u00f6nnen je nach Erfahrung des Chirurgen, dem Standort des Krankenhauses und dem Umfang des Eingriffs variieren. Obwohl die Preise in der T\u00fcrkei im Allgemeinen erschwinglicher sind, k\u00f6nnen die Preise je nach den individuellen Bed\u00fcrfnissen variieren. Um den genauesten Preis zu erfahren, ist es wichtig, sich direkt an einen plastischen Chirurgen zu wenden.<\/p><h2>Narben und \u00e4sthetische Ergebnisse nach einer Oberschenkelstraffung<\/h2><p>Die Narben, die nach einer Oberschenkelstraffung entstehen, variieren je nach der vom Chirurgen angewandten Technik und den Einschnittstellen. Ein guter Chirurg w\u00e4hlt geeignete Einschnittstellen aus, um die Narben zu minimieren. Mit der Zeit verblassen diese Narben und werden weniger auff\u00e4llig. Es ist jedoch nicht m\u00f6glich, dass die Narben vollst\u00e4ndig verschwinden.<\/p><p>\u00a0<\/p>\t\t\t\t\t\t\t\t<\/div>\n\t\t\t\t<\/div>\n\t\t\t\t\t<\/div>\n\t\t\t\t<\/div>\n\t\t\t\t<\/div>","protected":false},"excerpt":{"rendered":"<p>Ortalama Kal\u0131\u015f S\u00fcresi 7 G\u00fcn Hastanede Yat\u0131\u015f S\u00fcresi 1 G\u00fcn Operasyon S\u00fcresi 2-4 Saat Anestezi T\u00fcr\u00fc Genel Anestezi \u0130yile\u015fme S\u00fcresi<\/p>","protected":false},"author":1,"featured_media":0,"parent":0,"menu_order":0,"comment_status":"closed","ping_status":"closed","template":"","meta":{"footnotes":""},"class_list":["post-27739","page","type-page","status-publish","hentry"],"_links":{"self":[{"href":"https:\/\/westestetik.com\/de\/wp-json\/wp\/v2\/pages\/27739","targetHints":{"allow":["GET"]}}],"collection":[{"href":"https:\/\/westestetik.com\/de\/wp-json\/wp\/v2\/pages"}],"about":[{"href":"https:\/\/westestetik.com\/de\/wp-json\/wp\/v2\/types\/page"}],"author":[{"embeddable":true,"href":"https:\/\/westestetik.com\/de\/wp-json\/wp\/v2\/users\/1"}],"replies":[{"embeddable":true,"href":"https:\/\/westestetik.com\/de\/wp-json\/wp\/v2\/comments?post=27739"}],"version-history":[{"count":10,"href":"https:\/\/westestetik.com\/de\/wp-json\/wp\/v2\/pages\/27739\/revisions"}],"predecessor-version":[{"id":31901,"href":"https:\/\/westestetik.com\/de\/wp-json\/wp\/v2\/pages\/27739\/revisions\/31901"}],"wp:attachment":[{"href":"https:\/\/westestetik.com\/de\/wp-json\/wp\/v2\/media?parent=27739"}],"curies":[{"name":"wp","href":"https:\/\/api.w.org\/{rel}","templated":true}]}}