{"id":27737,"date":"2024-12-02T22:40:00","date_gmt":"2024-12-02T22:40:00","guid":{"rendered":"https:\/\/westestetik.com\/?page_id=27737"},"modified":"2025-11-13T12:51:18","modified_gmt":"2025-11-13T09:51:18","slug":"arm-stretching","status":"publish","type":"page","link":"https:\/\/westestetik.com\/de\/arm-stretching\/","title":{"rendered":"Arm-Stretching"},"content":{"rendered":"<div data-elementor-type=\"wp-page\" data-elementor-id=\"27737\" class=\"elementor elementor-27737\" data-elementor-post-type=\"page\">\n\t\t\t\t<div class=\"elementor-element elementor-element-153da6b5 e-con-full elementor-hidden-desktop elementor-hidden-tablet elementor-hidden-mobile e-flex e-con e-parent\" data-id=\"153da6b5\" data-element_type=\"container\">\n\t\t<div class=\"elementor-element elementor-element-1ca16a16 e-con-full e-flex e-con e-child\" data-id=\"1ca16a16\" data-element_type=\"container\">\n\t\t\t\t<div class=\"elementor-element elementor-element-292d1e08 elementor-widget elementor-widget-image\" data-id=\"292d1e08\" data-element_type=\"widget\" data-widget_type=\"image.default\">\n\t\t\t\t<div class=\"elementor-widget-container\">\n\t\t\t\t\t\t\t\t\t\t\t\t\t\t\t<img decoding=\"async\" width=\"100\" height=\"100\" src=\"https:\/\/westestetik.com\/wp-content\/uploads\/2024\/12\/1-4.png\" class=\"attachment-large size-large wp-image-28814\" alt=\"\" srcset=\"https:\/\/westestetik.com\/wp-content\/uploads\/2024\/12\/1-4.png 100w, https:\/\/westestetik.com\/wp-content\/uploads\/2024\/12\/1-4-12x12.png 12w\" sizes=\"(max-width: 100px) 100vw, 100px\" \/>\t\t\t\t\t\t\t\t\t\t\t\t\t\t\t<\/div>\n\t\t\t\t<\/div>\n\t\t\t\t<\/div>\n\t\t<div class=\"elementor-element elementor-element-6ffb8368 e-con-full e-flex e-con e-child\" data-id=\"6ffb8368\" data-element_type=\"container\">\n\t\t\t\t<div class=\"elementor-element elementor-element-50335ed8 elementor-widget elementor-widget-image\" data-id=\"50335ed8\" data-element_type=\"widget\" data-widget_type=\"image.default\">\n\t\t\t\t<div class=\"elementor-widget-container\">\n\t\t\t\t\t\t\t\t\t\t\t\t\t\t\t<img decoding=\"async\" width=\"100\" height=\"100\" src=\"https:\/\/westestetik.com\/wp-content\/uploads\/2024\/12\/2-5.png\" class=\"attachment-large size-large wp-image-28815\" alt=\"\" srcset=\"https:\/\/westestetik.com\/wp-content\/uploads\/2024\/12\/2-5.png 100w, https:\/\/westestetik.com\/wp-content\/uploads\/2024\/12\/2-5-12x12.png 12w\" sizes=\"(max-width: 100px) 100vw, 100px\" \/>\t\t\t\t\t\t\t\t\t\t\t\t\t\t\t<\/div>\n\t\t\t\t<\/div>\n\t\t\t\t<\/div>\n\t\t<div class=\"elementor-element elementor-element-42a40508 e-con-full e-flex e-con e-child\" data-id=\"42a40508\" data-element_type=\"container\">\n\t\t\t\t<div class=\"elementor-element elementor-element-46886463 elementor-widget elementor-widget-image\" data-id=\"46886463\" data-element_type=\"widget\" data-widget_type=\"image.default\">\n\t\t\t\t<div class=\"elementor-widget-container\">\n\t\t\t\t\t\t\t\t\t\t\t\t\t\t\t<img decoding=\"async\" width=\"100\" height=\"100\" src=\"https:\/\/westestetik.com\/wp-content\/uploads\/2024\/12\/3-1.png\" class=\"attachment-large size-large wp-image-28816\" alt=\"\" srcset=\"https:\/\/westestetik.com\/wp-content\/uploads\/2024\/12\/3-1.png 100w, https:\/\/westestetik.com\/wp-content\/uploads\/2024\/12\/3-1-12x12.png 12w\" sizes=\"(max-width: 100px) 100vw, 100px\" \/>\t\t\t\t\t\t\t\t\t\t\t\t\t\t\t<\/div>\n\t\t\t\t<\/div>\n\t\t\t\t<\/div>\n\t\t<div class=\"elementor-element elementor-element-7804eab6 e-con-full e-flex e-con e-child\" data-id=\"7804eab6\" data-element_type=\"container\">\n\t\t\t\t<div class=\"elementor-element elementor-element-5bea04b2 elementor-widget elementor-widget-image\" data-id=\"5bea04b2\" data-element_type=\"widget\" data-widget_type=\"image.default\">\n\t\t\t\t<div class=\"elementor-widget-container\">\n\t\t\t\t\t\t\t\t\t\t\t\t\t\t\t<img loading=\"lazy\" decoding=\"async\" width=\"100\" height=\"100\" src=\"https:\/\/westestetik.com\/wp-content\/uploads\/2024\/12\/4-1.png\" class=\"attachment-large size-large wp-image-28817\" alt=\"\" srcset=\"https:\/\/westestetik.com\/wp-content\/uploads\/2024\/12\/4-1.png 100w, https:\/\/westestetik.com\/wp-content\/uploads\/2024\/12\/4-1-12x12.png 12w\" sizes=\"(max-width: 100px) 100vw, 100px\" \/>\t\t\t\t\t\t\t\t\t\t\t\t\t\t\t<\/div>\n\t\t\t\t<\/div>\n\t\t\t\t<\/div>\n\t\t<div class=\"elementor-element elementor-element-241c2945 e-con-full e-flex e-con e-child\" data-id=\"241c2945\" data-element_type=\"container\">\n\t\t\t\t<div class=\"elementor-element elementor-element-24706e67 elementor-widget elementor-widget-image\" data-id=\"24706e67\" data-element_type=\"widget\" data-widget_type=\"image.default\">\n\t\t\t\t<div class=\"elementor-widget-container\">\n\t\t\t\t\t\t\t\t\t\t\t\t\t\t\t<img loading=\"lazy\" decoding=\"async\" width=\"100\" height=\"100\" src=\"https:\/\/westestetik.com\/wp-content\/uploads\/2024\/12\/5-1.png\" class=\"attachment-large size-large wp-image-28818\" alt=\"\" srcset=\"https:\/\/westestetik.com\/wp-content\/uploads\/2024\/12\/5-1.png 100w, https:\/\/westestetik.com\/wp-content\/uploads\/2024\/12\/5-1-12x12.png 12w\" sizes=\"(max-width: 100px) 100vw, 100px\" \/>\t\t\t\t\t\t\t\t\t\t\t\t\t\t\t<\/div>\n\t\t\t\t<\/div>\n\t\t\t\t<\/div>\n\t\t\t\t<\/div>\n\t\t<div class=\"wd-negative-gap elementor-element elementor-element-6391bcce elementor-hidden-desktop elementor-hidden-tablet elementor-hidden-mobile e-flex e-con-boxed e-con e-parent\" data-id=\"6391bcce\" data-element_type=\"container\">\n\t\t\t\t\t<div class=\"e-con-inner\">\n\t\t<div class=\"elementor-element elementor-element-61e4105 e-con-full e-flex e-con e-child\" data-id=\"61e4105\" data-element_type=\"container\">\n\t\t\t\t<div class=\"elementor-element elementor-element-13549b22 wd-width-100 elementor-widget elementor-widget-wd_title\" data-id=\"13549b22\" data-element_type=\"widget\" data-widget_type=\"wd_title.default\">\n\t\t\t\t<div class=\"elementor-widget-container\">\n\t\t\t\t\t\t\t<div class=\"title-wrapper set-mb-s reset-last-child wd-title-color-default wd-title-style-default wd-title-size-default text-center\">\n\n\t\t\t\t\t\t\t<div class=\"title-subtitle subtitle-color-default subtitle-style-default wd-fontsize-xs\">\n\t\t\t\t\tDurchschnittliche Dauer des Aufenthalts\t\t\t\t<\/div>\n\t\t\t\n\t\t\t<div class=\"liner-continer\">\n\t\t\t\t<p class=\"woodmart-title-container title wd-fontsize-l\">7 Tage<\/p> \n\t\t\t\t\t\t\t<\/div>\n\n\t\t\t\t\t<\/div>\n\t\t\t\t\t\t<\/div>\n\t\t\t\t<\/div>\n\t\t\t\t<\/div>\n\t\t<div class=\"elementor-element elementor-element-38596bad e-con-full e-flex e-con e-child\" data-id=\"38596bad\" data-element_type=\"container\">\n\t\t\t\t<div class=\"elementor-element elementor-element-3bab9e7f wd-width-100 elementor-widget elementor-widget-wd_title\" data-id=\"3bab9e7f\" data-element_type=\"widget\" data-widget_type=\"wd_title.default\">\n\t\t\t\t<div class=\"elementor-widget-container\">\n\t\t\t\t\t\t\t<div class=\"title-wrapper set-mb-s reset-last-child wd-title-color-default wd-title-style-default wd-title-size-default text-center\">\n\n\t\t\t\t\t\t\t<div class=\"title-subtitle subtitle-color-default subtitle-style-default wd-fontsize-xs\">\n\t\t\t\t\tDauer des Krankenhausaufenthalts\t\t\t\t<\/div>\n\t\t\t\n\t\t\t<div class=\"liner-continer\">\n\t\t\t\t<p class=\"woodmart-title-container title wd-fontsize-l\">1 Tag<\/p> \n\t\t\t\t\t\t\t<\/div>\n\n\t\t\t\t\t<\/div>\n\t\t\t\t\t\t<\/div>\n\t\t\t\t<\/div>\n\t\t\t\t<\/div>\n\t\t<div class=\"elementor-element elementor-element-256abc59 e-con-full e-flex e-con e-child\" data-id=\"256abc59\" data-element_type=\"container\">\n\t\t\t\t<div class=\"elementor-element elementor-element-491142ca wd-width-100 elementor-widget elementor-widget-wd_title\" data-id=\"491142ca\" data-element_type=\"widget\" data-widget_type=\"wd_title.default\">\n\t\t\t\t<div class=\"elementor-widget-container\">\n\t\t\t\t\t\t\t<div class=\"title-wrapper set-mb-s reset-last-child wd-title-color-default wd-title-style-default wd-title-size-default text-center\">\n\n\t\t\t\t\t\t\t<div class=\"title-subtitle subtitle-color-default subtitle-style-default wd-fontsize-xs\">\n\t\t\t\t\tOperation Dauer\t\t\t\t<\/div>\n\t\t\t\n\t\t\t<div class=\"liner-continer\">\n\t\t\t\t<p class=\"woodmart-title-container title wd-fontsize-l\">2-4 Stunden<\/p> \n\t\t\t\t\t\t\t<\/div>\n\n\t\t\t\t\t<\/div>\n\t\t\t\t\t\t<\/div>\n\t\t\t\t<\/div>\n\t\t\t\t<\/div>\n\t\t<div class=\"elementor-element elementor-element-4a1c78f0 e-con-full e-flex e-con e-child\" data-id=\"4a1c78f0\" data-element_type=\"container\">\n\t\t\t\t<div class=\"elementor-element elementor-element-7b770812 wd-width-100 elementor-widget elementor-widget-wd_title\" data-id=\"7b770812\" data-element_type=\"widget\" data-widget_type=\"wd_title.default\">\n\t\t\t\t<div class=\"elementor-widget-container\">\n\t\t\t\t\t\t\t<div class=\"title-wrapper set-mb-s reset-last-child wd-title-color-default wd-title-style-default wd-title-size-default text-center\">\n\n\t\t\t\t\t\t\t<div class=\"title-subtitle subtitle-color-default subtitle-style-default wd-fontsize-xs\">\n\t\t\t\t\tAn\u00e4sthesie Typ\t\t\t\t<\/div>\n\t\t\t\n\t\t\t<div class=\"liner-continer\">\n\t\t\t\t<p class=\"woodmart-title-container title wd-fontsize-l\">Allgemeine An\u00e4sthesie<\/p> \n\t\t\t\t\t\t\t<\/div>\n\n\t\t\t\t\t<\/div>\n\t\t\t\t\t\t<\/div>\n\t\t\t\t<\/div>\n\t\t\t\t<\/div>\n\t\t<div class=\"elementor-element elementor-element-56197fff e-con-full e-flex e-con e-child\" data-id=\"56197fff\" data-element_type=\"container\">\n\t\t\t\t<div class=\"elementor-element elementor-element-e097ab2 wd-width-100 elementor-widget elementor-widget-wd_title\" data-id=\"e097ab2\" data-element_type=\"widget\" data-widget_type=\"wd_title.default\">\n\t\t\t\t<div class=\"elementor-widget-container\">\n\t\t\t\t\t\t\t<div class=\"title-wrapper set-mb-s reset-last-child wd-title-color-default wd-title-style-default wd-title-size-default text-center\">\n\n\t\t\t\t\t\t\t<div class=\"title-subtitle subtitle-color-default subtitle-style-default wd-fontsize-xs\">\n\t\t\t\t\tErholungszeit\t\t\t\t<\/div>\n\t\t\t\n\t\t\t<div class=\"liner-continer\">\n\t\t\t\t<p class=\"woodmart-title-container title wd-fontsize-l\">1-2 Wochen<\/p> \n\t\t\t\t\t\t\t<\/div>\n\n\t\t\t\t\t<\/div>\n\t\t\t\t\t\t<\/div>\n\t\t\t\t<\/div>\n\t\t\t\t<\/div>\n\t\t\t\t\t<\/div>\n\t\t\t\t<\/div>\n\t\t<div class=\"wd-negative-gap elementor-element elementor-element-e3acd4f e-flex e-con-boxed e-con e-parent\" data-id=\"e3acd4f\" data-element_type=\"container\">\n\t\t\t\t\t<div class=\"e-con-inner\">\n\t\t\t\t<div class=\"elementor-element elementor-element-1c1814f color-scheme-inherit text-left elementor-widget elementor-widget-text-editor\" data-id=\"1c1814f\" data-element_type=\"widget\" data-widget_type=\"text-editor.default\">\n\t\t\t\t<div class=\"elementor-widget-container\">\n\t\t\t\t\t\t\t\t\t<p><span style=\"font-weight: 400;\">Die Armstraffung ist eine wirksame \u00e4sthetisch-chirurgische L\u00f6sung f\u00fcr Menschen, die die mit der Zeit erschlaffte und schlaffe Haut an den Armen straffen und ein j\u00fcngeres Aussehen erreichen m\u00f6chten. Es ist eine ideale Anwendung vor allem f\u00fcr Menschen, die aufgrund von \u00fcberm\u00e4\u00dfigem Gewichtsverlust, Alterung, Verlust der Hautelastizit\u00e4t nach einer Schwangerschaft oder genetischen Faktoren schlaffe Arme haben. Eine Armstraffung f\u00fchrt nicht nur zu einer \u00e4sthetischen Verbesserung, sondern verhilft den Menschen auch zu einem j\u00fcngeren und ges\u00fcnderen Aussehen und st\u00e4rkt ihr Selbstbewusstsein.<\/span><\/p><h2><span style=\"font-weight: 400;\">Was ist eine Armstraffungsoperation und wie wird sie durchgef\u00fchrt?<\/span><\/h2><p><span style=\"font-weight: 400;\">Die Armstraffung ist ein kosmetisch-chirurgischer Eingriff f\u00fcr Personen, die \u00fcber schlaffe, lockere und \u00fcbersch\u00fcssige Haut an ihren Armen klagen. Dieser Zustand ist in der Regel auf Alterung, Gewichtsverlust, genetische Faktoren oder den Verlust der Hautelastizit\u00e4t nach einer Schwangerschaft zur\u00fcckzuf\u00fchren. Bei der Armstraffung wird die \u00fcbersch\u00fcssige Haut entfernt, um die Haut zu straffen und den Armbereich j\u00fcnger und glatter zu machen. Der Eingriff wird in der Regel unter Vollnarkose durchgef\u00fchrt, und \u00fcbersch\u00fcssige Haut, Fettgewebe und schlaffe Haut werden chirurgisch entfernt. Das Ergebnis ist eine straffere und glattere Armkontur und ein \u00e4sthetischeres Aussehen.<\/span><\/p><p><span style=\"font-weight: 400;\">Dauer und Umfang des Eingriffs k\u00f6nnen je nach den Bed\u00fcrfnissen des Patienten variieren. Im Allgemeinen werden die Arme neu geformt, indem \u00fcbersch\u00fcssiges Fett und Gewebe unter der Haut durch Einschnitte am Oberarm entfernt wird.<\/span><\/p><h2><span style=\"font-weight: 400;\">F\u00fcr wen ist eine Armstraffung geeignet?<\/span><\/h2><p><span style=\"font-weight: 400;\">Die Armstraffung eignet sich vor allem f\u00fcr Menschen, die unter schlaffer, h\u00e4ngender und \u00fcbersch\u00fcssiger Haut im Armbereich leiden. Diese Bedingungen sind in der Regel unter den folgenden Bedingungen zu sehen:<\/span><\/p><ul><li><span style=\"font-weight: 400;\">Nach \u00fcberm\u00e4\u00dfigem Gewichtsverlust: Nach einer Gewichtsabnahme kann die Haut an Elastizit\u00e4t verlieren, was zu schlaffen Armen f\u00fchrt. In solchen F\u00e4llen kann eine Armstraffung den K\u00f6rper neu formen, indem \u00fcbersch\u00fcssige Haut entfernt wird.<\/span><\/li><li><span style=\"font-weight: 400;\">Alterungsprozess: Mit zunehmendem Alter nimmt die Elastizit\u00e4t der Haut ab, und die Hauterschlaffung wird st\u00e4rker ausgepr\u00e4gt. Eine Armlifting-Operation ist eine wirksame L\u00f6sung, um diese Erschlaffung zu beseitigen.<\/span><\/li><li><span style=\"font-weight: 400;\">Nach der Schwangerschaft Zu den Verformungen des K\u00f6rpers nach Schwangerschaft und Geburt kann auch eine Erschlaffung im Armbereich geh\u00f6ren. In diesem Fall kann mit einer Armstraffung ein jugendliches Aussehen erreicht werden.<\/span><\/li><\/ul><p><span style=\"font-weight: 400;\">Geeignete Kandidaten f\u00fcr eine Armstraffung sind in der Regel Menschen mit gutem Allgemeinzustand und ohne chirurgische Behinderungen. Dar\u00fcber hinaus ist es f\u00fcr den Erfolg des Eingriffs wichtig, dass die Patienten realistische Erwartungen haben.<\/span><\/p><h2><span style=\"font-weight: 400;\">Genesungsprozess nach einer Armstraffungsoperation<\/span><\/h2><p><span style=\"font-weight: 400;\">Der Heilungsprozess einer Armstraffung kann je nach dem individuellen Zustand des Patienten, der vom Chirurgen angewandten Technik und dem Umfang des Eingriffs variieren. Im Allgemeinen verl\u00e4uft der Heilungsprozess nach der Operation jedoch wie folgt:<\/span><\/p><ul><li><span style=\"font-weight: 400;\">Die ersten paar Tage: In den ersten 2-3 Tagen nach der Operation kann es zu leichten Schwellungen, Bluterg\u00fcssen und Schmerzen kommen. Diese Beschwerden klingen in der Regel innerhalb weniger Wochen ab. Zur Schmerzbehandlung k\u00f6nnen die von Ihrem Arzt empfohlenen Medikamente eingesetzt werden.<\/span><\/li><li><span style=\"font-weight: 400;\">Schwellungen und Bluterg\u00fcsse: Unmittelbar nach der Operation ist es normal, dass Schwellungen und Bluterg\u00fcsse auftreten. Diese Symptome werden jedoch mit der Zeit abklingen.<\/span><\/li><li><span style=\"font-weight: 400;\">Korsett tragen: Nach einer Armstraffung raten die \u00c4rzte den Patienten, ein Korsett oder eine Bandage zu tragen, um den Heilungsprozess zu beschleunigen. Dies tr\u00e4gt dazu bei, die Schwellung in diesem Bereich zu verringern und hilft dem Gewebe, richtig zu heilen.<\/span><\/li><li><span style=\"font-weight: 400;\">Erholungszeit: Die vollst\u00e4ndige Genesung kann 4-6 Wochen dauern. W\u00e4hrend dieser Zeit ist es wichtig, dass die Patienten schwere k\u00f6rperliche Aktivit\u00e4ten vermeiden und die Anweisungen des Arztes befolgen.<\/span><\/li><\/ul><h2><span style=\"font-weight: 400;\">Wie hoch sind die Preise f\u00fcr eine Armlifting-Operation?<\/span><\/h2><p><span style=\"font-weight: 400;\">Die Preise f\u00fcr eine Armstraffung k\u00f6nnen je nach den pers\u00f6nlichen Bed\u00fcrfnissen und der Klinik oder dem Krankenhaus, in dem der Eingriff durchgef\u00fchrt wird, variieren. Zu den Faktoren, die bei der Preisgestaltung ber\u00fccksichtigt werden, geh\u00f6ren die Erfahrung des Chirurgen, die Bed\u00fcrfnisse des Patienten, der Umfang des Eingriffs und die verwendeten Techniken. Auch regionale Unterschiede und der Status der Krankenversicherung sind Faktoren, die sich auf den Preis auswirken. Die Preise werden in der Regel individuell festgelegt, und die Patienten k\u00f6nnen sich in einem Beratungsgespr\u00e4ch vor der Operation ausf\u00fchrlich \u00fcber den Preis informieren.<\/span><\/p><h2><span style=\"font-weight: 400;\">Risiken und Nebenwirkungen einer Armstraffungsoperation<\/span><\/h2><p><span style=\"font-weight: 400;\">Wie jeder chirurgische Eingriff birgt auch die Armstraffung gewisse Risiken. Diese Risiken sind jedoch in der Regel selten und k\u00f6nnen von spezialisierten Chirurgen angemessen behandelt werden. M\u00f6gliche Risiken einer Armstraffungsoperation sind folgende:<\/span><\/p><ul><li><span style=\"font-weight: 400;\">Infektion Da es sich um einen chirurgischen Eingriff handelt, besteht die Gefahr einer Infektion an der Wundstelle. Dieses Risiko ist jedoch bei angemessener Pflege und Hygiene deutlich geringer.<\/span><\/li><li><span style=\"font-weight: 400;\">Schmerzen und Bluterg\u00fcsse: Nach der Operation k\u00f6nnen vor\u00fcbergehend Bluterg\u00fcsse und leichte Schmerzen auftreten. Dies ist ein nat\u00fcrlicher Teil des Heilungsprozesses.<\/span><\/li><li><span style=\"font-weight: 400;\">Probleme bei der Wundheilung: W\u00e4hrend des Heilungsprozesses der Haut kann es zu Problemen kommen, die sich jedoch bei guter Pflege und regelm\u00e4\u00dfigen Kontrolluntersuchungen minimieren lassen.<\/span><\/li><li><span style=\"font-weight: 400;\">Empfindungs\u00e4nderungen: Nach einer Armstraffung kann es bei einigen Patienten zu einem vor\u00fcbergehenden Taubheitsgef\u00fchl oder einer Taubheit kommen. Dies bessert sich in der Regel mit der Zeit.<\/span><\/li><li><span style=\"font-weight: 400;\">Blutungen W\u00e4hrend des Eingriffs kann es zu Blutungen kommen, die jedoch in der Regel vor\u00fcbergehend und beherrschbar sind.<\/span><\/li><\/ul><h2><span style=\"font-weight: 400;\">Wie lange ist eine Armstraffung dauerhaft?<\/span><\/h2><p><span style=\"font-weight: 400;\">Die Ergebnisse einer Armstraffung sind dauerhaft. Allerdings k\u00f6nnen der Alterungsprozess, Ver\u00e4nderungen der Hautelastizit\u00e4t, Gewichtszunahme oder Umwelteinfl\u00fcsse (z. B. \u00fcberm\u00e4\u00dfige Sonneneinstrahlung) mit der Zeit ihren Tribut fordern. Auch wenn eine Armstraffung die Hauterschlaffung wirksam verhindert, ist es wichtig, einen gesunden Lebensstil beizubehalten, um die Lebensdauer der Ergebnisse zu verl\u00e4ngern.<\/span><\/p><p><span style=\"font-weight: 400;\">Welche Ergebnisse kann man bei einer Armstraffung erwarten?<\/span><\/p><p><span style=\"font-weight: 400;\">Die Armlifting-Operation bietet eine \u00e4sthetische L\u00f6sung f\u00fcr Menschen, die unter Erschlaffungs- und Lockerungsproblemen im Armbereich leiden. Die Ergebnisse nach einer Armstraffung k\u00f6nnen wie folgt aussehen:<\/span><\/p><ul><li><span style=\"font-weight: 400;\">Straffere und j\u00fcnger aussehende Arme: Lockerheit und Erschlaffung im Armbereich verschwinden und hinterlassen ein strafferes und glatteres Aussehen.<\/span><\/li><li><span style=\"font-weight: 400;\">Straffung der Haut in der Achselh\u00f6hle: Eine Armstraffung sorgt f\u00fcr ein \u00e4sthetischeres Erscheinungsbild, indem \u00fcbersch\u00fcssiges Haut- und Fettgewebe im Achselbereich gezielt entfernt wird.<\/span><\/li><li><span style=\"font-weight: 400;\">Verbesserung der K\u00f6rperkonturen: Die Ver\u00e4nderungen im Armbereich verbessern das Gesamterscheinungsbild der K\u00f6rperkonturen und f\u00fchren zu einer schlankeren Silhouette.<\/span><\/li><li><span style=\"font-weight: 400;\">Gesteigertes Selbstvertrauen: Eine Armstraffung kann das Selbstvertrauen st\u00e4rken, indem sie das Aussehen der Person verbessert.<\/span><\/li><\/ul><h2><span style=\"font-weight: 400;\">Tipps vor und nach einer Armstraffungsoperation<\/span><\/h2><p><span style=\"font-weight: 400;\">Einige wichtige Punkte, die vor und nach einer Armstraffung zu beachten sind, sind die folgenden:<\/span><\/p><ul><li><span style=\"font-weight: 400;\">Rauchen Sie nicht und vermeiden Sie Alkoholkonsum: Rauchen und Alkohol k\u00f6nnen sich negativ auf den Heilungsprozess auswirken. Es wird daher empfohlen, diese Substanzen f\u00fcr einige Wochen vor und nach der Operation zu meiden.<\/span><\/li><li><span style=\"font-weight: 400;\">Pflege der Wunde Sie k\u00f6nnen das Risiko einer Infektion verringern und den Heilungsprozess beschleunigen, indem Sie die Wunde nach der Operation regelm\u00e4\u00dfig pflegen.<\/span><\/li><li><span style=\"font-weight: 400;\">Befolgen Sie die Empfehlungen Ihres Arztes: Die sorgf\u00e4ltige Einhaltung der Empfehlungen des Arztes und der Medikamente nach der Operation minimiert das Risiko von Komplikationen und beschleunigt den Heilungsprozess.<\/span><\/li><li><span style=\"font-weight: 400;\">Bewegung und Aktivit\u00e4ten: Vermeiden Sie in den ersten Wochen schwere k\u00f6rperliche Anstrengungen. Beginnen Sie mit der Aus\u00fcbung von Sport erst nach R\u00fccksprache mit Ihrem Arzt.<\/span><\/li><\/ul><h2><span style=\"font-weight: 400;\">Preise f\u00fcr Armlifting-Operationen<\/span><\/h2><p><span style=\"font-weight: 400;\">Die Preise f\u00fcr eine Armstraffung k\u00f6nnen von vielen Faktoren abh\u00e4ngen. Zu diesen Faktoren geh\u00f6ren die Erfahrung des Chirurgen, die Bed\u00fcrfnisse des Patienten, der Umfang des Eingriffs, die Wahl der Klinik oder des Krankenhauses und die verwendeten Techniken. Da die Armstraffung ein individueller Eingriff ist, h\u00e4ngt die Preisgestaltung auch von der pers\u00f6nlichen Einsch\u00e4tzung des Patienten ab. Im Allgemeinen k\u00f6nnen die Preise f\u00fcr eine Armstraffung in \u00e4sthetischen Kliniken in Gro\u00dfst\u00e4dten und bei Eingriffen, die von erfahrenen Chirurgen durchgef\u00fchrt werden, h\u00f6her sein. Weitere Faktoren, die den Preis beeinflussen, sind die Infrastruktur des Zentrums, in dem die Operation durchgef\u00fchrt wird, die Art der An\u00e4sthesie und zus\u00e4tzliche Leistungen, die den Heilungsprozess beschleunigen.<\/span><\/p><p><span style=\"font-weight: 400;\">Die Preise f\u00fcr eine Armstraffung werden in der Regel im Rahmen eines Beratungsgespr\u00e4chs gekl\u00e4rt. In diesem Gespr\u00e4ch werden Details wie das vom Chirurgen empfohlene Verfahren, die Erwartungen des Patienten und der postoperative Ablauf besprochen und ein vollst\u00e4ndiges Preisangebot festgelegt. Neben dem Preis sind auch die Qualit\u00e4t des Eingriffs und die Patientenzufriedenheit wichtige Faktoren. Wenn Sie eine Armstraffung in Erw\u00e4gung ziehen, ist es wichtig, die Preise nicht nur nach den Kliniken mit dem g\u00fcnstigsten Angebot zu bewerten, sondern auch nach den Leistungen, die von erfahrenen und fachkundigen Chirurgen angeboten werden.<\/span><\/p>\t\t\t\t\t\t\t\t<\/div>\n\t\t\t\t<\/div>\n\t\t\t\t\t<\/div>\n\t\t\t\t<\/div>\n\t\t\t\t<\/div>","protected":false},"excerpt":{"rendered":"<p>Ortalama Kal\u0131\u015f S\u00fcresi 7 G\u00fcn Hastanede Yat\u0131\u015f S\u00fcresi 1 G\u00fcn Operasyon S\u00fcresi 2-4 Saat Anestezi T\u00fcr\u00fc Genel Anestezi \u0130yile\u015fme S\u00fcresi<\/p>","protected":false},"author":1,"featured_media":0,"parent":0,"menu_order":0,"comment_status":"closed","ping_status":"closed","template":"","meta":{"footnotes":""},"class_list":["post-27737","page","type-page","status-publish","hentry"],"_links":{"self":[{"href":"https:\/\/westestetik.com\/de\/wp-json\/wp\/v2\/pages\/27737","targetHints":{"allow":["GET"]}}],"collection":[{"href":"https:\/\/westestetik.com\/de\/wp-json\/wp\/v2\/pages"}],"about":[{"href":"https:\/\/westestetik.com\/de\/wp-json\/wp\/v2\/types\/page"}],"author":[{"embeddable":true,"href":"https:\/\/westestetik.com\/de\/wp-json\/wp\/v2\/users\/1"}],"replies":[{"embeddable":true,"href":"https:\/\/westestetik.com\/de\/wp-json\/wp\/v2\/comments?post=27737"}],"version-history":[{"count":10,"href":"https:\/\/westestetik.com\/de\/wp-json\/wp\/v2\/pages\/27737\/revisions"}],"predecessor-version":[{"id":31898,"href":"https:\/\/westestetik.com\/de\/wp-json\/wp\/v2\/pages\/27737\/revisions\/31898"}],"wp:attachment":[{"href":"https:\/\/westestetik.com\/de\/wp-json\/wp\/v2\/media?parent=27737"}],"curies":[{"name":"wp","href":"https:\/\/api.w.org\/{rel}","templated":true}]}}