{"id":27735,"date":"2024-12-02T22:39:09","date_gmt":"2024-12-02T22:39:09","guid":{"rendered":"https:\/\/westestetik.com\/?page_id=27735"},"modified":"2024-12-25T13:55:23","modified_gmt":"2024-12-25T13:55:23","slug":"bauchdeckenstraffung","status":"publish","type":"page","link":"https:\/\/westestetik.com\/de\/bauchdeckenstraffung\/","title":{"rendered":"Bauchdeckenstraffung"},"content":{"rendered":"<div data-elementor-type=\"wp-page\" data-elementor-id=\"27735\" class=\"elementor elementor-27735\" data-elementor-post-type=\"page\">\n\t\t\t\t<div class=\"elementor-element elementor-element-5f8ad0cd e-con-full e-flex e-con e-parent\" data-id=\"5f8ad0cd\" data-element_type=\"container\">\n\t\t<div class=\"elementor-element elementor-element-2c495eb5 e-con-full e-flex e-con e-child\" data-id=\"2c495eb5\" data-element_type=\"container\">\n\t\t\t\t<div class=\"elementor-element elementor-element-5d9cce85 elementor-widget elementor-widget-image\" data-id=\"5d9cce85\" data-element_type=\"widget\" data-widget_type=\"image.default\">\n\t\t\t\t<div class=\"elementor-widget-container\">\n\t\t\t\t\t\t\t\t\t\t\t\t\t\t\t<img decoding=\"async\" width=\"100\" height=\"100\" src=\"https:\/\/westestetik.com\/wp-content\/uploads\/2024\/12\/1-4.png\" class=\"attachment-large size-large wp-image-28814\" alt=\"\" srcset=\"https:\/\/westestetik.com\/wp-content\/uploads\/2024\/12\/1-4.png 100w, https:\/\/westestetik.com\/wp-content\/uploads\/2024\/12\/1-4-12x12.png 12w\" sizes=\"(max-width: 100px) 100vw, 100px\" \/>\t\t\t\t\t\t\t\t\t\t\t\t\t\t\t<\/div>\n\t\t\t\t<\/div>\n\t\t\t\t<\/div>\n\t\t<div class=\"elementor-element elementor-element-7a6bd53c e-con-full e-flex e-con e-child\" data-id=\"7a6bd53c\" data-element_type=\"container\">\n\t\t\t\t<div class=\"elementor-element elementor-element-441d531f elementor-widget elementor-widget-image\" data-id=\"441d531f\" data-element_type=\"widget\" data-widget_type=\"image.default\">\n\t\t\t\t<div class=\"elementor-widget-container\">\n\t\t\t\t\t\t\t\t\t\t\t\t\t\t\t<img decoding=\"async\" width=\"100\" height=\"100\" src=\"https:\/\/westestetik.com\/wp-content\/uploads\/2024\/12\/2-5.png\" class=\"attachment-large size-large wp-image-28815\" alt=\"\" srcset=\"https:\/\/westestetik.com\/wp-content\/uploads\/2024\/12\/2-5.png 100w, https:\/\/westestetik.com\/wp-content\/uploads\/2024\/12\/2-5-12x12.png 12w\" sizes=\"(max-width: 100px) 100vw, 100px\" \/>\t\t\t\t\t\t\t\t\t\t\t\t\t\t\t<\/div>\n\t\t\t\t<\/div>\n\t\t\t\t<\/div>\n\t\t<div class=\"elementor-element elementor-element-10757d6a e-con-full e-flex e-con e-child\" data-id=\"10757d6a\" data-element_type=\"container\">\n\t\t\t\t<div class=\"elementor-element elementor-element-28f28ceb elementor-widget elementor-widget-image\" data-id=\"28f28ceb\" data-element_type=\"widget\" data-widget_type=\"image.default\">\n\t\t\t\t<div class=\"elementor-widget-container\">\n\t\t\t\t\t\t\t\t\t\t\t\t\t\t\t<img decoding=\"async\" width=\"100\" height=\"100\" src=\"https:\/\/westestetik.com\/wp-content\/uploads\/2024\/12\/3-1.png\" class=\"attachment-large size-large wp-image-28816\" alt=\"\" srcset=\"https:\/\/westestetik.com\/wp-content\/uploads\/2024\/12\/3-1.png 100w, https:\/\/westestetik.com\/wp-content\/uploads\/2024\/12\/3-1-12x12.png 12w\" sizes=\"(max-width: 100px) 100vw, 100px\" \/>\t\t\t\t\t\t\t\t\t\t\t\t\t\t\t<\/div>\n\t\t\t\t<\/div>\n\t\t\t\t<\/div>\n\t\t<div class=\"elementor-element elementor-element-394c42e9 e-con-full e-flex e-con e-child\" data-id=\"394c42e9\" data-element_type=\"container\">\n\t\t\t\t<div class=\"elementor-element elementor-element-3c18aa3e elementor-widget elementor-widget-image\" data-id=\"3c18aa3e\" data-element_type=\"widget\" data-widget_type=\"image.default\">\n\t\t\t\t<div class=\"elementor-widget-container\">\n\t\t\t\t\t\t\t\t\t\t\t\t\t\t\t<img loading=\"lazy\" decoding=\"async\" width=\"100\" height=\"100\" src=\"https:\/\/westestetik.com\/wp-content\/uploads\/2024\/12\/4-1.png\" class=\"attachment-large size-large wp-image-28817\" alt=\"\" srcset=\"https:\/\/westestetik.com\/wp-content\/uploads\/2024\/12\/4-1.png 100w, https:\/\/westestetik.com\/wp-content\/uploads\/2024\/12\/4-1-12x12.png 12w\" sizes=\"(max-width: 100px) 100vw, 100px\" \/>\t\t\t\t\t\t\t\t\t\t\t\t\t\t\t<\/div>\n\t\t\t\t<\/div>\n\t\t\t\t<\/div>\n\t\t<div class=\"elementor-element elementor-element-523dee80 e-con-full e-flex e-con e-child\" data-id=\"523dee80\" data-element_type=\"container\">\n\t\t\t\t<div class=\"elementor-element elementor-element-38a5204 elementor-widget elementor-widget-image\" data-id=\"38a5204\" data-element_type=\"widget\" data-widget_type=\"image.default\">\n\t\t\t\t<div class=\"elementor-widget-container\">\n\t\t\t\t\t\t\t\t\t\t\t\t\t\t\t<img loading=\"lazy\" decoding=\"async\" width=\"100\" height=\"100\" src=\"https:\/\/westestetik.com\/wp-content\/uploads\/2024\/12\/5-1.png\" class=\"attachment-large size-large wp-image-28818\" alt=\"\" srcset=\"https:\/\/westestetik.com\/wp-content\/uploads\/2024\/12\/5-1.png 100w, https:\/\/westestetik.com\/wp-content\/uploads\/2024\/12\/5-1-12x12.png 12w\" sizes=\"(max-width: 100px) 100vw, 100px\" \/>\t\t\t\t\t\t\t\t\t\t\t\t\t\t\t<\/div>\n\t\t\t\t<\/div>\n\t\t\t\t<\/div>\n\t\t\t\t<\/div>\n\t\t<div class=\"wd-negative-gap elementor-element elementor-element-94489bb e-flex e-con-boxed e-con e-parent\" data-id=\"94489bb\" data-element_type=\"container\">\n\t\t\t\t\t<div class=\"e-con-inner\">\n\t\t<div class=\"elementor-element elementor-element-1a8ce0df e-con-full e-flex e-con e-child\" data-id=\"1a8ce0df\" data-element_type=\"container\">\n\t\t\t\t<div class=\"elementor-element elementor-element-3ca9992c wd-width-100 elementor-widget elementor-widget-wd_title\" data-id=\"3ca9992c\" data-element_type=\"widget\" data-widget_type=\"wd_title.default\">\n\t\t\t\t<div class=\"elementor-widget-container\">\n\t\t\t\t\t\t\t<div class=\"title-wrapper set-mb-s reset-last-child wd-title-color-default wd-title-style-default wd-title-size-default text-center\">\n\n\t\t\t\t\t\t\t<div class=\"title-subtitle subtitle-color-default subtitle-style-default wd-fontsize-xs\">\n\t\t\t\t\tDurchschnittliche Dauer des Aufenthalts\t\t\t\t<\/div>\n\t\t\t\n\t\t\t<div class=\"liner-continer\">\n\t\t\t\t<p class=\"woodmart-title-container title wd-fontsize-l\">7 Tage<\/p> \n\t\t\t\t\t\t\t<\/div>\n\n\t\t\t\t\t<\/div>\n\t\t\t\t\t\t<\/div>\n\t\t\t\t<\/div>\n\t\t\t\t<\/div>\n\t\t<div class=\"elementor-element elementor-element-4c9c42f8 e-con-full e-flex e-con e-child\" data-id=\"4c9c42f8\" data-element_type=\"container\">\n\t\t\t\t<div class=\"elementor-element elementor-element-753dd2c1 wd-width-100 elementor-widget elementor-widget-wd_title\" data-id=\"753dd2c1\" data-element_type=\"widget\" data-widget_type=\"wd_title.default\">\n\t\t\t\t<div class=\"elementor-widget-container\">\n\t\t\t\t\t\t\t<div class=\"title-wrapper set-mb-s reset-last-child wd-title-color-default wd-title-style-default wd-title-size-default text-center\">\n\n\t\t\t\t\t\t\t<div class=\"title-subtitle subtitle-color-default subtitle-style-default wd-fontsize-xs\">\n\t\t\t\t\tDauer des Krankenhausaufenthalts\t\t\t\t<\/div>\n\t\t\t\n\t\t\t<div class=\"liner-continer\">\n\t\t\t\t<p class=\"woodmart-title-container title wd-fontsize-l\">1 Tag<\/p> \n\t\t\t\t\t\t\t<\/div>\n\n\t\t\t\t\t<\/div>\n\t\t\t\t\t\t<\/div>\n\t\t\t\t<\/div>\n\t\t\t\t<\/div>\n\t\t<div class=\"elementor-element elementor-element-7ac44ba4 e-con-full e-flex e-con e-child\" data-id=\"7ac44ba4\" data-element_type=\"container\">\n\t\t\t\t<div class=\"elementor-element elementor-element-2685d34d wd-width-100 elementor-widget elementor-widget-wd_title\" data-id=\"2685d34d\" data-element_type=\"widget\" data-widget_type=\"wd_title.default\">\n\t\t\t\t<div class=\"elementor-widget-container\">\n\t\t\t\t\t\t\t<div class=\"title-wrapper set-mb-s reset-last-child wd-title-color-default wd-title-style-default wd-title-size-default text-center\">\n\n\t\t\t\t\t\t\t<div class=\"title-subtitle subtitle-color-default subtitle-style-default wd-fontsize-xs\">\n\t\t\t\t\tOperation Dauer\t\t\t\t<\/div>\n\t\t\t\n\t\t\t<div class=\"liner-continer\">\n\t\t\t\t<p class=\"woodmart-title-container title wd-fontsize-l\">2-4 Stunden<\/p> \n\t\t\t\t\t\t\t<\/div>\n\n\t\t\t\t\t<\/div>\n\t\t\t\t\t\t<\/div>\n\t\t\t\t<\/div>\n\t\t\t\t<\/div>\n\t\t<div class=\"elementor-element elementor-element-5d4cb4c9 e-con-full e-flex e-con e-child\" data-id=\"5d4cb4c9\" data-element_type=\"container\">\n\t\t\t\t<div class=\"elementor-element elementor-element-3dd49b03 wd-width-100 elementor-widget elementor-widget-wd_title\" data-id=\"3dd49b03\" data-element_type=\"widget\" data-widget_type=\"wd_title.default\">\n\t\t\t\t<div class=\"elementor-widget-container\">\n\t\t\t\t\t\t\t<div class=\"title-wrapper set-mb-s reset-last-child wd-title-color-default wd-title-style-default wd-title-size-default text-center\">\n\n\t\t\t\t\t\t\t<div class=\"title-subtitle subtitle-color-default subtitle-style-default wd-fontsize-xs\">\n\t\t\t\t\tAn\u00e4sthesie Typ\t\t\t\t<\/div>\n\t\t\t\n\t\t\t<div class=\"liner-continer\">\n\t\t\t\t<p class=\"woodmart-title-container title wd-fontsize-l\">Allgemeine An\u00e4sthesie<\/p> \n\t\t\t\t\t\t\t<\/div>\n\n\t\t\t\t\t<\/div>\n\t\t\t\t\t\t<\/div>\n\t\t\t\t<\/div>\n\t\t\t\t<\/div>\n\t\t<div class=\"elementor-element elementor-element-3fb78287 e-con-full e-flex e-con e-child\" data-id=\"3fb78287\" data-element_type=\"container\">\n\t\t\t\t<div class=\"elementor-element elementor-element-5080e9b3 wd-width-100 elementor-widget elementor-widget-wd_title\" data-id=\"5080e9b3\" data-element_type=\"widget\" data-widget_type=\"wd_title.default\">\n\t\t\t\t<div class=\"elementor-widget-container\">\n\t\t\t\t\t\t\t<div class=\"title-wrapper set-mb-s reset-last-child wd-title-color-default wd-title-style-default wd-title-size-default text-center\">\n\n\t\t\t\t\t\t\t<div class=\"title-subtitle subtitle-color-default subtitle-style-default wd-fontsize-xs\">\n\t\t\t\t\tErholungszeit\t\t\t\t<\/div>\n\t\t\t\n\t\t\t<div class=\"liner-continer\">\n\t\t\t\t<p class=\"woodmart-title-container title wd-fontsize-l\">1-2 Wochen<\/p> \n\t\t\t\t\t\t\t<\/div>\n\n\t\t\t\t\t<\/div>\n\t\t\t\t\t\t<\/div>\n\t\t\t\t<\/div>\n\t\t\t\t<\/div>\n\t\t\t\t\t<\/div>\n\t\t\t\t<\/div>\n\t\t<div class=\"wd-negative-gap elementor-element elementor-element-3a14eed e-flex e-con-boxed e-con e-parent\" data-id=\"3a14eed\" data-element_type=\"container\">\n\t\t\t\t\t<div class=\"e-con-inner\">\n\t\t\t\t<div class=\"elementor-element elementor-element-bd6d002 color-scheme-inherit text-left elementor-widget elementor-widget-text-editor\" data-id=\"bd6d002\" data-element_type=\"widget\" data-widget_type=\"text-editor.default\">\n\t\t\t\t<div class=\"elementor-widget-container\">\n\t\t\t\t\t\t\t\t\t<p><span style=\"font-weight: 400;\">Die Bauchdeckenstraffung ist ein \u00e4sthetischer chirurgischer Eingriff zur Korrektur von \u00fcbersch\u00fcssigem Fett, schlaffer Haut und schwachen Muskeln im Bauchbereich. Sie ist eine ideale L\u00f6sung f\u00fcr Menschen, die gegen Erschlaffung und Laxheit aufgrund von Schwangerschaft, schnellem Gewichtsverlust oder Alterung vorgehen wollen. Eine Bauchdeckenstraffung verbessert nicht nur das Aussehen, sondern kann auch das Selbstvertrauen st\u00e4rken. Sie ist jedoch nicht f\u00fcr jede Person geeignet, weshalb es sehr wichtig ist, den richtigen Kandidaten zu finden.<\/span><\/p><h2><span style=\"font-weight: 400;\">Was ist eine Bauchstraffungsoperation?<\/span><\/h2><p><span style=\"font-weight: 400;\">Die Bauchdeckenstraffung, auch Abdominoplastik genannt, zielt darauf ab, ein flacheres, glatteres und j\u00fcngeres Aussehen zu erreichen, indem \u00fcbersch\u00fcssige Haut, Fett und Muskeln im Bauchbereich gestrafft werden. Die Operation wird bei Menschen durchgef\u00fchrt, die \u00fcber Erschlaffung, Laxheit und \u00fcbersch\u00fcssiges Fett im Bauchbereich klagen. Bei diesem Eingriff wird ein d\u00fcnner Schnitt im Unterbauch gemacht, \u00fcbersch\u00fcssige Haut und Fett werden entfernt, die Bauchmuskeln werden gestrafft und die Haut wird gedehnt. Dadurch erhalten die Patienten ein j\u00fcngeres und fitteres Aussehen.<\/span><\/p><h2><span style=\"font-weight: 400;\">F\u00fcr wen ist die Bauchdeckenstraffung geeignet?<\/span><\/h2><p><span style=\"font-weight: 400;\">Eine Bauchdeckenstraffung kann f\u00fcr Menschen geeignet sein, die in der Regel eine oder mehrere der folgenden Beschwerden haben:<\/span><\/p><p><span style=\"font-weight: 400;\">- Ver\u00e4nderungen nach der Schwangerschaft: Bei vielen Frauen treten nach einer Schwangerschaft Probleme wie Erschlaffung, Durchh\u00e4ngen und Dehnungsstreifen im Bauchbereich auf. Eine Bauchdeckenstraffung ist f\u00fcr Frauen geeignet, die diese Situation korrigieren und ein strafferes Aussehen des Bauches erreichen m\u00f6chten.<\/span><\/p><p><span style=\"font-weight: 400;\">- Nach schnellem Gewichtsverlust: Menschen, die aufgrund von Krankheiten wie Adipositas, bariatrischen Operationen oder Diabetes schnell an Gewicht verlieren, klagen oft \u00fcber \u00fcbersch\u00fcssige Haut und schlaffe Bauchpartien. Eine Bauchdeckenstraffung ist ideal, um diese Situation zu korrigieren.<\/span><\/p><p><span style=\"font-weight: 400;\">- Alterung und genetische Faktoren: Mit zunehmendem Alter kann die Elastizit\u00e4t der Haut abnehmen und es kann zu einer Erschlaffung im Bauchbereich kommen. Auch genetische Faktoren k\u00f6nnen zu einer Verschlechterung der K\u00f6rperform f\u00fchren. Eine Bauchdeckenstraffung eignet sich auch f\u00fcr Menschen, die diese Situationen bek\u00e4mpfen wollen.<\/span><\/p><h2><span style=\"font-weight: 400;\">Wie wird eine Bauchdeckenstraffung durchgef\u00fchrt?<\/span><\/h2><p><span style=\"font-weight: 400;\">Die Abdominoplastik wird unter Vollnarkose durchgef\u00fchrt. Der Chirurg macht einen d\u00fcnnen Schnitt im Unterbauch, entfernt \u00fcbersch\u00fcssiges Fett und strafft das Hautgewebe. Die Einzelheiten des Eingriffs k\u00f6nnen je nach den Bed\u00fcrfnissen der Person variieren. Wenn die Bauchmuskeln erschlafft sind, formt der Chirurg diese Muskeln neu, um die Bauchdecke zu straffen. Bei einigen Patienten kann auch eine Fettabsaugung durchgef\u00fchrt werden, um \u00fcbersch\u00fcssiges Fett zu entfernen und das Aussehen des Bauches weiter zu gl\u00e4tten.<\/span><\/p><h2><span style=\"font-weight: 400;\">Was sind die Vorteile einer Bauchdeckenstraffung?<\/span><\/h2><p><span style=\"font-weight: 400;\">Eine Bauchdeckenstraffung bietet eine Reihe von \u00e4sthetischen und gesundheitlichen Vorteilen. Hier sind die wichtigsten Vorteile:<\/span><\/p><p><span style=\"font-weight: 400;\">- Ein strafferes und flacheres Erscheinungsbild des Bauches: \u00dcbersch\u00fcssiges Fett, schlaffe Haut und lockere Muskeln werden korrigiert, was zu einem glatteren und strafferen Bauch f\u00fchrt.<\/span><\/p><p><span style=\"font-weight: 400;\">- Steigerung des Selbstbewusstseins: Personen, denen Ver\u00e4nderungen an ihrem K\u00f6rper nicht gefallen, k\u00f6nnen nach einer Bauchdeckenstraffung ein \u00e4sthetischeres Aussehen haben, was ihr Selbstvertrauen st\u00e4rkt.<\/span><\/p><p><span style=\"font-weight: 400;\">- Dauerhafte Ergebnisse: Bauchstraffungsoperationen f\u00fchren in der Regel zu dauerhaften Ergebnissen. Allerdings sollte ein gesunder Lebensstil beibehalten werden.<\/span><\/p><h2><span style=\"font-weight: 400;\">Genesungsprozess nach einer Bauchstraffungsoperation<\/span><\/h2><p><span style=\"font-weight: 400;\">Der Genesungsprozess nach einer Bauchdeckenstraffung kann je nach dem allgemeinen Gesundheitszustand des Patienten und der Gr\u00f6\u00dfe des Eingriffs variieren. Im Allgemeinen k\u00f6nnen die Patienten jedoch innerhalb von 1-2 Wochen zum normalen Leben zur\u00fcckkehren. W\u00e4hrend des Heilungsprozesses kann es einige Wochen lang zu Schwellungen, Bluterg\u00fcssen und Beschwerden kommen, die jedoch mit der Zeit zur\u00fcckgehen. Es kann mehrere Monate dauern, bis die Schwellungen vollst\u00e4ndig verschwunden sind. Das Wichtigste, worauf die Patienten in dieser Zeit achten sollten, ist, dass sie sich genau an die Empfehlungen des Chirurgen halten. K\u00f6rperliche Aktivit\u00e4ten sollten 4-6 Wochen lang eingeschr\u00e4nkt und schwere \u00dcbungen vermieden werden.<\/span><\/p><h2><span style=\"font-weight: 400;\">Wie hoch sind die Preise f\u00fcr eine Bauchdeckenstraffung?<\/span><\/h2><p><span style=\"font-weight: 400;\">Die Preise f\u00fcr eine Bauchdeckenstraffung k\u00f6nnen von vielen Faktoren abh\u00e4ngen. Faktoren wie die Klinik, in der die Operation durchgef\u00fchrt wird, die Erfahrung des Chirurgen, die Bed\u00fcrfnisse des Patienten und die geografische Lage k\u00f6nnen den Preis beeinflussen. Die Preise f\u00fcr eine Bauchdeckenstraffung sind oft hoch, aber die dauerhaften und zufriedenstellenden Ergebnisse, die nach diesem Eingriff erzielt werden, machen den Preis wett.<\/span><\/p><h2><span style=\"font-weight: 400;\">Wie sollte ich mich vor einer Bauchdeckenstraffung vorbereiten?<\/span><\/h2><p><span style=\"font-weight: 400;\">Vor der Bauchdeckenstraffung wird Ihnen Ihr Chirurg spezielle Anweisungen geben. Wenn Sie Raucher sind, wird Ihnen geraten, mit dem Rauchen aufzuh\u00f6ren, da Rauchen den Heilungsprozess negativ beeinflussen kann. Auch auf Blutverd\u00fcnner sollten Sie vor der Operation verzichten. Eine gesunde Ern\u00e4hrung und regelm\u00e4\u00dfige Bewegung k\u00f6nnen den Heilungsprozess beschleunigen.<\/span><\/p><h2><span style=\"font-weight: 400;\">Was ist nach einer Bauchdeckenstraffung zu beachten?<\/span><\/h2><p><span style=\"font-weight: 400;\">Nach einer Bauchdeckenstraffung gibt es einige wichtige Punkte, die w\u00e4hrend des Heilungsprozesses zu beachten sind:<\/span><\/p><p><span style=\"font-weight: 400;\">- Schlafen Sie nicht mit dem Kopf nach oben: Es wird empfohlen, mit dem Kopf nach oben zu schlafen, um Schwellungen zu reduzieren.<\/span><\/p><p><span style=\"font-weight: 400;\">- Langsam bewegen: Vermeiden Sie in den ersten Wochen des Heilungsprozesses schwere Bewegungen und \u00dcbungen.<\/span><\/p><p><span style=\"font-weight: 400;\">- Befolgen Sie die Anweisungen des Arztes: Befolgen Sie w\u00e4hrend des Heilungsprozesses sorgf\u00e4ltig die von Ihrem Chirurgen gegebenen Medikamente und Pflegeanweisungen.<\/span><\/p><p><span style=\"font-weight: 400;\">- Verbergen von Narben: Obwohl postoperative Narben mit der Zeit weniger auff\u00e4llig werden, sollten Sie darauf achten, dass sie nicht der Sonne ausgesetzt werden.<\/span><\/p><h2><span style=\"font-weight: 400;\">Unterschiede zwischen Bauchdeckenplastik und Fettabsaugung<\/span><\/h2><p><span style=\"font-weight: 400;\">Obwohl Bauchstraffung und Fettabsaugung oft miteinander verwechselt werden, handelt es sich um unterschiedliche Verfahren. W\u00e4hrend die Bauchdeckenstraffung darauf abzielt, die Haut und die Muskeln zu straffen, wird bei der Fettabsaugung nur das Fett entfernt. Die Fettabsaugung ist f\u00fcr Patienten geeignet, die \u00fcbersch\u00fcssiges Fett loswerden wollen, aber sie l\u00f6st keine Probleme wie Erschlaffung und Laxheit. Daher kann manchmal das beste Ergebnis durch eine Kombination beider Verfahren erzielt werden.<\/span><\/p><h2><span style=\"font-weight: 400;\">Ist eine Bauchdeckenstraffung dauerhaft?<\/span><\/h2><p><span style=\"font-weight: 400;\">Eine Bauchdeckenstraffung f\u00fchrt zu dauerhaften Ergebnissen, die jedoch von den Lebensgewohnheiten und der Einhaltung eines gesunden Gewichts abh\u00e4ngen. Faktoren wie Gewichtszunahme, Schwangerschaft oder Alterung k\u00f6nnen erneut zu Ver\u00e4nderungen im Bauchbereich f\u00fchren. Eine gesunde Ern\u00e4hrung und regelm\u00e4\u00dfige sportliche Bet\u00e4tigung nach einer Bauchdeckenstraffung tragen daher dazu bei, dass das Ergebnis lange erhalten bleibt.<\/span><\/p><h2><span style=\"font-weight: 400;\">Bleiben nach einer Bauchdeckenstraffung Narben zur\u00fcck?<\/span><\/h2><p><span style=\"font-weight: 400;\">Die Narben, die nach einer Bauchdeckenstraffung entstehen, befinden sich in der Regel im Unterbauch, versteckt in der Bikinizone. Diese Narben verblassen mit der Zeit und sind normalerweise nicht sehr auff\u00e4llig. Allerdings ist es wichtig, die Narben w\u00e4hrend des Heilungsprozesses vor Sonnenlicht zu sch\u00fctzen. Ihr Chirurg wird die am besten geeigneten Techniken anwenden, um die Narben zu minimieren.<\/span><\/p><h2><span style=\"font-weight: 400;\">Schwangerschaft nach einer Bauchstraffungsoperation<\/span><\/h2><p><span style=\"font-weight: 400;\">Es ist m\u00f6glich, nach einer Bauchdeckenstraffung schwanger zu werden, aber Ver\u00e4nderungen im Bauchbereich w\u00e4hrend der Schwangerschaft k\u00f6nnen die Wirkung der Bauchdeckenstraffung beeintr\u00e4chtigen. Wenn Sie in der Zukunft eine Schwangerschaft planen, k\u00f6nnen Sie diese Situation in Absprache mit Ihrem Chirurgen abw\u00e4gen. Eine Schwangerschaft nach einer Bauchdeckenstraffung kann bei einigen Patienten zu einer erneuten Lockerung und Erschlaffung des Bauches f\u00fchren.<\/span><\/p><h2><span style=\"font-weight: 400;\">Kann eine Bauchdeckenstraffung bei Dehnungsstreifen durchgef\u00fchrt werden?<\/span><\/h2><p><span style=\"font-weight: 400;\">Eine Bauchdeckenstraffung dient nicht direkt der Behandlung von Dehnungsstreifen, kann aber in einigen F\u00e4llen dazu beitragen, dass die Dehnungsstreifen weniger auff\u00e4llig werden. Da bei der Operation \u00fcbersch\u00fcssige Haut entfernt wird, k\u00f6nnen auch Dehnungsstreifen, insbesondere im Unterbauch, beseitigt werden. Es ist jedoch nicht m\u00f6glich, Dehnungsstreifen vollst\u00e4ndig zu entfernen. Der Zustand der Dehnungsstreifen h\u00e4ngt in der Regel von der Hautstruktur der Person und der Stelle ab, an der sich die Dehnungsstreifen befinden. Dehnungsstreifen entstehen in der Regel durch einen Riss des Bindegewebes unter der Haut und k\u00f6nnen durch eine kosmetische Operation beseitigt werden, eine vollst\u00e4ndige Heilung ist jedoch nicht zu erwarten.<\/span><\/p><h2><span style=\"font-weight: 400;\">Wird die Bauchdeckenstraffung im Sommer durchgef\u00fchrt?<\/span><\/h2><p><span style=\"font-weight: 400;\">Eine Bauchdeckenstraffung kann auch in den Sommermonaten durchgef\u00fchrt werden, aber Sonneneinstrahlung im Sommer kann den Heilungsprozess negativ beeinflussen. Das Sonnenlicht kann dazu f\u00fchren, dass sich die Narben verdunkeln und st\u00e4rker hervortreten. Wenn Sie also eine Operation im Sommer planen, ist es wichtig, dass Sie die von Ihrem Arzt empfohlenen Sonnenschutzma\u00dfnahmen befolgen, um die Narben w\u00e4hrend des postoperativen Heilungsprozesses zu sch\u00fctzen. Au\u00dferdem kann das Schwitzen bei hei\u00dfem Wetter den Heilungsprozess erschweren. Daher sollten Sie sich an einem k\u00fchlen Ort aufhalten und viel Wasser trinken, um die Heilung zu beschleunigen.<\/span><\/p>\t\t\t\t\t\t\t\t<\/div>\n\t\t\t\t<\/div>\n\t\t\t\t\t<\/div>\n\t\t\t\t<\/div>\n\t\t\t\t<\/div>","protected":false},"excerpt":{"rendered":"<p>Ortalama Kal\u0131\u015f S\u00fcresi 7 G\u00fcn Hastanede Yat\u0131\u015f S\u00fcresi 1 G\u00fcn Operasyon S\u00fcresi 2-4 Saat Anestezi T\u00fcr\u00fc Genel Anestezi \u0130yile\u015fme S\u00fcresi<\/p>","protected":false},"author":1,"featured_media":0,"parent":0,"menu_order":0,"comment_status":"closed","ping_status":"closed","template":"","meta":{"footnotes":""},"class_list":["post-27735","page","type-page","status-publish","hentry"],"_links":{"self":[{"href":"https:\/\/westestetik.com\/de\/wp-json\/wp\/v2\/pages\/27735","targetHints":{"allow":["GET"]}}],"collection":[{"href":"https:\/\/westestetik.com\/de\/wp-json\/wp\/v2\/pages"}],"about":[{"href":"https:\/\/westestetik.com\/de\/wp-json\/wp\/v2\/types\/page"}],"author":[{"embeddable":true,"href":"https:\/\/westestetik.com\/de\/wp-json\/wp\/v2\/users\/1"}],"replies":[{"embeddable":true,"href":"https:\/\/westestetik.com\/de\/wp-json\/wp\/v2\/comments?post=27735"}],"version-history":[{"count":7,"href":"https:\/\/westestetik.com\/de\/wp-json\/wp\/v2\/pages\/27735\/revisions"}],"predecessor-version":[{"id":28930,"href":"https:\/\/westestetik.com\/de\/wp-json\/wp\/v2\/pages\/27735\/revisions\/28930"}],"wp:attachment":[{"href":"https:\/\/westestetik.com\/de\/wp-json\/wp\/v2\/media?parent=27735"}],"curies":[{"name":"wp","href":"https:\/\/api.w.org\/{rel}","templated":true}]}}