{"id":27733,"date":"2024-12-02T22:36:24","date_gmt":"2024-12-02T22:36:24","guid":{"rendered":"https:\/\/westestetik.com\/?page_id=27733"},"modified":"2024-12-25T13:52:45","modified_gmt":"2024-12-25T13:52:45","slug":"liposaxin","status":"publish","type":"page","link":"https:\/\/westestetik.com\/de\/liposaxin\/","title":{"rendered":"Fettabsaugung"},"content":{"rendered":"<div data-elementor-type=\"wp-page\" data-elementor-id=\"27733\" class=\"elementor elementor-27733\" data-elementor-post-type=\"page\">\n\t\t\t\t<div class=\"elementor-element elementor-element-3244b786 e-con-full e-flex e-con e-parent\" data-id=\"3244b786\" data-element_type=\"container\">\n\t\t<div class=\"elementor-element elementor-element-138a9998 e-con-full e-flex e-con e-child\" data-id=\"138a9998\" data-element_type=\"container\">\n\t\t\t\t<div class=\"elementor-element elementor-element-3e13e957 elementor-widget elementor-widget-image\" data-id=\"3e13e957\" data-element_type=\"widget\" data-widget_type=\"image.default\">\n\t\t\t\t<div class=\"elementor-widget-container\">\n\t\t\t\t\t\t\t\t\t\t\t\t\t\t\t<img decoding=\"async\" width=\"100\" height=\"100\" src=\"https:\/\/westestetik.com\/wp-content\/uploads\/2024\/12\/1-4.png\" class=\"attachment-large size-large wp-image-28814\" alt=\"\" srcset=\"https:\/\/westestetik.com\/wp-content\/uploads\/2024\/12\/1-4.png 100w, https:\/\/westestetik.com\/wp-content\/uploads\/2024\/12\/1-4-12x12.png 12w\" sizes=\"(max-width: 100px) 100vw, 100px\" \/>\t\t\t\t\t\t\t\t\t\t\t\t\t\t\t<\/div>\n\t\t\t\t<\/div>\n\t\t\t\t<\/div>\n\t\t<div class=\"elementor-element elementor-element-50569076 e-con-full e-flex e-con e-child\" data-id=\"50569076\" data-element_type=\"container\">\n\t\t\t\t<div class=\"elementor-element elementor-element-aafafd8 elementor-widget elementor-widget-image\" data-id=\"aafafd8\" data-element_type=\"widget\" data-widget_type=\"image.default\">\n\t\t\t\t<div class=\"elementor-widget-container\">\n\t\t\t\t\t\t\t\t\t\t\t\t\t\t\t<img decoding=\"async\" width=\"100\" height=\"100\" src=\"https:\/\/westestetik.com\/wp-content\/uploads\/2024\/12\/2-5.png\" class=\"attachment-large size-large wp-image-28815\" alt=\"\" srcset=\"https:\/\/westestetik.com\/wp-content\/uploads\/2024\/12\/2-5.png 100w, https:\/\/westestetik.com\/wp-content\/uploads\/2024\/12\/2-5-12x12.png 12w\" sizes=\"(max-width: 100px) 100vw, 100px\" \/>\t\t\t\t\t\t\t\t\t\t\t\t\t\t\t<\/div>\n\t\t\t\t<\/div>\n\t\t\t\t<\/div>\n\t\t<div class=\"elementor-element elementor-element-4d5cb248 e-con-full e-flex e-con e-child\" data-id=\"4d5cb248\" data-element_type=\"container\">\n\t\t\t\t<div class=\"elementor-element elementor-element-77619d4c elementor-widget elementor-widget-image\" data-id=\"77619d4c\" data-element_type=\"widget\" data-widget_type=\"image.default\">\n\t\t\t\t<div class=\"elementor-widget-container\">\n\t\t\t\t\t\t\t\t\t\t\t\t\t\t\t<img decoding=\"async\" width=\"100\" height=\"100\" src=\"https:\/\/westestetik.com\/wp-content\/uploads\/2024\/12\/3-1.png\" class=\"attachment-large size-large wp-image-28816\" alt=\"\" srcset=\"https:\/\/westestetik.com\/wp-content\/uploads\/2024\/12\/3-1.png 100w, https:\/\/westestetik.com\/wp-content\/uploads\/2024\/12\/3-1-12x12.png 12w\" sizes=\"(max-width: 100px) 100vw, 100px\" \/>\t\t\t\t\t\t\t\t\t\t\t\t\t\t\t<\/div>\n\t\t\t\t<\/div>\n\t\t\t\t<\/div>\n\t\t<div class=\"elementor-element elementor-element-66a4ff65 e-con-full e-flex e-con e-child\" data-id=\"66a4ff65\" data-element_type=\"container\">\n\t\t\t\t<div class=\"elementor-element elementor-element-28c30c3e elementor-widget elementor-widget-image\" data-id=\"28c30c3e\" data-element_type=\"widget\" data-widget_type=\"image.default\">\n\t\t\t\t<div class=\"elementor-widget-container\">\n\t\t\t\t\t\t\t\t\t\t\t\t\t\t\t<img loading=\"lazy\" decoding=\"async\" width=\"100\" height=\"100\" src=\"https:\/\/westestetik.com\/wp-content\/uploads\/2024\/12\/4-1.png\" class=\"attachment-large size-large wp-image-28817\" alt=\"\" srcset=\"https:\/\/westestetik.com\/wp-content\/uploads\/2024\/12\/4-1.png 100w, https:\/\/westestetik.com\/wp-content\/uploads\/2024\/12\/4-1-12x12.png 12w\" sizes=\"(max-width: 100px) 100vw, 100px\" \/>\t\t\t\t\t\t\t\t\t\t\t\t\t\t\t<\/div>\n\t\t\t\t<\/div>\n\t\t\t\t<\/div>\n\t\t<div class=\"elementor-element elementor-element-a93f6c8 e-con-full e-flex e-con e-child\" data-id=\"a93f6c8\" data-element_type=\"container\">\n\t\t\t\t<div class=\"elementor-element elementor-element-7e478ee1 elementor-widget elementor-widget-image\" data-id=\"7e478ee1\" data-element_type=\"widget\" data-widget_type=\"image.default\">\n\t\t\t\t<div class=\"elementor-widget-container\">\n\t\t\t\t\t\t\t\t\t\t\t\t\t\t\t<img loading=\"lazy\" decoding=\"async\" width=\"100\" height=\"100\" src=\"https:\/\/westestetik.com\/wp-content\/uploads\/2024\/12\/5-1.png\" class=\"attachment-large size-large wp-image-28818\" alt=\"\" srcset=\"https:\/\/westestetik.com\/wp-content\/uploads\/2024\/12\/5-1.png 100w, https:\/\/westestetik.com\/wp-content\/uploads\/2024\/12\/5-1-12x12.png 12w\" sizes=\"(max-width: 100px) 100vw, 100px\" \/>\t\t\t\t\t\t\t\t\t\t\t\t\t\t\t<\/div>\n\t\t\t\t<\/div>\n\t\t\t\t<\/div>\n\t\t\t\t<\/div>\n\t\t<div class=\"wd-negative-gap elementor-element elementor-element-78e40d6 e-flex e-con-boxed e-con e-parent\" data-id=\"78e40d6\" data-element_type=\"container\">\n\t\t\t\t\t<div class=\"e-con-inner\">\n\t\t<div class=\"elementor-element elementor-element-6fe78a4c e-con-full e-flex e-con e-child\" data-id=\"6fe78a4c\" data-element_type=\"container\">\n\t\t\t\t<div class=\"elementor-element elementor-element-6f0c87ca wd-width-100 elementor-widget elementor-widget-wd_title\" data-id=\"6f0c87ca\" data-element_type=\"widget\" data-widget_type=\"wd_title.default\">\n\t\t\t\t<div class=\"elementor-widget-container\">\n\t\t\t\t\t\t\t<div class=\"title-wrapper set-mb-s reset-last-child wd-title-color-default wd-title-style-default wd-title-size-default text-center\">\n\n\t\t\t\t\t\t\t<div class=\"title-subtitle subtitle-color-default subtitle-style-default wd-fontsize-xs\">\n\t\t\t\t\tDurchschnittliche Dauer des Aufenthalts\t\t\t\t<\/div>\n\t\t\t\n\t\t\t<div class=\"liner-continer\">\n\t\t\t\t<p class=\"woodmart-title-container title wd-fontsize-l\">7 Tage<\/p> \n\t\t\t\t\t\t\t<\/div>\n\n\t\t\t\t\t<\/div>\n\t\t\t\t\t\t<\/div>\n\t\t\t\t<\/div>\n\t\t\t\t<\/div>\n\t\t<div class=\"elementor-element elementor-element-2d42033a e-con-full e-flex e-con e-child\" data-id=\"2d42033a\" data-element_type=\"container\">\n\t\t\t\t<div class=\"elementor-element elementor-element-50b8f8f1 wd-width-100 elementor-widget elementor-widget-wd_title\" data-id=\"50b8f8f1\" data-element_type=\"widget\" data-widget_type=\"wd_title.default\">\n\t\t\t\t<div class=\"elementor-widget-container\">\n\t\t\t\t\t\t\t<div class=\"title-wrapper set-mb-s reset-last-child wd-title-color-default wd-title-style-default wd-title-size-default text-center\">\n\n\t\t\t\t\t\t\t<div class=\"title-subtitle subtitle-color-default subtitle-style-default wd-fontsize-xs\">\n\t\t\t\t\tDauer des Krankenhausaufenthalts\t\t\t\t<\/div>\n\t\t\t\n\t\t\t<div class=\"liner-continer\">\n\t\t\t\t<p class=\"woodmart-title-container title wd-fontsize-l\">1 Tag<\/p> \n\t\t\t\t\t\t\t<\/div>\n\n\t\t\t\t\t<\/div>\n\t\t\t\t\t\t<\/div>\n\t\t\t\t<\/div>\n\t\t\t\t<\/div>\n\t\t<div class=\"elementor-element elementor-element-e5b7a36 e-con-full e-flex e-con e-child\" data-id=\"e5b7a36\" data-element_type=\"container\">\n\t\t\t\t<div class=\"elementor-element elementor-element-5a8d8feb wd-width-100 elementor-widget elementor-widget-wd_title\" data-id=\"5a8d8feb\" data-element_type=\"widget\" data-widget_type=\"wd_title.default\">\n\t\t\t\t<div class=\"elementor-widget-container\">\n\t\t\t\t\t\t\t<div class=\"title-wrapper set-mb-s reset-last-child wd-title-color-default wd-title-style-default wd-title-size-default text-center\">\n\n\t\t\t\t\t\t\t<div class=\"title-subtitle subtitle-color-default subtitle-style-default wd-fontsize-xs\">\n\t\t\t\t\tOperation Dauer\t\t\t\t<\/div>\n\t\t\t\n\t\t\t<div class=\"liner-continer\">\n\t\t\t\t<p class=\"woodmart-title-container title wd-fontsize-l\">2-4 Stunden<\/p> \n\t\t\t\t\t\t\t<\/div>\n\n\t\t\t\t\t<\/div>\n\t\t\t\t\t\t<\/div>\n\t\t\t\t<\/div>\n\t\t\t\t<\/div>\n\t\t<div class=\"elementor-element elementor-element-2cc81bc5 e-con-full e-flex e-con e-child\" data-id=\"2cc81bc5\" data-element_type=\"container\">\n\t\t\t\t<div class=\"elementor-element elementor-element-4a6b7590 wd-width-100 elementor-widget elementor-widget-wd_title\" data-id=\"4a6b7590\" data-element_type=\"widget\" data-widget_type=\"wd_title.default\">\n\t\t\t\t<div class=\"elementor-widget-container\">\n\t\t\t\t\t\t\t<div class=\"title-wrapper set-mb-s reset-last-child wd-title-color-default wd-title-style-default wd-title-size-default text-center\">\n\n\t\t\t\t\t\t\t<div class=\"title-subtitle subtitle-color-default subtitle-style-default wd-fontsize-xs\">\n\t\t\t\t\tAn\u00e4sthesie Typ\t\t\t\t<\/div>\n\t\t\t\n\t\t\t<div class=\"liner-continer\">\n\t\t\t\t<p class=\"woodmart-title-container title wd-fontsize-l\">Allgemeine An\u00e4sthesie<\/p> \n\t\t\t\t\t\t\t<\/div>\n\n\t\t\t\t\t<\/div>\n\t\t\t\t\t\t<\/div>\n\t\t\t\t<\/div>\n\t\t\t\t<\/div>\n\t\t<div class=\"elementor-element elementor-element-35556b38 e-con-full e-flex e-con e-child\" data-id=\"35556b38\" data-element_type=\"container\">\n\t\t\t\t<div class=\"elementor-element elementor-element-31a9a8c8 wd-width-100 elementor-widget elementor-widget-wd_title\" data-id=\"31a9a8c8\" data-element_type=\"widget\" data-widget_type=\"wd_title.default\">\n\t\t\t\t<div class=\"elementor-widget-container\">\n\t\t\t\t\t\t\t<div class=\"title-wrapper set-mb-s reset-last-child wd-title-color-default wd-title-style-default wd-title-size-default text-center\">\n\n\t\t\t\t\t\t\t<div class=\"title-subtitle subtitle-color-default subtitle-style-default wd-fontsize-xs\">\n\t\t\t\t\tErholungszeit\t\t\t\t<\/div>\n\t\t\t\n\t\t\t<div class=\"liner-continer\">\n\t\t\t\t<p class=\"woodmart-title-container title wd-fontsize-l\">1-2 Wochen<\/p> \n\t\t\t\t\t\t\t<\/div>\n\n\t\t\t\t\t<\/div>\n\t\t\t\t\t\t<\/div>\n\t\t\t\t<\/div>\n\t\t\t\t<\/div>\n\t\t\t\t\t<\/div>\n\t\t\t\t<\/div>\n\t\t<div class=\"wd-negative-gap elementor-element elementor-element-941de25 e-flex e-con-boxed e-con e-parent\" data-id=\"941de25\" data-element_type=\"container\">\n\t\t\t\t\t<div class=\"e-con-inner\">\n\t\t\t\t<div class=\"elementor-element elementor-element-5520e90 color-scheme-inherit text-left elementor-widget elementor-widget-text-editor\" data-id=\"5520e90\" data-element_type=\"widget\" data-widget_type=\"text-editor.default\">\n\t\t\t\t<div class=\"elementor-widget-container\">\n\t\t\t\t\t\t\t\t\t<p><span style=\"font-weight: 400;\">Die Fettabsaugung ist ein beliebtes chirurgisches Verfahren, um unerw\u00fcnschte Fettansammlungen im K\u00f6rper zu beseitigen und \u00e4sthetischere K\u00f6rperkonturen zu erreichen.\u00a0<\/span><\/p><h2><span style=\"font-weight: 400;\">Was ist Fettabsaugung und wie wird sie angewendet?<\/span><\/h2><p><span style=\"font-weight: 400;\">Bei der Fettabsaugung wird \u00fcbersch\u00fcssiges Fettgewebe im K\u00f6rper durch Absaugen mit speziellen Kan\u00fclen entfernt. Sie wird in der Regel unter \u00f6rtlicher Bet\u00e4ubung durchgef\u00fchrt, in einigen F\u00e4llen kann aber auch eine Vollnarkose verwendet werden. W\u00e4hrend des Eingriffs werden kleine Schnitte gesetzt und die Kan\u00fclen zur Fettentfernung eingef\u00fchrt. Die Kan\u00fclen ziehen die Fettzellen durch die Vakuumwirkung an und entfernen das unerw\u00fcnschte Fett aus dem K\u00f6rper. Die Fettabsaugung zielt nur auf Fettablagerungen in bestimmten Bereichen ab, so dass die K\u00f6rperkonturen glatter werden.<\/span><\/p><h2><span style=\"font-weight: 400;\">F\u00fcr wen ist die Liposuktion geeignet?<\/span><\/h2><p><span style=\"font-weight: 400;\">Die Fettabsaugung ist ein chirurgisches Verfahren, das f\u00fcr gesunde Personen geeignet ist. Allerdings ist dieses Verfahren nicht f\u00fcr Menschen mit \u00dcbergewicht geeignet. Die Fettabsaugung ist ideal f\u00fcr Personen, deren Body-Mass-Index (BMI) normal oder etwas niedriger ist. Au\u00dferdem ist die Fettabsaugung eine bessere L\u00f6sung f\u00fcr Personen, die regionale Fettdepots loswerden wollen und diese Fette nicht mit Sport und Di\u00e4t loswerden k\u00f6nnen. Die folgenden Erkrankungen k\u00f6nnen f\u00fcr eine Fettabsaugung geeignet sein:<\/span><\/p><ul><li><span style=\"font-weight: 400;\">Diejenigen, die an bestimmten Stellen ihres K\u00f6rpers Fettablagerungen haben,<\/span><\/li><li><span style=\"font-weight: 400;\">Personen mit geringem Gesamtk\u00f6rperfettanteil, aber mit \u00fcbersch\u00fcssigen Fettdepots in bestimmten Bereichen,<\/span><\/li><li><span style=\"font-weight: 400;\">Menschen mit guter Hautelastizit\u00e4t und gutem Allgemeinzustand.<\/span><\/li><\/ul><h2><span style=\"font-weight: 400;\">In welchen Bereichen kann eine Fettabsaugung durchgef\u00fchrt werden?<\/span><\/h2><p><span style=\"font-weight: 400;\">Die Fettabsaugung kann an fast allen K\u00f6rperstellen durchgef\u00fchrt werden. Zu den h\u00e4ufigsten Anwendungsgebieten geh\u00f6ren der Bauch, das Ges\u00e4\u00df, die Beine, die Taille, die Arme und die Kinnpartie. Die Fettabsaugung kann auch an d\u00fcnneren Stellen wie Fettablagerungen am R\u00fccken, im Nackenbereich, an den Innenseiten der Knie und sogar an den Armen durchgef\u00fchrt werden. Bei der Fettabsaugung wird \u00fcbersch\u00fcssiges Fett aus diesen Bereichen entfernt, wodurch die K\u00f6rperkonturen deutlicher hervortreten und ein \u00e4sthetisch ansprechenderes Aussehen entsteht.<\/span><\/p><h2><span style=\"font-weight: 400;\">Wie ist der Erholungsprozess nach einer Fettabsaugung?<\/span><\/h2><p><span style=\"font-weight: 400;\">Der Heilungsprozess nach einer Fettabsaugung kann von Person zu Person unterschiedlich sein. Im Allgemeinen kann es einige Tage nach dem Eingriff zu leichten Schwellungen, Bluterg\u00fcssen und Schmerzen kommen. In den ersten Tagen k\u00f6nnen die Patienten wieder ihren normalen T\u00e4tigkeiten nachgehen, aber es ist notwendig, sich einige Wochen lang zu schonen, um den Heilungsprozess zu beschleunigen. Schwellungen und Bluterg\u00fcsse gehen zur\u00fcck und verschwinden innerhalb weniger Wochen. Die vollst\u00e4ndige Genesung kann zwischen 1-3 Monaten dauern. Die Sichtbarkeit der Narben nach einer Fettabsaugung kann je nach Hauttyp und Heilungsprozess variieren. Au\u00dferdem kann das Tragen eines Korsetts oder einer Bandage, die der Arzt nach dem Eingriff empfiehlt, den Heilungsprozess beschleunigen.<\/span><\/p><h2><span style=\"font-weight: 400;\">Welche Fettdepots kann man mit einer Fettabsaugung loswerden?<\/span><\/h2><p><span style=\"font-weight: 400;\">Die Fettabsaugung ist eine wirksame Methode, um \u00fcbersch\u00fcssiges Fett, das sich an bestimmten K\u00f6rperstellen angesammelt hat, loszuwerden. Zu den am h\u00e4ufigsten angewendeten Bereichen geh\u00f6ren der Bauch, die Taille, die H\u00fcften, die Beine, unter dem Kinn, der R\u00fccken und die Arme. Das an diesen K\u00f6rperstellen angesammelte Fett kann manchmal nicht durch Sport und Di\u00e4t entfernt werden. Mit der Fettabsaugung lassen sich solche regionalen Fettdepots wirksam entfernen, und gleichzeitig erh\u00e4lt die Haut ein glatteres Aussehen.<\/span><\/p><h2><span style=\"font-weight: 400;\">Wie lange kann man nach einer Fettabsaugung nicht arbeiten gehen?<\/span><\/h2><p><span style=\"font-weight: 400;\">Der Genesungsprozess nach einer Fettabsaugung kann je nach den individuellen Faktoren variieren. Die meisten Patienten k\u00f6nnen innerhalb von 3 bis 5 Tagen nach dem Eingriff zu ihren normalen Aktivit\u00e4ten zur\u00fcckkehren. Es wird jedoch empfohlen, mit k\u00f6rperlichen Aktivit\u00e4ten wie T\u00e4tigkeiten, die eine \u00fcberm\u00e4\u00dfige Anstrengung erfordern, oder Sport noch etwa 2 bis 4 Wochen zu warten. Nach dem Eingriff k\u00f6nnen Schwellungen und Bluterg\u00fcsse einige Zeit in Anspruch nehmen, so dass w\u00e4hrend des Heilungsprozesses auf Ruhe geachtet werden muss.<\/span><\/p><h2><span style=\"font-weight: 400;\">Werden nach einer Liposuktion dauerhafte Ergebnisse erzielt?<\/span><\/h2><p><span style=\"font-weight: 400;\">Die nach einer Fettabsaugung erzielten Ergebnisse sind in der Regel dauerhaft. Es ist jedoch sehr wichtig, einen gesunden Lebensstil zu pflegen, um die Dauerhaftigkeit des Ergebnisses zu erhalten. Regelm\u00e4\u00dfige sportliche Bet\u00e4tigung, eine ausgewogene Ern\u00e4hrung und die Vermeidung einer \u00fcberm\u00e4\u00dfigen Gewichtszunahme sind der Schl\u00fcssel zum Erhalt des Ergebnisses nach einer Fettabsaugung. Die Fettabsaugung wird durchgef\u00fchrt, um regionale Fettdepots zu entfernen und die K\u00f6rperkonturen zu formen, aber der K\u00f6rper kann mit der Zeit wieder Fett einlagern.<\/span><\/p><h2><span style=\"font-weight: 400;\">Was sind die Unterschiede zwischen Fettabsaugung und Schlankheitskur?<\/span><\/h2><p><span style=\"font-weight: 400;\">Die Fettabsaugung ist keine Methode zur Gewichtsabnahme. W\u00e4hrend das Abnehmen darauf abzielt, am ganzen K\u00f6rper Fett zu verlieren, zielt die Fettabsaugung darauf ab, die K\u00f6rperkonturen zu formen, indem \u00fcbersch\u00fcssiges Fett nur an bestimmten Stellen entfernt wird. Die Fettabsaugung dient der Formgebung und nicht dem Fettabbau. Daher kann die Fettabsaugung eine ideale L\u00f6sung f\u00fcr Menschen sein, die regionales Fett loswerden wollen, das mit Sport und Di\u00e4t nicht erreicht werden kann.<\/span><\/p><h2><span style=\"font-weight: 400;\">Gibt es Schmerzen nach einer Fettabsaugungsoperation?<\/span><\/h2><p><span style=\"font-weight: 400;\">Die Fettabsaugung ist nicht schmerzhaft, da sie unter \u00f6rtlicher Bet\u00e4ubung durchgef\u00fchrt wird. Wenn die Bet\u00e4ubung nachl\u00e4sst, k\u00f6nnen einige Patienten leichte Schmerzen, Unbehagen oder Empfindlichkeit an der Eingriffsstelle versp\u00fcren. Diese Schmerzen sind jedoch in der Regel gering und k\u00f6nnen mit Schmerzmitteln unter Kontrolle gehalten werden. Die meisten Patienten sp\u00fcren innerhalb weniger Tage nach dem Eingriff eine Linderung. Das Ausma\u00df der Schmerzen und des Unbehagens kann je nach pers\u00f6nlicher Vertr\u00e4glichkeit und dem behandelten Bereich variieren.<\/span><\/p><h2><span style=\"font-weight: 400;\">Wird eine Fettabsaugung bei Erschlaffung durchgef\u00fchrt?<\/span><\/h2><p><span style=\"font-weight: 400;\">Die Fettabsaugung wird nicht zur Korrektur schlaffer Haut durchgef\u00fchrt. Dieses Verfahren zielt nur auf das Fettgewebe ab. Bei Personen mit geringer Hautelastizit\u00e4t kann es jedoch nach einer Fettabsaugung zu einer Hauterschlaffung kommen. Wenn Sie ein Problem mit erschlaffter Haut haben, k\u00f6nnen neben der Fettabsaugung auch Hautstraffungsbehandlungen oder andere \u00e4sthetische chirurgische Eingriffe (z. B. eine Bauchstraffung) in Betracht gezogen werden.<\/span><\/p><h2><span style=\"font-weight: 400;\">Wie viel Fett wird bei einer Liposuktion entfernt?<\/span><\/h2><p><span style=\"font-weight: 400;\">Die Menge an Fett, die bei einer Fettabsaugung entfernt werden kann, ist in der Regel auf 5 Liter begrenzt. Dies ist die Menge an Fett, die sicher entfernt werden kann. Eine h\u00f6here Fettaufnahme kann das Risiko von Komplikationen erh\u00f6hen. Die Fettabsaugung bietet eine wirksame L\u00f6sung, um unerw\u00fcnschtes K\u00f6rperfett zu entfernen, aber eine \u00fcberm\u00e4\u00dfige Fettaufnahme kann die Gesundheit gef\u00e4hrden. Die Menge an Fett, die bei dem Eingriff entfernt wird, richtet sich nach den Bed\u00fcrfnissen des Patienten.<\/span><\/p><h2><span style=\"font-weight: 400;\">Erneute Anwendung in zuvor fettabgesaugten Bereichen<\/span><\/h2><p><span style=\"font-weight: 400;\">Fettabgesaugte Bereiche k\u00f6nnen erneut behandelt werden. Je nachdem, wie viel Fett bei dem vorherigen Eingriff entfernt wurde und wie elastisch die Haut ist, kann ein zweiter Eingriff jedoch komplizierter sein. Der Zustand des Hautgewebes an den Stellen nach der Fettabsaugung ist ein wichtiger Faktor f\u00fcr einen zweiten Eingriff. Eine ausf\u00fchrliche Untersuchung mit Ihrem Arzt wird Ihnen jedoch helfen, die beste Methode f\u00fcr eine zweite Fettabsaugung zu finden.<\/span><\/p><h2><span style=\"font-weight: 400;\">Was sind die Risiken nach einer Fettabsaugung?<\/span><\/h2><p><span style=\"font-weight: 400;\">Obwohl die Fettabsaugung im Allgemeinen ein sicheres Verfahren ist, birgt sie wie jeder chirurgische Eingriff einige Risiken. Risiken wie Infektionen, Blutungen, \u00fcberm\u00e4\u00dfige Schwellungen, Hautunregelm\u00e4\u00dfigkeiten und Reaktionen auf die An\u00e4sthesie k\u00f6nnen, wenn auch selten, auftreten. Daher ist es sehr wichtig, dass die Fettabsaugung von einem erfahrenen Chirurgen durchgef\u00fchrt wird, um die Risiken zu minimieren.<\/span><\/p><p>\u00a0<\/p>\t\t\t\t\t\t\t\t<\/div>\n\t\t\t\t<\/div>\n\t\t\t\t\t<\/div>\n\t\t\t\t<\/div>\n\t\t\t\t<\/div>","protected":false},"excerpt":{"rendered":"<p>Ortalama Kal\u0131\u015f S\u00fcresi 7 G\u00fcn Hastanede Yat\u0131\u015f S\u00fcresi 1 G\u00fcn Operasyon S\u00fcresi 2-4 Saat Anestezi T\u00fcr\u00fc Genel Anestezi \u0130yile\u015fme S\u00fcresi<\/p>","protected":false},"author":1,"featured_media":0,"parent":0,"menu_order":0,"comment_status":"closed","ping_status":"closed","template":"","meta":{"footnotes":""},"class_list":["post-27733","page","type-page","status-publish","hentry"],"_links":{"self":[{"href":"https:\/\/westestetik.com\/de\/wp-json\/wp\/v2\/pages\/27733","targetHints":{"allow":["GET"]}}],"collection":[{"href":"https:\/\/westestetik.com\/de\/wp-json\/wp\/v2\/pages"}],"about":[{"href":"https:\/\/westestetik.com\/de\/wp-json\/wp\/v2\/types\/page"}],"author":[{"embeddable":true,"href":"https:\/\/westestetik.com\/de\/wp-json\/wp\/v2\/users\/1"}],"replies":[{"embeddable":true,"href":"https:\/\/westestetik.com\/de\/wp-json\/wp\/v2\/comments?post=27733"}],"version-history":[{"count":13,"href":"https:\/\/westestetik.com\/de\/wp-json\/wp\/v2\/pages\/27733\/revisions"}],"predecessor-version":[{"id":28926,"href":"https:\/\/westestetik.com\/de\/wp-json\/wp\/v2\/pages\/27733\/revisions\/28926"}],"wp:attachment":[{"href":"https:\/\/westestetik.com\/de\/wp-json\/wp\/v2\/media?parent=27733"}],"curies":[{"name":"wp","href":"https:\/\/api.w.org\/{rel}","templated":true}]}}