{"id":2,"date":"2024-11-24T21:12:22","date_gmt":"2024-11-24T21:12:22","guid":{"rendered":"https:\/\/westestetik.com\/?page_id=2"},"modified":"2025-11-13T12:50:47","modified_gmt":"2025-11-13T09:50:47","slug":"brasilianisches-butt-lifting","status":"publish","type":"page","link":"https:\/\/westestetik.com\/de\/brasilianisches-butt-lifting\/","title":{"rendered":"Brasilianisches Butt Lifting"},"content":{"rendered":"<div data-elementor-type=\"wp-page\" data-elementor-id=\"2\" class=\"elementor elementor-2\" data-elementor-post-type=\"page\">\n\t\t\t\t<div class=\"elementor-element elementor-element-2248839 e-con-full elementor-hidden-desktop elementor-hidden-tablet elementor-hidden-mobile e-flex e-con e-parent\" data-id=\"2248839\" data-element_type=\"container\">\n\t\t<div class=\"elementor-element elementor-element-abac388 e-con-full e-flex e-con e-child\" data-id=\"abac388\" data-element_type=\"container\">\n\t\t\t\t<div class=\"elementor-element elementor-element-0ad2d0e elementor-widget elementor-widget-image\" data-id=\"0ad2d0e\" data-element_type=\"widget\" data-widget_type=\"image.default\">\n\t\t\t\t<div class=\"elementor-widget-container\">\n\t\t\t\t\t\t\t\t\t\t\t\t\t\t\t<img decoding=\"async\" width=\"100\" height=\"100\" src=\"https:\/\/westestetik.com\/wp-content\/uploads\/2024\/12\/1-4.png\" class=\"attachment-large size-large wp-image-28814\" alt=\"\" srcset=\"https:\/\/westestetik.com\/wp-content\/uploads\/2024\/12\/1-4.png 100w, https:\/\/westestetik.com\/wp-content\/uploads\/2024\/12\/1-4-12x12.png 12w\" sizes=\"(max-width: 100px) 100vw, 100px\" \/>\t\t\t\t\t\t\t\t\t\t\t\t\t\t\t<\/div>\n\t\t\t\t<\/div>\n\t\t\t\t<\/div>\n\t\t<div class=\"elementor-element elementor-element-9da1567 e-con-full e-flex e-con e-child\" data-id=\"9da1567\" data-element_type=\"container\">\n\t\t\t\t<div class=\"elementor-element elementor-element-6dbcfd8 elementor-widget elementor-widget-image\" data-id=\"6dbcfd8\" data-element_type=\"widget\" data-widget_type=\"image.default\">\n\t\t\t\t<div class=\"elementor-widget-container\">\n\t\t\t\t\t\t\t\t\t\t\t\t\t\t\t<img decoding=\"async\" width=\"100\" height=\"100\" src=\"https:\/\/westestetik.com\/wp-content\/uploads\/2024\/12\/2-5.png\" class=\"attachment-large size-large wp-image-28815\" alt=\"\" srcset=\"https:\/\/westestetik.com\/wp-content\/uploads\/2024\/12\/2-5.png 100w, https:\/\/westestetik.com\/wp-content\/uploads\/2024\/12\/2-5-12x12.png 12w\" sizes=\"(max-width: 100px) 100vw, 100px\" \/>\t\t\t\t\t\t\t\t\t\t\t\t\t\t\t<\/div>\n\t\t\t\t<\/div>\n\t\t\t\t<\/div>\n\t\t<div class=\"elementor-element elementor-element-1d3f0f2 e-con-full e-flex e-con e-child\" data-id=\"1d3f0f2\" data-element_type=\"container\">\n\t\t\t\t<div class=\"elementor-element elementor-element-d042535 elementor-widget elementor-widget-image\" data-id=\"d042535\" data-element_type=\"widget\" data-widget_type=\"image.default\">\n\t\t\t\t<div class=\"elementor-widget-container\">\n\t\t\t\t\t\t\t\t\t\t\t\t\t\t\t<img decoding=\"async\" width=\"100\" height=\"100\" src=\"https:\/\/westestetik.com\/wp-content\/uploads\/2024\/12\/3-1.png\" class=\"attachment-large size-large wp-image-28816\" alt=\"\" srcset=\"https:\/\/westestetik.com\/wp-content\/uploads\/2024\/12\/3-1.png 100w, https:\/\/westestetik.com\/wp-content\/uploads\/2024\/12\/3-1-12x12.png 12w\" sizes=\"(max-width: 100px) 100vw, 100px\" \/>\t\t\t\t\t\t\t\t\t\t\t\t\t\t\t<\/div>\n\t\t\t\t<\/div>\n\t\t\t\t<\/div>\n\t\t<div class=\"elementor-element elementor-element-62a9ffa e-con-full e-flex e-con e-child\" data-id=\"62a9ffa\" data-element_type=\"container\">\n\t\t\t\t<div class=\"elementor-element elementor-element-62d54e5 elementor-widget elementor-widget-image\" data-id=\"62d54e5\" data-element_type=\"widget\" data-widget_type=\"image.default\">\n\t\t\t\t<div class=\"elementor-widget-container\">\n\t\t\t\t\t\t\t\t\t\t\t\t\t\t\t<img loading=\"lazy\" decoding=\"async\" width=\"100\" height=\"100\" src=\"https:\/\/westestetik.com\/wp-content\/uploads\/2024\/12\/4-1.png\" class=\"attachment-large size-large wp-image-28817\" alt=\"\" srcset=\"https:\/\/westestetik.com\/wp-content\/uploads\/2024\/12\/4-1.png 100w, https:\/\/westestetik.com\/wp-content\/uploads\/2024\/12\/4-1-12x12.png 12w\" sizes=\"(max-width: 100px) 100vw, 100px\" \/>\t\t\t\t\t\t\t\t\t\t\t\t\t\t\t<\/div>\n\t\t\t\t<\/div>\n\t\t\t\t<\/div>\n\t\t<div class=\"elementor-element elementor-element-bd14478 e-con-full e-flex e-con e-child\" data-id=\"bd14478\" data-element_type=\"container\">\n\t\t\t\t<div class=\"elementor-element elementor-element-b42437c elementor-widget elementor-widget-image\" data-id=\"b42437c\" data-element_type=\"widget\" data-widget_type=\"image.default\">\n\t\t\t\t<div class=\"elementor-widget-container\">\n\t\t\t\t\t\t\t\t\t\t\t\t\t\t\t<img loading=\"lazy\" decoding=\"async\" width=\"100\" height=\"100\" src=\"https:\/\/westestetik.com\/wp-content\/uploads\/2024\/12\/5-1.png\" class=\"attachment-large size-large wp-image-28818\" alt=\"\" srcset=\"https:\/\/westestetik.com\/wp-content\/uploads\/2024\/12\/5-1.png 100w, https:\/\/westestetik.com\/wp-content\/uploads\/2024\/12\/5-1-12x12.png 12w\" sizes=\"(max-width: 100px) 100vw, 100px\" \/>\t\t\t\t\t\t\t\t\t\t\t\t\t\t\t<\/div>\n\t\t\t\t<\/div>\n\t\t\t\t<\/div>\n\t\t\t\t<\/div>\n\t\t<div class=\"wd-negative-gap elementor-element elementor-element-9910031 elementor-hidden-desktop elementor-hidden-tablet elementor-hidden-mobile e-flex e-con-boxed e-con e-parent\" data-id=\"9910031\" data-element_type=\"container\">\n\t\t\t\t\t<div class=\"e-con-inner\">\n\t\t<div class=\"elementor-element elementor-element-5fd883c e-con-full e-flex e-con e-child\" data-id=\"5fd883c\" data-element_type=\"container\">\n\t\t\t\t<div class=\"elementor-element elementor-element-1949bb7 wd-width-100 elementor-widget elementor-widget-wd_title\" data-id=\"1949bb7\" data-element_type=\"widget\" data-widget_type=\"wd_title.default\">\n\t\t\t\t<div class=\"elementor-widget-container\">\n\t\t\t\t\t\t\t<div class=\"title-wrapper set-mb-s reset-last-child wd-title-color-default wd-title-style-default wd-title-size-default text-center\">\n\n\t\t\t\t\t\t\t<div class=\"title-subtitle subtitle-color-default subtitle-style-default wd-fontsize-xs\">\n\t\t\t\t\tDurchschnittliche Dauer des Aufenthalts\t\t\t\t<\/div>\n\t\t\t\n\t\t\t<div class=\"liner-continer\">\n\t\t\t\t<p class=\"woodmart-title-container title wd-fontsize-l\">7 Tage<\/p> \n\t\t\t\t\t\t\t<\/div>\n\n\t\t\t\t\t<\/div>\n\t\t\t\t\t\t<\/div>\n\t\t\t\t<\/div>\n\t\t\t\t<\/div>\n\t\t<div class=\"elementor-element elementor-element-8bd020d e-con-full e-flex e-con e-child\" data-id=\"8bd020d\" data-element_type=\"container\">\n\t\t\t\t<div class=\"elementor-element elementor-element-b6fd20c wd-width-100 elementor-widget elementor-widget-wd_title\" data-id=\"b6fd20c\" data-element_type=\"widget\" data-widget_type=\"wd_title.default\">\n\t\t\t\t<div class=\"elementor-widget-container\">\n\t\t\t\t\t\t\t<div class=\"title-wrapper set-mb-s reset-last-child wd-title-color-default wd-title-style-default wd-title-size-default text-center\">\n\n\t\t\t\t\t\t\t<div class=\"title-subtitle subtitle-color-default subtitle-style-default wd-fontsize-xs\">\n\t\t\t\t\tDauer des Krankenhausaufenthalts\t\t\t\t<\/div>\n\t\t\t\n\t\t\t<div class=\"liner-continer\">\n\t\t\t\t<p class=\"woodmart-title-container title wd-fontsize-l\">1 Tag<\/p> \n\t\t\t\t\t\t\t<\/div>\n\n\t\t\t\t\t<\/div>\n\t\t\t\t\t\t<\/div>\n\t\t\t\t<\/div>\n\t\t\t\t<\/div>\n\t\t<div class=\"elementor-element elementor-element-d436e22 e-con-full e-flex e-con e-child\" data-id=\"d436e22\" data-element_type=\"container\">\n\t\t\t\t<div class=\"elementor-element elementor-element-1187563 wd-width-100 elementor-widget elementor-widget-wd_title\" data-id=\"1187563\" data-element_type=\"widget\" data-widget_type=\"wd_title.default\">\n\t\t\t\t<div class=\"elementor-widget-container\">\n\t\t\t\t\t\t\t<div class=\"title-wrapper set-mb-s reset-last-child wd-title-color-default wd-title-style-default wd-title-size-default text-center\">\n\n\t\t\t\t\t\t\t<div class=\"title-subtitle subtitle-color-default subtitle-style-default wd-fontsize-xs\">\n\t\t\t\t\tOperation Dauer\t\t\t\t<\/div>\n\t\t\t\n\t\t\t<div class=\"liner-continer\">\n\t\t\t\t<p class=\"woodmart-title-container title wd-fontsize-l\">2-4 Stunden<\/p> \n\t\t\t\t\t\t\t<\/div>\n\n\t\t\t\t\t<\/div>\n\t\t\t\t\t\t<\/div>\n\t\t\t\t<\/div>\n\t\t\t\t<\/div>\n\t\t<div class=\"elementor-element elementor-element-daf07ca e-con-full e-flex e-con e-child\" data-id=\"daf07ca\" data-element_type=\"container\">\n\t\t\t\t<div class=\"elementor-element elementor-element-45e58a5 wd-width-100 elementor-widget elementor-widget-wd_title\" data-id=\"45e58a5\" data-element_type=\"widget\" data-widget_type=\"wd_title.default\">\n\t\t\t\t<div class=\"elementor-widget-container\">\n\t\t\t\t\t\t\t<div class=\"title-wrapper set-mb-s reset-last-child wd-title-color-default wd-title-style-default wd-title-size-default text-center\">\n\n\t\t\t\t\t\t\t<div class=\"title-subtitle subtitle-color-default subtitle-style-default wd-fontsize-xs\">\n\t\t\t\t\tAn\u00e4sthesie Typ\t\t\t\t<\/div>\n\t\t\t\n\t\t\t<div class=\"liner-continer\">\n\t\t\t\t<p class=\"woodmart-title-container title wd-fontsize-l\">Allgemeine An\u00e4sthesie<\/p> \n\t\t\t\t\t\t\t<\/div>\n\n\t\t\t\t\t<\/div>\n\t\t\t\t\t\t<\/div>\n\t\t\t\t<\/div>\n\t\t\t\t<\/div>\n\t\t<div class=\"elementor-element elementor-element-eab17bc e-con-full e-flex e-con e-child\" data-id=\"eab17bc\" data-element_type=\"container\">\n\t\t\t\t<div class=\"elementor-element elementor-element-39b24e1 wd-width-100 elementor-widget elementor-widget-wd_title\" data-id=\"39b24e1\" data-element_type=\"widget\" data-widget_type=\"wd_title.default\">\n\t\t\t\t<div class=\"elementor-widget-container\">\n\t\t\t\t\t\t\t<div class=\"title-wrapper set-mb-s reset-last-child wd-title-color-default wd-title-style-default wd-title-size-default text-center\">\n\n\t\t\t\t\t\t\t<div class=\"title-subtitle subtitle-color-default subtitle-style-default wd-fontsize-xs\">\n\t\t\t\t\tErholungszeit\t\t\t\t<\/div>\n\t\t\t\n\t\t\t<div class=\"liner-continer\">\n\t\t\t\t<p class=\"woodmart-title-container title wd-fontsize-l\">1-2 Wochen<\/p> \n\t\t\t\t\t\t\t<\/div>\n\n\t\t\t\t\t<\/div>\n\t\t\t\t\t\t<\/div>\n\t\t\t\t<\/div>\n\t\t\t\t<\/div>\n\t\t\t\t\t<\/div>\n\t\t\t\t<\/div>\n\t\t<div class=\"wd-negative-gap elementor-element elementor-element-1007d84 e-flex e-con-boxed e-con e-parent\" data-id=\"1007d84\" data-element_type=\"container\">\n\t\t\t\t\t<div class=\"e-con-inner\">\n\t\t\t\t<div class=\"elementor-element elementor-element-75a26f4 color-scheme-inherit text-left elementor-widget elementor-widget-text-editor\" data-id=\"75a26f4\" data-element_type=\"widget\" data-widget_type=\"text-editor.default\">\n\t\t\t\t<div class=\"elementor-widget-container\">\n\t\t\t\t\t\t\t\t\t<p class=\"p1\">Mit der brasilianischen Po-Lifting-\u00c4sthetik k\u00f6nnen Sie einen festeren, volleren und besser geformten Po erhalten. Dieses Verfahren verleiht Ihnen ein nat\u00fcrliches und \u00e4sthetisches Aussehen, indem es sich Ihren K\u00f6rperkonturen anpasst. Die von unseren erfahrenen plastischen Chirurgen durchgef\u00fchrte brasilianische Ges\u00e4\u00dfstraffung verhilft Ihnen zu einem j\u00fcngeren und dynamischeren Aussehen, indem sie Ihre H\u00fcften anhebt.<\/p><h2><span style=\"font-weight: 400;\">Wie wird die brasilianische Po-Lifting-Operation durchgef\u00fchrt?<\/span><\/h2><p><span style=\"font-weight: 400;\">Die brasilianische Po-Lifting-Operation ist einer der beliebtesten Eingriffe im Bereich der \u00c4sthetik, der mit der Methode des Fetttransfers (Lipofilling) durchgef\u00fchrt wird. Bei diesem Verfahren wird \u00fcbersch\u00fcssiges Fett aus bestimmten K\u00f6rperregionen auf das Ges\u00e4\u00df \u00fcbertragen. Die brasilianische Ges\u00e4\u00dfstraffung besteht aus zwei Phasen. In der ersten Phase wird \u00fcbersch\u00fcssiges Fett mit der Methode der Fettabsaugung entfernt. Dieses Fett, das in der Regel an der Taille, dem Bauch, den H\u00fcften oder den Innenseiten der Beine entnommen wird, wird in einem speziellen Verfahren gereinigt. Die gereinigten Fettzellen werden vorsichtig in den Po-Bereich injiziert.<\/span><\/p><p><span style=\"font-weight: 400;\">Bei der Fettinjektion achtet der Chirurg auf strategische Punkte, um dem Ges\u00e4\u00df ein pralles und nat\u00fcrliches Aussehen zu verleihen. Auf diese Weise wird das Ges\u00e4\u00df besser geformt und mit den K\u00f6rperkonturen in Einklang gebracht. Die brasilianische Ges\u00e4\u00dfstraffung wird in der Regel unter Vollnarkose durchgef\u00fchrt und dauert zwischen 2 und 4 Stunden. W\u00e4hrend des Eingriffs k\u00f6nnen gleichzeitig auch andere K\u00f6rperteile geformt werden, so dass der Po besser zur Geltung kommt.<\/span><\/p><h2><span style=\"font-weight: 400;\">Was sind die Vorteile des Brazilian Butt Lift?<\/span><\/h2><p><span style=\"font-weight: 400;\">Die brasilianische Po-Lifting-Operation bietet viele Vorteile im Vergleich zu anderen \u00e4sthetischen Verfahren:<\/span><\/p><ul><li><span style=\"font-weight: 400;\">Es sorgt f\u00fcr ein nat\u00fcrliches und \u00e4sthetisches Aussehen: Es vergr\u00f6\u00dfert die F\u00fclle Ihres Hinterns und harmonisiert mit Ihren K\u00f6rperkonturen.<\/span><\/li><li><span style=\"font-weight: 400;\">Sie formt den K\u00f6rper: Das bei der Fettabsaugung entfernte Fett l\u00e4sst die Taille und den Bauch schlanker werden, so dass Sie ein kurvenreicheres Aussehen erhalten.<\/span><\/li><li><span style=\"font-weight: 400;\">Sie bietet dauerhafte Ergebnisse: Langfristige Ergebnisse werden erzielt, wenn nach der Operation eine Gewichtskontrolle durchgef\u00fchrt wird.<\/span><\/li><li><span style=\"font-weight: 400;\">Es schafft eine nat\u00fcrliche F\u00fclle: Da Ihr eigenes Fettgewebe anstelle von F\u00fcllstoffen verwendet wird, wird ein Ergebnis erzielt, das vollst\u00e4ndig mit Ihrem K\u00f6rper kompatibel ist.<\/span><\/li><\/ul><p><span style=\"font-weight: 400;\">Diese Vorteile helfen Ihnen, Ihre K\u00f6rperproportionen zu optimieren und gleichzeitig Ihre \u00e4sthetischen Ziele zu verwirklichen.<\/span><\/p><h2><span style=\"font-weight: 400;\">Pr\u00e4operative Vorbereitung und Vorsichtsma\u00dfnahmen<\/span><\/h2><p><span style=\"font-weight: 400;\">Sie sollten die Anweisungen Ihres Chirurgen vor der brasilianischen Po-Lifting-Operation sorgf\u00e4ltig befolgen. Einige Vorbereitungen, die vor der brasilianischen Ges\u00e4\u00dfstraffung getroffen werden m\u00fcssen, sind die folgenden:<\/span><\/p><ul><li><span style=\"font-weight: 400;\">Wenn Sie rauchen, wird empfohlen, mindestens 4 Wochen vor der Operation mit dem Rauchen aufzuh\u00f6ren.<\/span><\/li><li><span style=\"font-weight: 400;\">Blutverd\u00fcnner sollten mindestens 10 Tage vor der Operation abgesetzt werden.<\/span><\/li><li><span style=\"font-weight: 400;\">Viel Wasser trinken und eine gesunde Ern\u00e4hrung bereiten Ihren K\u00f6rper auf die Operation vor.<\/span><\/li><\/ul><p><span style=\"font-weight: 400;\">Wenn Sie diese Schritte befolgen, k\u00f6nnen Sie den Vorgang reibungsloser abwickeln.<\/span><\/p><h2><span style=\"font-weight: 400;\">Wer ist f\u00fcr eine brasilianische Po-Lifting-Operation geeignet?<\/span><\/h2><p><span style=\"font-weight: 400;\">Die brasilianische Ges\u00e4\u00dfstraffung ist ideal f\u00fcr Menschen, die Probleme mit der F\u00fclle und Deformierung im Ges\u00e4\u00dfbereich haben. Wenn Ihr Po flach ist, schlaff h\u00e4ngt oder an Volumen verloren hat, k\u00f6nnte diese Operation f\u00fcr Sie geeignet sein. Es gibt jedoch einige Kriterien, die f\u00fcr eine solche Operation erf\u00fcllt sein m\u00fcssen:<\/span><\/p><ul><li><span style=\"font-weight: 400;\">Ausreichende Zufuhr von Fett in Ihrem K\u00f6rper.<\/span><\/li><li><span style=\"font-weight: 400;\">Sie sind bei guter allgemeiner Gesundheit.<\/span><\/li><li><span style=\"font-weight: 400;\">Die Elastizit\u00e4t Ihrer Haut ist so gro\u00df, dass sie die postoperative Form unterst\u00fctzt.<\/span><\/li><li><span style=\"font-weight: 400;\">Haben Sie realistische Erwartungen.<\/span><\/li><\/ul><p><span style=\"font-weight: 400;\">Wenn Sie sehr d\u00fcnn sind und nicht gen\u00fcgend Fettgewebe in Ihrem K\u00f6rper haben, ist eine brasilianische Po-Lifting-Operation m\u00f6glicherweise nicht f\u00fcr Sie geeignet. Stattdessen kann es notwendig sein, andere \u00e4sthetische Methoden in Betracht zu ziehen.<\/span><\/p><h2><span style=\"font-weight: 400;\">Erholungsprozess nach Brazilian Butt Lift<\/span><\/h2><p><span style=\"font-weight: 400;\">Der Erholungsprozess nach einer brasilianischen Ges\u00e4\u00dfstraffung ist ein Prozess, der sich direkt auf den Erfolg des Ergebnisses auswirkt. In den ersten Tagen benutzen die Patientinnen in der Regel ein spezielles Po-Kissen. Dieses Kissen erm\u00f6glicht es Ihnen, ohne direkten Druck auf Ihr Ges\u00e4\u00df zu sitzen.<\/span><\/p><p><span style=\"font-weight: 400;\">In den ersten Wochen k\u00f6nnen Nebenwirkungen wie Schwellungen und Bluterg\u00fcsse auftreten. Dies ist v\u00f6llig normal und verschwindet normalerweise innerhalb von 2-3 Wochen. Die folgenden Punkte sollten nach einer brasilianischen Po-Lifting-Operation beachtet werden:<\/span><\/p><ul><li><span style=\"font-weight: 400;\">Nach der Operation sollten Sie f\u00fcr 2-3 Wochen nicht direkt auf dem Ges\u00e4\u00df sitzen.<\/span><\/li><li><span style=\"font-weight: 400;\">In den ersten Wochen sollte die k\u00f6rperliche Aktivit\u00e4t eingeschr\u00e4nkt werden.<\/span><\/li><li><span style=\"font-weight: 400;\">Das Tragen eines Kompressionsmantels unterst\u00fctzt die Heilung der Operationsstelle und verringert die Schwellung.<\/span><\/li><\/ul><p><span style=\"font-weight: 400;\">Sonu\u00e7lar tam anlam\u0131yla 3-6 ay aras\u0131nda ortaya \u00e7\u0131kar. Bu s\u00fcre zarf\u0131nda, ya\u011f dokusunun %70-80\u2019i kal\u0131c\u0131 hale gelir.<\/span><\/p><h2><span style=\"font-weight: 400;\">Preise f\u00fcr brasilianische Po-Lifting-Operationen<\/span><\/h2><p><span style=\"font-weight: 400;\">Die Preise f\u00fcr eine brasilianische Ges\u00e4\u00dfstraffung h\u00e4ngen von vielen Faktoren ab. Die Erfahrung des Chirurgen, die Klinik, in der die Operation durchgef\u00fchrt wird, die verwendeten Techniken und die Anzahl der Bereiche, die w\u00e4hrend der Operation abgesaugt werden, sind die wichtigsten Faktoren, die den Preis beeinflussen. Dar\u00fcber hinaus ist auch die Menge des w\u00e4hrend des Eingriffs zu \u00fcbertragenden Fetts ein wichtiges Kriterium, das die Kosten bestimmt. Ohne eine individuelle Beurteilung ist es nicht m\u00f6glich, einen klaren Preis zu bestimmen. Aus diesem Grund k\u00f6nnen Sie sich im Rahmen einer ausf\u00fchrlichen Beratung \u00fcber den Preis informieren.<\/span><\/p>\t\t\t\t\t\t\t\t<\/div>\n\t\t\t\t<\/div>\n\t\t\t\t\t<\/div>\n\t\t\t\t<\/div>\n\t\t\t\t<\/div>","protected":false},"excerpt":{"rendered":"<p>Ortalama Kal\u0131\u015f S\u00fcresi 7 G\u00fcn Hastanede Yat\u0131\u015f S\u00fcresi 1 G\u00fcn Operasyon S\u00fcresi 2-4 Saat Anestezi T\u00fcr\u00fc Genel Anestezi \u0130yile\u015fme S\u00fcresi<\/p>","protected":false},"author":1,"featured_media":0,"parent":0,"menu_order":0,"comment_status":"closed","ping_status":"closed","template":"","meta":{"footnotes":""},"class_list":["post-2","page","type-page","status-publish","hentry"],"_links":{"self":[{"href":"https:\/\/westestetik.com\/de\/wp-json\/wp\/v2\/pages\/2","targetHints":{"allow":["GET"]}}],"collection":[{"href":"https:\/\/westestetik.com\/de\/wp-json\/wp\/v2\/pages"}],"about":[{"href":"https:\/\/westestetik.com\/de\/wp-json\/wp\/v2\/types\/page"}],"author":[{"embeddable":true,"href":"https:\/\/westestetik.com\/de\/wp-json\/wp\/v2\/users\/1"}],"replies":[{"embeddable":true,"href":"https:\/\/westestetik.com\/de\/wp-json\/wp\/v2\/comments?post=2"}],"version-history":[{"count":23,"href":"https:\/\/westestetik.com\/de\/wp-json\/wp\/v2\/pages\/2\/revisions"}],"predecessor-version":[{"id":31895,"href":"https:\/\/westestetik.com\/de\/wp-json\/wp\/v2\/pages\/2\/revisions\/31895"}],"wp:attachment":[{"href":"https:\/\/westestetik.com\/de\/wp-json\/wp\/v2\/media?parent=2"}],"curies":[{"name":"wp","href":"https:\/\/api.w.org\/{rel}","templated":true}]}}